{"id":4982,"date":"2025-03-31T13:07:54","date_gmt":"2025-03-31T13:07:54","guid":{"rendered":"https:\/\/www.miamedic.lt\/?post_type=product&#038;p=4982"},"modified":"2025-04-23T12:03:15","modified_gmt":"2025-04-23T12:03:15","slug":"natinuel-revinol-kremas","status":"publish","type":"product","link":"https:\/\/miamedic.lt\/en\/shop\/natinuel-revinol-kremas\/","title":{"rendered":"Natinuel REVINOL kremas"},"content":{"rendered":"<p class=\"\" data-start=\"0\" data-end=\"64\"><strong data-start=\"0\" data-end=\"23\">REVINOL NIGHT CREAM &#8211; <\/strong><strong data-start=\"26\" data-end=\"62\">Trigubo poveikio naktinis kremas<\/strong><\/p>\n<p class=\"\" data-start=\"0\" data-end=\"64\">REVINOL NIGHT CREAM \u2013 tai trigubo poveikio naktinis kremas, sukurtas kovoti su rauk\u0161l\u0117mis ir pagerinti odos atsinaujinim\u0105. \u0160is kremas padeda optimizuoti epidermio l\u0105steli\u0173 regeneracij\u0105, pagerina odos hidratacij\u0105 ir skatina jos atsinaujinim\u0105, i\u0161lygina bei suvienodina odos spalv\u0105.<\/p>\n<p class=\"\" data-start=\"364\" data-end=\"379\"><strong data-start=\"364\" data-end=\"377\">Effect:<\/strong><\/p>\n<ul data-start=\"380\" data-end=\"690\">\n<li class=\"\" data-start=\"380\" data-end=\"446\">\n<p class=\"\" data-start=\"382\" data-end=\"446\">Skatina epidermio l\u0105steli\u0173 atsinaujinim\u0105, gerina odos strukt\u016br\u0105.<\/p>\n<\/li>\n<li class=\"\" data-start=\"447\" data-end=\"488\">\n<p class=\"\" data-start=\"449\" data-end=\"488\">Pagerina odos hidratacij\u0105 ir dr\u0117kinim\u0105.<\/p>\n<\/li>\n<li class=\"\" data-start=\"489\" data-end=\"605\">\n<p class=\"\" data-start=\"491\" data-end=\"605\">Optimizuoja kolageno, elastino ir GAG (glikozaminoglikan\u0173) regeneracij\u0105, suteikdami odai stangrumo ir elastingumo.<\/p>\n<\/li>\n<li class=\"\" data-start=\"606\" data-end=\"690\">\n<p class=\"\" data-start=\"608\" data-end=\"690\">Atgaivina fibroblastus, kurie yra atsakingi u\u017e odos regeneracij\u0105 ir atsinaujinim\u0105.<\/p>\n<\/li>\n<\/ul>\n<p class=\"\" data-start=\"692\" data-end=\"841\"><strong data-start=\"692\" data-end=\"712\">Naudojimo b\u016bdas:<\/strong><br data-start=\"712\" data-end=\"715\" \/>Vakare, po odos valymo, u\u017etepkite pakankam\u0105 kiek\u012f kremo ant veido ir kaklo. \u0160velniai masa\u017euokite, kol kremas visi\u0161kai \u012fsigers.<\/p>\n<p class=\"\" data-start=\"843\" data-end=\"958\">\u0160is kremas pad\u0117s j\u016bs\u0173 odai atrodyti jaunatvi\u0161kai ir sveikai, suvienodins jos atspalv\u012f ir suteiks nat\u016bral\u0173 spindes\u012f.<\/p>","protected":false},"excerpt":{"rendered":"<p>Naktinis veido kremas<\/p>\n<p><strong>Natinuel products can only be purchased after a consultation.<\/strong><\/p>","protected":false},"featured_media":4983,"comment_status":"open","ping_status":"closed","template":"","meta":[],"product_cat":[180,129],"product_tag":[],"class_list":{"0":"post-4982","1":"product","2":"type-product","3":"status-publish","4":"has-post-thumbnail","6":"product_cat-naktiniai-kremai","7":"product_cat-veido-kremai","8":"pa_brands-natinuel","9":"pa_talpa-50ml-2","11":"first","12":"instock","13":"taxable","14":"shipping-taxable","15":"product-type-external"},"_links":{"self":[{"href":"https:\/\/miamedic.lt\/en\/wp-json\/wp\/v2\/product\/4982","targetHints":{"allow":["GET"]}}],"collection":[{"href":"https:\/\/miamedic.lt\/en\/wp-json\/wp\/v2\/product"}],"about":[{"href":"https:\/\/miamedic.lt\/en\/wp-json\/wp\/v2\/types\/product"}],"replies":[{"embeddable":true,"href":"https:\/\/miamedic.lt\/en\/wp-json\/wp\/v2\/comments?post=4982"}],"version-history":[{"count":2,"href":"https:\/\/miamedic.lt\/en\/wp-json\/wp\/v2\/product\/4982\/revisions"}],"predecessor-version":[{"id":6427,"href":"https:\/\/miamedic.lt\/en\/wp-json\/wp\/v2\/product\/4982\/revisions\/6427"}],"wp:featuredmedia":[{"embeddable":true,"href":"https:\/\/miamedic.lt\/en\/wp-json\/wp\/v2\/media\/4983"}],"wp:attachment":[{"href":"https:\/\/miamedic.lt\/en\/wp-json\/wp\/v2\/media?parent=4982"}],"wp:term":[{"taxonomy":"product_cat","embeddable":true,"href":"https:\/\/miamedic.lt\/en\/wp-json\/wp\/v2\/product_cat?post=4982"},{"taxonomy":"product_tag","embeddable":true,"href":"https:\/\/miamedic.lt\/en\/wp-json\/wp\/v2\/product_tag?post=4982"}],"curies":[{"name":"wp","href":"https:\/\/api.w.org\/{rel}","templated":true}]}}