{"id":4979,"date":"2025-03-31T13:02:58","date_gmt":"2025-03-31T13:02:58","guid":{"rendered":"https:\/\/www.miamedic.lt\/?post_type=product&#038;p=4979"},"modified":"2025-07-09T11:40:00","modified_gmt":"2025-07-09T11:40:00","slug":"natinuel-perfect-c","status":"publish","type":"product","link":"https:\/\/miamedic.lt\/en\/shop\/natinuel-perfect-c\/","title":{"rendered":"Natinuel Perfect C"},"content":{"rendered":"<p class=\"\" data-start=\"0\" data-end=\"72\"><strong data-start=\"0\" data-end=\"13\">PERFECT C &#8211; <\/strong><strong data-start=\"16\" data-end=\"70\">Daugiafunkcinis BB kremas su tonuojamuoju poveikiu<\/strong><\/p>\n<p class=\"\" data-start=\"0\" data-end=\"72\">PERFECT C \u2013 naujas daugiafunkcinis bioceutinis kremas, sukurtas tam, kad i\u0161 karto suaktyvint\u0173 biocheminius mechanizmus, atsakingus u\u017e melanino gamyb\u0105, bei palaikyt\u0173 optimal\u0173 fibroblast\u0173 aktyvum\u0105, garantuodamas stipr\u0173 antioksidacin\u012f poveik\u012f prie\u0161 laisvuosius radikalus. D\u0117l savo aktyvi\u0173 pigment\u0173, PERFECT C i\u0161kart pagerina estetin\u012f vaizd\u0105 ir sukuria tobul\u0105 makia\u017eo efekt\u0105 su lygia, vienoda odos spalva.<\/p>\n<p class=\"\" data-start=\"494\" data-end=\"749\">\u0160i hipoalergin\u0117 formul\u0117 tinka vis\u0173 tip\u0173 odai, net ir jautriausiai. Ji i\u0161lygina odos atspalv\u012f, paslepia smulkius netobulumus, tuo pa\u010diu dr\u0117kindama ir maitindama od\u0105. Aksomin\u0117 tekst\u016bra apsaugo nuo \u017ealing\u0173 UV spinduli\u0173, pasi\u017eym\u0117dama SPF 20 apsaugos faktoriu.<\/p>\n<p class=\"\" data-start=\"751\" data-end=\"766\"><strong data-start=\"751\" data-end=\"764\">Effect:<\/strong><\/p>\n<ul data-start=\"767\" data-end=\"1056\">\n<li class=\"\" data-start=\"767\" data-end=\"829\">\n<p class=\"\" data-start=\"769\" data-end=\"829\">Aktyvuoja melanino gamyb\u0105 ir palaiko fibroblast\u0173 aktyvum\u0105.<\/p>\n<\/li>\n<li class=\"\" data-start=\"830\" data-end=\"899\">\n<p class=\"\" data-start=\"832\" data-end=\"899\">Teikia stipr\u0173 antioksidacin\u012f poveik\u012f prie\u0161 laisvuosius radikalus.<\/p>\n<\/li>\n<li class=\"\" data-start=\"900\" data-end=\"962\">\n<p class=\"\" data-start=\"902\" data-end=\"962\">Pagerina estetin\u012f vaizd\u0105 ir sukuria tobul\u0105 makia\u017eo efekt\u0105.<\/p>\n<\/li>\n<li class=\"\" data-start=\"963\" data-end=\"1010\">\n<p class=\"\" data-start=\"965\" data-end=\"1010\">Dr\u0117kina, maitina ir i\u0161lygina odos pavir\u0161i\u0173.<\/p>\n<\/li>\n<li class=\"\" data-start=\"1011\" data-end=\"1056\">\n<p class=\"\" data-start=\"1013\" data-end=\"1056\">Apsaugo nuo UV spinduli\u0173 su SPF 20 apsauga.<\/p>\n<\/li>\n<\/ul>\n<p class=\"\" data-start=\"1058\" data-end=\"1346\"><strong data-start=\"1058\" data-end=\"1075\">Kaip naudoti:<\/strong><br data-start=\"1075\" data-end=\"1078\" \/>U\u017etepkite nedidel\u012f kiek\u012f PERFECT C kremo ant veido, kaklo ir dekolt\u0117 srities, \u0161velniai \u012fmasa\u017euokite, kol visi\u0161kai \u012fsigers. Kremas \u012fgauna pieno baltumo spalv\u0105, ta\u010diau po keli\u0173 sekund\u017ei\u0173 mikrokapsul\u0117s pradeda keisti spalv\u0105, puikiai susiliedamos su j\u016bs\u0173 odos atspalviu.<\/p>\n<p class=\"\" data-start=\"1348\" data-end=\"1469\"><strong data-start=\"1348\" data-end=\"1362\">\u012esp\u0117jimas:<\/strong><br data-start=\"1362\" data-end=\"1365\" \/>Kadangi kremo sud\u0117tyje yra retinalio, n\u0117\u0161tumo ir \u017eindymo laikotarpiu \u0161io kremo vartoti nerekomenduojama.<\/p>","protected":false},"excerpt":{"rendered":"<p>Daugiafunkcinis BB kremas<\/p>\n<p><strong>Natinuel products can only be purchased after a consultation.<\/strong><\/p>","protected":false},"featured_media":4980,"comment_status":"open","ping_status":"closed","template":"","meta":[],"product_cat":[305,181,129],"product_tag":[],"class_list":{"0":"post-4979","1":"product","2":"type-product","3":"status-publish","4":"has-post-thumbnail","6":"product_cat-bb-kremas","7":"product_cat-makiazo-pagrindas","8":"product_cat-veido-kremai","9":"pa_brands-natinuel","10":"pa_talpa-25ml","12":"first","13":"instock","14":"taxable","15":"shipping-taxable","16":"product-type-external"},"_links":{"self":[{"href":"https:\/\/miamedic.lt\/en\/wp-json\/wp\/v2\/product\/4979","targetHints":{"allow":["GET"]}}],"collection":[{"href":"https:\/\/miamedic.lt\/en\/wp-json\/wp\/v2\/product"}],"about":[{"href":"https:\/\/miamedic.lt\/en\/wp-json\/wp\/v2\/types\/product"}],"replies":[{"embeddable":true,"href":"https:\/\/miamedic.lt\/en\/wp-json\/wp\/v2\/comments?post=4979"}],"version-history":[{"count":2,"href":"https:\/\/miamedic.lt\/en\/wp-json\/wp\/v2\/product\/4979\/revisions"}],"predecessor-version":[{"id":10425,"href":"https:\/\/miamedic.lt\/en\/wp-json\/wp\/v2\/product\/4979\/revisions\/10425"}],"wp:featuredmedia":[{"embeddable":true,"href":"https:\/\/miamedic.lt\/en\/wp-json\/wp\/v2\/media\/4980"}],"wp:attachment":[{"href":"https:\/\/miamedic.lt\/en\/wp-json\/wp\/v2\/media?parent=4979"}],"wp:term":[{"taxonomy":"product_cat","embeddable":true,"href":"https:\/\/miamedic.lt\/en\/wp-json\/wp\/v2\/product_cat?post=4979"},{"taxonomy":"product_tag","embeddable":true,"href":"https:\/\/miamedic.lt\/en\/wp-json\/wp\/v2\/product_tag?post=4979"}],"curies":[{"name":"wp","href":"https:\/\/api.w.org\/{rel}","templated":true}]}}