{"id":4976,"date":"2025-03-31T12:56:24","date_gmt":"2025-03-31T12:56:24","guid":{"rendered":"https:\/\/www.miamedic.lt\/?post_type=product&#038;p=4976"},"modified":"2025-04-23T11:57:15","modified_gmt":"2025-04-23T11:57:15","slug":"hydra-moist-cream","status":"publish","type":"product","link":"https:\/\/miamedic.lt\/en\/shop\/hydra-moist-cream\/","title":{"rendered":"Hydra-Moist Cream"},"content":{"rendered":"<p class=\"\" data-start=\"0\" data-end=\"80\"><strong data-start=\"0\" data-end=\"32\">Natinuel HYDRA &#8211; MOIST CREAM &#8211; <\/strong><strong data-start=\"35\" data-end=\"78\">Dr\u0117kinamasis ir normalizuojantis kremas<\/strong><\/p>\n<p class=\"\" data-start=\"82\" data-end=\"786\"><strong data-start=\"82\" data-end=\"96\">Apra\u0161ymas:<\/strong><br data-start=\"96\" data-end=\"99\" \/>HYDRA &#8211; MOIST CERAM \u2013 tai pa\u017eangios molekulin\u0117s bioceutikos produktas, skirtas itin sausai, jautriai ir dehidratuotai odai. Kremas atitinka visus reikalavimus sausos odos prie\u017ei\u016brai, u\u017etikrinant ilgalaik\u012f dr\u0117kinim\u0105 ir regeneracij\u0105. Jo sud\u0117tyje yra daugyb\u0117 aktyvi\u0173 jungini\u0173, kurie veikdami sinergi\u0161kai stiprina vienas kit\u0105. Speciali molekulin\u0117 pl\u0117vel\u0117 (Lipomoist) padeda i\u0161laikyti dr\u0117gm\u0119 odoje, u\u017ekerta keli\u0105 jos praradimui, ir prisotina audin\u012f, didindama odos elastingum\u0105. Trij\u0173 aktyvi\u0173 komponent\u0173 kompleksas (glicerinas, j\u016bros vanduo ir raudonieji dumbliai) reguliuoja odos homeostaz\u0119, gerina strukt\u016brin\u012f sluoksni\u0173 tank\u012f, o saul\u0117s filtrai apsaugo nuo i\u0161saus\u0117jimo bei UV spinduli\u0173 \u017ealos.<\/p>\n<p class=\"\" data-start=\"788\" data-end=\"803\"><strong data-start=\"788\" data-end=\"801\">Effect:<\/strong><\/p>\n<ul data-start=\"804\" data-end=\"1051\">\n<li class=\"\" data-start=\"804\" data-end=\"846\">\n<p class=\"\" data-start=\"806\" data-end=\"846\">U\u017etikrina ilgalaik\u012f ir gil\u0173 dr\u0117kinim\u0105.<\/p>\n<\/li>\n<li class=\"\" data-start=\"847\" data-end=\"900\">\n<p class=\"\" data-start=\"849\" data-end=\"900\">Ma\u017eina dr\u0117gm\u0117s praradim\u0105 ir normalizuoja sausum\u0105.<\/p>\n<\/li>\n<li class=\"\" data-start=\"901\" data-end=\"945\">\n<p class=\"\" data-start=\"903\" data-end=\"945\">Stimuliuoja kolageno ir elastino gamyb\u0105.<\/p>\n<\/li>\n<li class=\"\" data-start=\"946\" data-end=\"994\">\n<p class=\"\" data-start=\"948\" data-end=\"994\">Apsaugo nuo i\u0161orini\u0173 veiksni\u0173, stiprina od\u0105.<\/p>\n<\/li>\n<li class=\"\" data-start=\"995\" data-end=\"1051\">\n<p class=\"\" data-start=\"997\" data-end=\"1051\">Oda tampa sudr\u0117kinta, tonizuota, aksomin\u0117 ir sveika.<\/p>\n<\/li>\n<\/ul>\n<p class=\"\" data-start=\"1053\" data-end=\"1184\"><strong data-start=\"1053\" data-end=\"1070\">Kaip naudoti:<\/strong><br data-start=\"1070\" data-end=\"1073\" \/>U\u017etepkite pakankam\u0105 produkto kiek\u012f ant viso veido pavir\u0161iaus. \u0160velniai masa\u017euokite, kol kremas pilnai susigers.<\/p>","protected":false},"excerpt":{"rendered":"<p>Dr\u0117kinamasis veido kremas<\/p>\n<p><strong>Natinuel products can only be purchased after a consultation.<\/strong><\/p>","protected":false},"featured_media":4977,"comment_status":"open","ping_status":"closed","template":"","meta":[],"product_cat":[180,129],"product_tag":[],"class_list":{"0":"post-4976","1":"product","2":"type-product","3":"status-publish","4":"has-post-thumbnail","6":"product_cat-naktiniai-kremai","7":"product_cat-veido-kremai","8":"pa_brands-natinuel","9":"pa_talpa-50ml-2","11":"first","12":"instock","13":"taxable","14":"shipping-taxable","15":"product-type-external"},"_links":{"self":[{"href":"https:\/\/miamedic.lt\/en\/wp-json\/wp\/v2\/product\/4976","targetHints":{"allow":["GET"]}}],"collection":[{"href":"https:\/\/miamedic.lt\/en\/wp-json\/wp\/v2\/product"}],"about":[{"href":"https:\/\/miamedic.lt\/en\/wp-json\/wp\/v2\/types\/product"}],"replies":[{"embeddable":true,"href":"https:\/\/miamedic.lt\/en\/wp-json\/wp\/v2\/comments?post=4976"}],"version-history":[{"count":2,"href":"https:\/\/miamedic.lt\/en\/wp-json\/wp\/v2\/product\/4976\/revisions"}],"predecessor-version":[{"id":6412,"href":"https:\/\/miamedic.lt\/en\/wp-json\/wp\/v2\/product\/4976\/revisions\/6412"}],"wp:featuredmedia":[{"embeddable":true,"href":"https:\/\/miamedic.lt\/en\/wp-json\/wp\/v2\/media\/4977"}],"wp:attachment":[{"href":"https:\/\/miamedic.lt\/en\/wp-json\/wp\/v2\/media?parent=4976"}],"wp:term":[{"taxonomy":"product_cat","embeddable":true,"href":"https:\/\/miamedic.lt\/en\/wp-json\/wp\/v2\/product_cat?post=4976"},{"taxonomy":"product_tag","embeddable":true,"href":"https:\/\/miamedic.lt\/en\/wp-json\/wp\/v2\/product_tag?post=4976"}],"curies":[{"name":"wp","href":"https:\/\/api.w.org\/{rel}","templated":true}]}}