{"id":4970,"date":"2025-03-31T12:48:54","date_gmt":"2025-03-31T12:48:54","guid":{"rendered":"https:\/\/www.miamedic.lt\/?post_type=product&#038;p=4970"},"modified":"2025-04-23T12:03:24","modified_gmt":"2025-04-23T12:03:24","slug":"natinuel-ultraton","status":"publish","type":"product","link":"https:\/\/miamedic.lt\/en\/shop\/natinuel-ultraton\/","title":{"rendered":"Natinuel Ultraton"},"content":{"rendered":"<p class=\"\" data-start=\"0\" data-end=\"66\"><strong data-start=\"0\" data-end=\"21\">Natinuel ULTRATON &#8211; <\/strong><strong data-start=\"24\" data-end=\"66\">Tonizuojantis kremas kaklui ir dekolte<\/strong><\/p>\n<p class=\"\" data-start=\"0\" data-end=\"66\">ULTRATON \u2013 tai specialiai sukurtas kremas kaklui ir dekolte sri\u010diai, skirtas kovai su \u0161iose vietose pasirei\u0161kian\u010diais sen\u0117jimo po\u017eymiais. Kaklo ir dekolte oda sensta taip pat greitai, kaip ir veido oda, ta\u010diau da\u017enai ji gauna ma\u017eiau d\u0117mesio. D\u0117l to gali greitai atsirasti rauk\u0161l\u0117s, suma\u017e\u0117ti odos elastingumas, tankumas ir stangrumas, o oda praranda sveik\u0105 spalv\u0105 ir tampa sausesn\u0117 bei \u0161iurk\u0161tesn\u0117. ULTRATON kremas su naujausiais peptidais ir bioaktyviais komponentais veiksmingai stimuliuoja od\u0105, atkuria jos strukt\u016br\u0105 ir regeneruoja epiderm\u012f bei giliuosius audinius.<\/p>\n<p class=\"\" data-start=\"654\" data-end=\"722\"><strong data-start=\"654\" data-end=\"667\">Effect:<\/strong><br data-start=\"667\" data-end=\"670\" \/>Reguliariai naudojant ULTRATON krem\u0105, pasteb\u0117site:<\/p>\n<ul data-start=\"723\" data-end=\"957\">\n<li class=\"\" data-start=\"723\" data-end=\"780\">\n<p class=\"\" data-start=\"725\" data-end=\"780\">Padid\u0117ja odos glaustumas, elastingumas ir stangrumas.<\/p>\n<\/li>\n<li class=\"\" data-start=\"781\" data-end=\"871\">\n<p class=\"\" data-start=\"783\" data-end=\"871\">Akivaizdus strukt\u016brinis odos pager\u0117jimas \u2013 ji tampa tankesn\u0117, mink\u0161tesn\u0117 ir glotnesn\u0117.<\/p>\n<\/li>\n<li class=\"\" data-start=\"872\" data-end=\"957\">\n<p class=\"\" data-start=\"874\" data-end=\"957\">Oda \u012fgauna sveik\u0105 spalv\u0105, rauk\u0161l\u0117s i\u0161silygina, o kaklas ir dekolte atrodo jaunesni.<\/p>\n<\/li>\n<\/ul>\n<p class=\"\" data-start=\"959\" data-end=\"1123\"><strong data-start=\"959\" data-end=\"976\">Kaip naudoti:<\/strong><br data-start=\"976\" data-end=\"979\" \/>Nedidel\u012f kiek\u012f produkto u\u017etepkite ant kaklo ir dekolte sri\u010di\u0173. \u0160velniai \u012fmasa\u017euokite, kol kremas pilnai \u012fsigers. Naudokite 1-2 kartus per dien\u0105.<\/p>","protected":false},"excerpt":{"rendered":"<p>Kremas kaklui ir dekolte<\/p>\n<p><strong>Natinuel products can only be purchased after a consultation.<\/strong><\/p>","protected":false},"featured_media":4971,"comment_status":"open","ping_status":"closed","template":"","meta":[],"product_cat":[129],"product_tag":[],"class_list":{"0":"post-4970","1":"product","2":"type-product","3":"status-publish","4":"has-post-thumbnail","6":"product_cat-veido-kremai","7":"pa_brands-natinuel","8":"pa_talpa-50ml-2","10":"first","11":"instock","12":"taxable","13":"shipping-taxable","14":"product-type-external"},"_links":{"self":[{"href":"https:\/\/miamedic.lt\/en\/wp-json\/wp\/v2\/product\/4970","targetHints":{"allow":["GET"]}}],"collection":[{"href":"https:\/\/miamedic.lt\/en\/wp-json\/wp\/v2\/product"}],"about":[{"href":"https:\/\/miamedic.lt\/en\/wp-json\/wp\/v2\/types\/product"}],"replies":[{"embeddable":true,"href":"https:\/\/miamedic.lt\/en\/wp-json\/wp\/v2\/comments?post=4970"}],"version-history":[{"count":5,"href":"https:\/\/miamedic.lt\/en\/wp-json\/wp\/v2\/product\/4970\/revisions"}],"predecessor-version":[{"id":6413,"href":"https:\/\/miamedic.lt\/en\/wp-json\/wp\/v2\/product\/4970\/revisions\/6413"}],"wp:featuredmedia":[{"embeddable":true,"href":"https:\/\/miamedic.lt\/en\/wp-json\/wp\/v2\/media\/4971"}],"wp:attachment":[{"href":"https:\/\/miamedic.lt\/en\/wp-json\/wp\/v2\/media?parent=4970"}],"wp:term":[{"taxonomy":"product_cat","embeddable":true,"href":"https:\/\/miamedic.lt\/en\/wp-json\/wp\/v2\/product_cat?post=4970"},{"taxonomy":"product_tag","embeddable":true,"href":"https:\/\/miamedic.lt\/en\/wp-json\/wp\/v2\/product_tag?post=4970"}],"curies":[{"name":"wp","href":"https:\/\/api.w.org\/{rel}","templated":true}]}}