{"id":4967,"date":"2025-03-31T12:44:47","date_gmt":"2025-03-31T12:44:47","guid":{"rendered":"https:\/\/www.miamedic.lt\/?post_type=product&#038;p=4967"},"modified":"2025-04-23T12:03:32","modified_gmt":"2025-04-23T12:03:32","slug":"natinuel-elisir","status":"publish","type":"product","link":"https:\/\/miamedic.lt\/en\/shop\/natinuel-elisir\/","title":{"rendered":"Natinuel Elisir"},"content":{"rendered":"<p class=\"\" data-start=\"0\" data-end=\"52\"><strong data-start=\"0\" data-end=\"19\">Natinuel ELISIR &#8211; <\/strong><strong data-start=\"22\" data-end=\"52\">Kremas prie\u0161 foto-sen\u0117jim\u0105<\/strong><\/p>\n<p class=\"\" data-start=\"0\" data-end=\"52\">ELISIR &#8211; tai trigubo poveikio kremas, sukurtas kovai su foto-sen\u0117jimu ir pa\u017eeidimais, kuriuos sukelia saul\u0117s spinduliai. \u0160is kremas yra idealus sprendimas odai, kuri patiria UV spinduli\u0173 \u017eal\u0105, atsirandant\u012f per laik\u0105. Saul\u0117s spinduliai ne tik sukelia pigmentini\u0173 d\u0117mi\u0173 atsiradim\u0105, bet ir sukelia gilius strukt\u016brinius odos poky\u010dius, kurie matomi da\u017eniausiai ant veido, kaklo, dekolt\u0117, deln\u0173, pe\u010di\u0173 ir koj\u0173. ELISIR kremas atkuria odos strukt\u016br\u0105 ir apsaugo j\u0105 nuo tolesnio pa\u017eeidimo, pagerina odos i\u0161vaizd\u0105 ir strukt\u016br\u0105, suteikdamas jai lygum\u0105, stangrum\u0105 ir skaistum\u0105.<\/p>\n<p class=\"\" data-start=\"637\" data-end=\"728\"><strong data-start=\"637\" data-end=\"650\">Effect:<\/strong><br data-start=\"650\" data-end=\"653\" \/>Reguliarus ELISIR kremo naudojimas padeda pasiekti akivaizd\u017ei\u0173 rezultat\u0173:<\/p>\n<ul data-start=\"729\" data-end=\"1029\">\n<li class=\"\" data-start=\"729\" data-end=\"799\">\n<p class=\"\" data-start=\"731\" data-end=\"799\">Atstatoma odos strukt\u016bra ir atsiranda stangrumas bei elastingumas.<\/p>\n<\/li>\n<li class=\"\" data-start=\"800\" data-end=\"859\">\n<p class=\"\" data-start=\"802\" data-end=\"859\">Oda tampa lygesn\u0117 ir \u0161vytinti, suvienod\u0117ja odos spalva.<\/p>\n<\/li>\n<li class=\"\" data-start=\"860\" data-end=\"937\">\n<p class=\"\" data-start=\"862\" data-end=\"937\">Rauk\u0161l\u0117s ir smulkios linijos i\u0161silygina, o odos tekst\u016bra tampa \u0161velnesn\u0117.<\/p>\n<\/li>\n<li class=\"\" data-start=\"938\" data-end=\"1029\">\n<p class=\"\" data-start=\"940\" data-end=\"1029\">Odos regeneracija vyksta greitai, atsirandant sveikai atrodan\u010diai ir jaunatvi\u0161kai odai.<\/p>\n<\/li>\n<\/ul>\n<p class=\"\" data-start=\"1031\" data-end=\"1195\"><strong data-start=\"1031\" data-end=\"1048\">Kaip naudoti:<\/strong><br data-start=\"1048\" data-end=\"1051\" \/>Nedidel\u012f kiek\u012f kremo u\u017etepkite ant sausos ir \u0161varios veido odos. \u0160velniai \u012fmasa\u017euokite, kol kremas pilnai \u012fsigers. Naudoti 1-2 kartus per dien\u0105.<\/p>","protected":false},"excerpt":{"rendered":"<p>Kremas prie\u0161 foto-sen\u0117jim\u0105<\/p>\n<p><strong>Natinuel products can only be purchased after a consultation.<\/strong><\/p>","protected":false},"featured_media":4968,"comment_status":"open","ping_status":"closed","template":"","meta":[],"product_cat":[180,129],"product_tag":[],"class_list":{"0":"post-4967","1":"product","2":"type-product","3":"status-publish","4":"has-post-thumbnail","6":"product_cat-naktiniai-kremai","7":"product_cat-veido-kremai","8":"pa_brands-natinuel","9":"pa_talpa-50ml-2","11":"first","12":"instock","13":"taxable","14":"shipping-taxable","15":"product-type-external"},"_links":{"self":[{"href":"https:\/\/miamedic.lt\/en\/wp-json\/wp\/v2\/product\/4967","targetHints":{"allow":["GET"]}}],"collection":[{"href":"https:\/\/miamedic.lt\/en\/wp-json\/wp\/v2\/product"}],"about":[{"href":"https:\/\/miamedic.lt\/en\/wp-json\/wp\/v2\/types\/product"}],"replies":[{"embeddable":true,"href":"https:\/\/miamedic.lt\/en\/wp-json\/wp\/v2\/comments?post=4967"}],"version-history":[{"count":2,"href":"https:\/\/miamedic.lt\/en\/wp-json\/wp\/v2\/product\/4967\/revisions"}],"predecessor-version":[{"id":6428,"href":"https:\/\/miamedic.lt\/en\/wp-json\/wp\/v2\/product\/4967\/revisions\/6428"}],"wp:featuredmedia":[{"embeddable":true,"href":"https:\/\/miamedic.lt\/en\/wp-json\/wp\/v2\/media\/4968"}],"wp:attachment":[{"href":"https:\/\/miamedic.lt\/en\/wp-json\/wp\/v2\/media?parent=4967"}],"wp:term":[{"taxonomy":"product_cat","embeddable":true,"href":"https:\/\/miamedic.lt\/en\/wp-json\/wp\/v2\/product_cat?post=4967"},{"taxonomy":"product_tag","embeddable":true,"href":"https:\/\/miamedic.lt\/en\/wp-json\/wp\/v2\/product_tag?post=4967"}],"curies":[{"name":"wp","href":"https:\/\/api.w.org\/{rel}","templated":true}]}}