{"id":4964,"date":"2025-03-31T12:39:07","date_gmt":"2025-03-31T12:39:07","guid":{"rendered":"https:\/\/www.miamedic.lt\/?post_type=product&#038;p=4964"},"modified":"2025-04-23T12:03:45","modified_gmt":"2025-04-23T12:03:45","slug":"natinuel-genage","status":"publish","type":"product","link":"https:\/\/miamedic.lt\/en\/shop\/natinuel-genage\/","title":{"rendered":"Natinuel Genage"},"content":{"rendered":"<p class=\"\" data-start=\"0\" data-end=\"46\"><strong data-start=\"0\" data-end=\"19\">Natinuel GENAGE &#8211; Jauninantis kremas veidui<\/strong><\/p>\n<p class=\"\" data-start=\"48\" data-end=\"647\"><strong data-start=\"48\" data-end=\"60\">Effect<\/strong><br data-start=\"60\" data-end=\"63\" \/>GENAGE yra aktyvaus poveikio jauninantis kremas, specialiai sukurtas brand\u017eiai odai. \u0160is kremas efektyviai kovoja su sen\u0117jimo po\u017eymiais: i\u0161saus\u0117jusia oda, pigmentin\u0117mis d\u0117m\u0117mis, rauk\u0161l\u0117mis, i\u0161sipl\u0117tusiomis poromis ir raudonio atsiradimu. Jo unikali formul\u0117 padeda stabilizuoti telomeras ir apsaugoti DNR, taip prailgindama l\u0105steli\u0173 gyvybingum\u0105. Tai leid\u017eia pasiekti matom\u0105 audinio pager\u0117jim\u0105 ir atjaun\u0117jim\u0105, kad oda atgaut\u0173 stangrum\u0105, elastingum\u0105 ir jaunatvi\u0161k\u0105 i\u0161vaizd\u0105. Naudojant \u0161\u012f krem\u0105, rauk\u0161l\u0117s ma\u017e\u0117ja, odos spalva tampa vienodesn\u0117, o i\u0161sipl\u0117tusios poros ir raudonis \u2013 suma\u017e\u0117ja.<\/p>\n<p class=\"\" data-start=\"649\" data-end=\"812\"><strong data-start=\"649\" data-end=\"665\">Kaip naudoti<\/strong><br data-start=\"665\" data-end=\"668\" \/>Nedidel\u012f kiek\u012f kremo u\u017etepkite ant \u0161varios ir sausos veido odos. \u0160velniai \u012fmasa\u017euokite, kol kremas pilnai \u012fsigers. Naudoti 1-2 kartus per dien\u0105.<\/p>","protected":false},"excerpt":{"rendered":"<p>Jauninantis kremas<\/p>\n<p><strong>Natinuel products can only be purchased after a consultation.<\/strong><\/p>","protected":false},"featured_media":4965,"comment_status":"open","ping_status":"closed","template":"","meta":[],"product_cat":[139,129],"product_tag":[],"class_list":{"0":"post-4964","1":"product","2":"type-product","3":"status-publish","4":"has-post-thumbnail","6":"product_cat-dekolte","7":"product_cat-veido-kremai","8":"pa_brands-natinuel","9":"pa_talpa-50ml-2","11":"first","12":"instock","13":"taxable","14":"shipping-taxable","15":"product-type-external"},"_links":{"self":[{"href":"https:\/\/miamedic.lt\/en\/wp-json\/wp\/v2\/product\/4964","targetHints":{"allow":["GET"]}}],"collection":[{"href":"https:\/\/miamedic.lt\/en\/wp-json\/wp\/v2\/product"}],"about":[{"href":"https:\/\/miamedic.lt\/en\/wp-json\/wp\/v2\/types\/product"}],"replies":[{"embeddable":true,"href":"https:\/\/miamedic.lt\/en\/wp-json\/wp\/v2\/comments?post=4964"}],"version-history":[{"count":2,"href":"https:\/\/miamedic.lt\/en\/wp-json\/wp\/v2\/product\/4964\/revisions"}],"predecessor-version":[{"id":6398,"href":"https:\/\/miamedic.lt\/en\/wp-json\/wp\/v2\/product\/4964\/revisions\/6398"}],"wp:featuredmedia":[{"embeddable":true,"href":"https:\/\/miamedic.lt\/en\/wp-json\/wp\/v2\/media\/4965"}],"wp:attachment":[{"href":"https:\/\/miamedic.lt\/en\/wp-json\/wp\/v2\/media?parent=4964"}],"wp:term":[{"taxonomy":"product_cat","embeddable":true,"href":"https:\/\/miamedic.lt\/en\/wp-json\/wp\/v2\/product_cat?post=4964"},{"taxonomy":"product_tag","embeddable":true,"href":"https:\/\/miamedic.lt\/en\/wp-json\/wp\/v2\/product_tag?post=4964"}],"curies":[{"name":"wp","href":"https:\/\/api.w.org\/{rel}","templated":true}]}}