{"id":4960,"date":"2025-03-31T12:34:09","date_gmt":"2025-03-31T12:34:09","guid":{"rendered":"https:\/\/www.miamedic.lt\/?post_type=product&#038;p=4960"},"modified":"2025-03-31T12:34:09","modified_gmt":"2025-03-31T12:34:09","slug":"natinuel-spot-22","status":"publish","type":"product","link":"https:\/\/miamedic.lt\/en\/shop\/natinuel-spot-22\/","title":{"rendered":"Natinuel Spot 22"},"content":{"rendered":"<p class=\"\" data-start=\"0\" data-end=\"57\"><strong data-start=\"0\" data-end=\"20\">Natinuel SPOT 22 &#8211; k<\/strong><strong data-start=\"23\" data-end=\"55\">remas nuo pigmentini\u0173 d\u0117mi\u0173<\/strong><\/p>\n<p class=\"\" data-start=\"77\" data-end=\"616\"><strong data-start=\"77\" data-end=\"89\">Effect<\/strong><br data-start=\"89\" data-end=\"92\" \/>SPOT 22 kremas nuo pigmentacijos yra specialiai sukurtas kovai su pigmentin\u0117mis d\u0117m\u0117mis ir odos spalvos netolygumais. Kremo formul\u0117 pasi\u017eymi dideliu biologiniu aktyvumu, tod\u0117l veikia \u012fvairiapusi\u0161kai: normalizuoja melanino gamybos procesus, stimuliuoja keratinocit\u0173 mainus ir spartina l\u0105steli\u0173 eliminacij\u0105 su hiperpigmentacija. Reguliarus \u0161io kremo naudojimas padeda i\u0161lyginti odos spalv\u0105, ma\u017eina pigmentines d\u0117mes ir suteikia odai stangrumo bei sveik\u0105 i\u0161vaizd\u0105. Oda tampa lygesn\u0117, o melanino gamybos procesai \u2013 subalansuoti.<\/p>\n<p class=\"\" data-start=\"618\" data-end=\"772\"><strong data-start=\"618\" data-end=\"634\">Kaip naudoti<\/strong><br data-start=\"634\" data-end=\"637\" \/>U\u017etepkite nedidel\u012f kiek\u012f kremo ant \u0161varios ir sausos odos tiesiai ant pigmentini\u0173 d\u0117mi\u0173. \u0160velniai \u012fmasa\u017euokite. Naudoti ryte ir vakare.<\/p>","protected":false},"excerpt":{"rendered":"<p>Kremas nuo pigmentini\u0173 d\u0117mi\u0173<\/p>\n<p><strong>Natinuel products can only be purchased after a consultation.<\/strong><\/p>","protected":false},"featured_media":4961,"comment_status":"open","ping_status":"closed","template":"","meta":[],"product_cat":[129],"product_tag":[],"class_list":{"0":"post-4960","1":"product","2":"type-product","3":"status-publish","4":"has-post-thumbnail","6":"product_cat-veido-kremai","7":"pa_brands-natinuel","8":"pa_talpa-15ml","10":"first","11":"instock","12":"taxable","13":"shipping-taxable","14":"product-type-external"},"_links":{"self":[{"href":"https:\/\/miamedic.lt\/en\/wp-json\/wp\/v2\/product\/4960","targetHints":{"allow":["GET"]}}],"collection":[{"href":"https:\/\/miamedic.lt\/en\/wp-json\/wp\/v2\/product"}],"about":[{"href":"https:\/\/miamedic.lt\/en\/wp-json\/wp\/v2\/types\/product"}],"replies":[{"embeddable":true,"href":"https:\/\/miamedic.lt\/en\/wp-json\/wp\/v2\/comments?post=4960"}],"version-history":[{"count":1,"href":"https:\/\/miamedic.lt\/en\/wp-json\/wp\/v2\/product\/4960\/revisions"}],"predecessor-version":[{"id":4962,"href":"https:\/\/miamedic.lt\/en\/wp-json\/wp\/v2\/product\/4960\/revisions\/4962"}],"wp:featuredmedia":[{"embeddable":true,"href":"https:\/\/miamedic.lt\/en\/wp-json\/wp\/v2\/media\/4961"}],"wp:attachment":[{"href":"https:\/\/miamedic.lt\/en\/wp-json\/wp\/v2\/media?parent=4960"}],"wp:term":[{"taxonomy":"product_cat","embeddable":true,"href":"https:\/\/miamedic.lt\/en\/wp-json\/wp\/v2\/product_cat?post=4960"},{"taxonomy":"product_tag","embeddable":true,"href":"https:\/\/miamedic.lt\/en\/wp-json\/wp\/v2\/product_tag?post=4960"}],"curies":[{"name":"wp","href":"https:\/\/api.w.org\/{rel}","templated":true}]}}