{"id":4957,"date":"2025-03-31T12:26:46","date_gmt":"2025-03-31T12:26:46","guid":{"rendered":"https:\/\/www.miamedic.lt\/?post_type=product&#038;p=4957"},"modified":"2025-03-31T12:26:46","modified_gmt":"2025-03-31T12:26:46","slug":"natinuel-the-look","status":"publish","type":"product","link":"https:\/\/miamedic.lt\/en\/shop\/natinuel-the-look\/","title":{"rendered":"Natinuel The Look"},"content":{"rendered":"<p class=\"\" data-start=\"0\" data-end=\"41\"><strong data-start=\"0\" data-end=\"21\">Natinuel THE LOOK &#8211;<\/strong> tai naujos kartos bioceutinis preparatas, sukurtas siekiant atgaivinti ir jauninti od\u0105 aplink akis. Kremo formul\u0117je naudojami trys specialiai parinkti biopeptidai, kurie veiksmingai ma\u017eina mimikos rauk\u0161les, \u0161velnias linijas ir paaki\u0173 mai\u0161elius. Preparatas veikia kaip botokso efektas, ma\u017eindamas raumen\u0173 l\u0105steli\u0173 spazmus ir suteikdamas akivaizd\u0173 liftingo poveik\u012f. Naudojant \u0161\u012f krem\u0105, oda aplink akis tampa stangresn\u0117, lygesn\u0117, o \u017evilgsnis atgauna jaunatvi\u0161k\u0105 \u0161vyt\u0117jim\u0105.<\/p>\n<p class=\"\" data-start=\"540\" data-end=\"682\"><strong data-start=\"540\" data-end=\"556\">Kaip naudoti<\/strong><br data-start=\"556\" data-end=\"559\" \/>Nedidel\u012f kiek\u012f produkto u\u017etepti ant \u0161varios ir sausos odos po akimis (ant vir\u0161utinio voko netepti). Naudoti ryte ir vakare.<\/p>","protected":false},"excerpt":{"rendered":"<p>Paaki\u0173 kremas<\/p>\n<p><strong>Natinuel products can only be purchased after a consultation.<\/strong><\/p>","protected":false},"featured_media":4958,"comment_status":"open","ping_status":"closed","template":"","meta":[],"product_cat":[83],"product_tag":[],"class_list":{"0":"post-4957","1":"product","2":"type-product","3":"status-publish","4":"has-post-thumbnail","6":"product_cat-paakiu-kremai","7":"pa_brands-natinuel","8":"pa_talpa-15ml","10":"first","11":"instock","12":"taxable","13":"shipping-taxable","14":"product-type-external"},"_links":{"self":[{"href":"https:\/\/miamedic.lt\/en\/wp-json\/wp\/v2\/product\/4957","targetHints":{"allow":["GET"]}}],"collection":[{"href":"https:\/\/miamedic.lt\/en\/wp-json\/wp\/v2\/product"}],"about":[{"href":"https:\/\/miamedic.lt\/en\/wp-json\/wp\/v2\/types\/product"}],"replies":[{"embeddable":true,"href":"https:\/\/miamedic.lt\/en\/wp-json\/wp\/v2\/comments?post=4957"}],"version-history":[{"count":1,"href":"https:\/\/miamedic.lt\/en\/wp-json\/wp\/v2\/product\/4957\/revisions"}],"predecessor-version":[{"id":4959,"href":"https:\/\/miamedic.lt\/en\/wp-json\/wp\/v2\/product\/4957\/revisions\/4959"}],"wp:featuredmedia":[{"embeddable":true,"href":"https:\/\/miamedic.lt\/en\/wp-json\/wp\/v2\/media\/4958"}],"wp:attachment":[{"href":"https:\/\/miamedic.lt\/en\/wp-json\/wp\/v2\/media?parent=4957"}],"wp:term":[{"taxonomy":"product_cat","embeddable":true,"href":"https:\/\/miamedic.lt\/en\/wp-json\/wp\/v2\/product_cat?post=4957"},{"taxonomy":"product_tag","embeddable":true,"href":"https:\/\/miamedic.lt\/en\/wp-json\/wp\/v2\/product_tag?post=4957"}],"curies":[{"name":"wp","href":"https:\/\/api.w.org\/{rel}","templated":true}]}}