{"id":4954,"date":"2025-03-31T12:20:34","date_gmt":"2025-03-31T12:20:34","guid":{"rendered":"https:\/\/www.miamedic.lt\/?post_type=product&#038;p=4954"},"modified":"2025-04-23T12:03:59","modified_gmt":"2025-04-23T12:03:59","slug":"firmin-up-40","status":"publish","type":"product","link":"https:\/\/miamedic.lt\/en\/shop\/firmin-up-40\/","title":{"rendered":"Firmin Up 40+"},"content":{"rendered":"<p class=\"\" data-start=\"0\" data-end=\"577\"><strong data-start=\"0\" data-end=\"26\">Natinuel FIRMIN UP 40+ &#8211;<\/strong>\u00a0atjauninantis, stangrinantis ir lyginantis kremas, sukurtas specialiai normaliai odai. Tai multiaktyvus regeneruojantis kremas, kuris suteikia intensyv\u0173 stangrinant\u012f poveik\u012f, padeda sul\u0117tinti glikacijos proces\u0105 ir mink\u0161tina kolageno skaidulas, skatinan\u010dias aktyv\u0173 atsinaujinim\u0105 giluminiuose odos sluoksniuose. Kremo sud\u0117tyje esan\u010dios technologijos padidina odos plasti\u0161kum\u0105, kompakti\u0161kum\u0105 ir tank\u012f, suteikdamos ilgalaik\u012f u\u017epildymo efekt\u0105, tod\u0117l jis yra puikus pasirinkimas kovojant su hormon\u0173 tr\u016bkumu menopauz\u0117s metu.<\/p>\n<p class=\"\" data-start=\"579\" data-end=\"593\"><strong data-start=\"579\" data-end=\"591\">Effect<\/strong><\/p>\n<ul data-start=\"594\" data-end=\"824\">\n<li class=\"\" data-start=\"594\" data-end=\"630\">\n<p class=\"\" data-start=\"596\" data-end=\"630\">Didina odos tank\u012f ir elastingum\u0105<\/p>\n<\/li>\n<li class=\"\" data-start=\"631\" data-end=\"673\">\n<p class=\"\" data-start=\"633\" data-end=\"673\">Lygina odos spalv\u0105 ir gerina stangrum\u0105<\/p>\n<\/li>\n<li class=\"\" data-start=\"674\" data-end=\"709\">\n<p class=\"\" data-start=\"676\" data-end=\"709\">I\u0161laiko reikiam\u0105 dr\u0117kinimo lyg\u012f<\/p>\n<\/li>\n<li class=\"\" data-start=\"710\" data-end=\"767\">\n<p class=\"\" data-start=\"712\" data-end=\"767\">Saugo od\u0105 nuo laisv\u0173j\u0173 radikal\u0173 ir glikacijos proceso<\/p>\n<\/li>\n<li class=\"\" data-start=\"768\" data-end=\"795\">\n<p class=\"\" data-start=\"770\" data-end=\"795\">Stabdo sen\u0117jimo proces\u0105<\/p>\n<\/li>\n<li class=\"\" data-start=\"796\" data-end=\"824\">\n<p class=\"\" data-start=\"798\" data-end=\"824\">Pakelia veido ovalo tonus\u0105<\/p>\n<\/li>\n<\/ul>\n<p class=\"\" data-start=\"826\" data-end=\"981\"><strong data-start=\"826\" data-end=\"842\">Kaip naudoti<\/strong><br data-start=\"842\" data-end=\"845\" \/>Nedidel\u012f kiek\u012f produkto u\u017etepti ant sausos ir \u0161varios veido odos, \u0161velniai \u012fmasa\u017euoti, kol pilnai \u012fsigers. Naudoti 1\u20132 kartus per dien\u0105.<\/p>","protected":false},"excerpt":{"rendered":"<p>Stangrinantis veido kremas<\/p>\n<p><strong>Natinuel products can only be purchased after a consultation.<\/strong><\/p>","protected":false},"featured_media":4955,"comment_status":"open","ping_status":"closed","template":"","meta":[],"product_cat":[180,129],"product_tag":[],"class_list":{"0":"post-4954","1":"product","2":"type-product","3":"status-publish","4":"has-post-thumbnail","6":"product_cat-naktiniai-kremai","7":"product_cat-veido-kremai","8":"pa_brands-natinuel","9":"pa_talpa-50ml-2","11":"first","12":"instock","13":"taxable","14":"shipping-taxable","15":"product-type-external"},"_links":{"self":[{"href":"https:\/\/miamedic.lt\/en\/wp-json\/wp\/v2\/product\/4954","targetHints":{"allow":["GET"]}}],"collection":[{"href":"https:\/\/miamedic.lt\/en\/wp-json\/wp\/v2\/product"}],"about":[{"href":"https:\/\/miamedic.lt\/en\/wp-json\/wp\/v2\/types\/product"}],"replies":[{"embeddable":true,"href":"https:\/\/miamedic.lt\/en\/wp-json\/wp\/v2\/comments?post=4954"}],"version-history":[{"count":2,"href":"https:\/\/miamedic.lt\/en\/wp-json\/wp\/v2\/product\/4954\/revisions"}],"predecessor-version":[{"id":6429,"href":"https:\/\/miamedic.lt\/en\/wp-json\/wp\/v2\/product\/4954\/revisions\/6429"}],"wp:featuredmedia":[{"embeddable":true,"href":"https:\/\/miamedic.lt\/en\/wp-json\/wp\/v2\/media\/4955"}],"wp:attachment":[{"href":"https:\/\/miamedic.lt\/en\/wp-json\/wp\/v2\/media?parent=4954"}],"wp:term":[{"taxonomy":"product_cat","embeddable":true,"href":"https:\/\/miamedic.lt\/en\/wp-json\/wp\/v2\/product_cat?post=4954"},{"taxonomy":"product_tag","embeddable":true,"href":"https:\/\/miamedic.lt\/en\/wp-json\/wp\/v2\/product_tag?post=4954"}],"curies":[{"name":"wp","href":"https:\/\/api.w.org\/{rel}","templated":true}]}}