{"id":4950,"date":"2025-03-31T12:14:44","date_gmt":"2025-03-31T12:14:44","guid":{"rendered":"https:\/\/www.miamedic.lt\/?post_type=product&#038;p=4950"},"modified":"2025-04-23T11:58:34","modified_gmt":"2025-04-23T11:58:34","slug":"natinuel-firmin-30","status":"publish","type":"product","link":"https:\/\/miamedic.lt\/en\/shop\/natinuel-firmin-30\/","title":{"rendered":"Natinuel Firmin 30+"},"content":{"rendered":"<p class=\"\" data-start=\"0\" data-end=\"142\"><strong data-start=\"0\" data-end=\"23\">Natinuel FIRMIN 30+<\/strong>\u00a0\u2013 tai jauninantis, maitinantis ir liftinguojantis kremas \u0161velniai ir normaliai veido odai.<\/p>\n<p class=\"\" data-start=\"144\" data-end=\"684\">\u0160is multiaktyvus kremas su i\u0161pl\u0117stine technologija suteikia intensyv\u0173, greit\u0105 ir ilgalaik\u012f poveik\u012f. FIRMIN 30+ sustabdo glikacijos proces\u0105, padeda kolageno skaiduloms labiau sumink\u0161t\u0117ti ir suaktyvinti giluminiuose odos sluoksniuose. Kremas \u017eymiai padidina odos stangrum\u0105, \u012ftempim\u0105 ir kont\u016br\u0105, palaiko l\u0105steli\u0173 nuoseklum\u0105, tod\u0117l epidermis tampa kompakti\u0161kesnis, u\u017ekertant keli\u0105 l\u0105steli\u0173 sujungimo susilpn\u0117jimui nat\u016braliomis s\u0105lygomis. Turi intensyv\u0173 stangrinant\u012f poveik\u012f, atgaivina ir stangrina od\u0105, suteikia greit\u0105 odos pa\u0161vies\u0117jimo efekt\u0105.<\/p>\n<p class=\"\" data-start=\"686\" data-end=\"932\"><strong data-start=\"686\" data-end=\"698\">Effect<\/strong><br data-start=\"698\" data-end=\"701\" \/>\u2013 Atstato odos strukt\u016br\u0105<br data-start=\"725\" data-end=\"728\" \/>\u2013 Gerina odos tankum\u0105, stangrum\u0105 ir elastingum\u0105<br data-start=\"775\" data-end=\"778\" \/>\u2013 Palaiko atitinkam\u0105 dr\u0117gm\u0117s lyg\u012f<br data-start=\"811\" data-end=\"814\" \/>\u2013 Saugo nuo glikacijos<br data-start=\"836\" data-end=\"839\" \/>\u2013 Ma\u017eina ir lygina pirm\u0105sias rauk\u0161les bei susidariusias linijas<br data-start=\"902\" data-end=\"905\" \/>\u2013 Atjaunina veido bruo\u017eus<\/p>\n<p class=\"\" data-start=\"934\" data-end=\"1090\"><strong data-start=\"934\" data-end=\"950\">Kaip naudoti<\/strong><br data-start=\"950\" data-end=\"953\" \/>Nedidel\u012f kiek\u012f produkto u\u017etepti ant sausos ir \u0161varios veido odos, \u0161velniai \u012fmasa\u017euoti kol pilnai \u012fsigers. Naudoti 1-2 kartus per dien\u0105.<\/p>","protected":false},"excerpt":{"rendered":"<p>Maitinantis kremas normaliai veido odai<\/p>\n<p><strong>Natinuel products can only be purchased after a consultation.<\/strong><\/p>","protected":false},"featured_media":4951,"comment_status":"open","ping_status":"closed","template":"","meta":[],"product_cat":[180,129],"product_tag":[],"class_list":{"0":"post-4950","1":"product","2":"type-product","3":"status-publish","4":"has-post-thumbnail","6":"product_cat-naktiniai-kremai","7":"product_cat-veido-kremai","8":"pa_brands-natinuel","9":"pa_talpa-50ml-2","11":"first","12":"instock","13":"taxable","14":"shipping-taxable","15":"product-type-external"},"_links":{"self":[{"href":"https:\/\/miamedic.lt\/en\/wp-json\/wp\/v2\/product\/4950","targetHints":{"allow":["GET"]}}],"collection":[{"href":"https:\/\/miamedic.lt\/en\/wp-json\/wp\/v2\/product"}],"about":[{"href":"https:\/\/miamedic.lt\/en\/wp-json\/wp\/v2\/types\/product"}],"replies":[{"embeddable":true,"href":"https:\/\/miamedic.lt\/en\/wp-json\/wp\/v2\/comments?post=4950"}],"version-history":[{"count":2,"href":"https:\/\/miamedic.lt\/en\/wp-json\/wp\/v2\/product\/4950\/revisions"}],"predecessor-version":[{"id":6414,"href":"https:\/\/miamedic.lt\/en\/wp-json\/wp\/v2\/product\/4950\/revisions\/6414"}],"wp:featuredmedia":[{"embeddable":true,"href":"https:\/\/miamedic.lt\/en\/wp-json\/wp\/v2\/media\/4951"}],"wp:attachment":[{"href":"https:\/\/miamedic.lt\/en\/wp-json\/wp\/v2\/media?parent=4950"}],"wp:term":[{"taxonomy":"product_cat","embeddable":true,"href":"https:\/\/miamedic.lt\/en\/wp-json\/wp\/v2\/product_cat?post=4950"},{"taxonomy":"product_tag","embeddable":true,"href":"https:\/\/miamedic.lt\/en\/wp-json\/wp\/v2\/product_tag?post=4950"}],"curies":[{"name":"wp","href":"https:\/\/api.w.org\/{rel}","templated":true}]}}