{"id":4944,"date":"2025-03-31T11:48:20","date_gmt":"2025-03-31T11:48:20","guid":{"rendered":"https:\/\/www.miamedic.lt\/?post_type=product&#038;p=4944"},"modified":"2025-04-23T11:57:45","modified_gmt":"2025-04-23T11:57:45","slug":"bio-proderm-aha-aka-14","status":"publish","type":"product","link":"https:\/\/miamedic.lt\/en\/shop\/bio-proderm-aha-aka-14\/","title":{"rendered":"Bio-Proderm AHA-AKA 14 %"},"content":{"rendered":"<p class=\"\" data-start=\"0\" data-end=\"570\"><strong data-start=\"0\" data-end=\"61\">Natinuel Antioksidacinis Veido Kremas Normaliai Odai &#8211; <\/strong>Antioksidacinis veido kremas normaliai odai<\/p>\n<p class=\"\" data-start=\"0\" data-end=\"570\">Natinuel kremas pasi\u017eymi biostimuliuojan\u010diomis ir regeneruojan\u010diomis savyb\u0117mis, puikiai tiks brand\u017eios odos prie\u017ei\u016brai. Kremo sud\u0117tyje yra med\u017eiag\u0173 su galingu biologiniu aktyvumu, kurios s\u0105veikauja tarpusavyje ir atgaivina l\u0105steli\u0173 metabolizm\u0105, balansuoja katabolinius ir anabolinius procesus. Kremo naudojimo d\u0117ka sukuriamos puikios biochemin\u0117s s\u0105lygos odos strukt\u016bros ir audinio regeneracijai, tod\u0117l pager\u0117ja jos estetinis \u012fvaizdis daugeliu aspekt\u0173.<\/p>\n<p class=\"\" data-start=\"572\" data-end=\"859\">\u0160is kremas yra naujos kartos bioceutikas, kuris stimuliuoja odos l\u0105steli\u0173 atsinaujinim\u0105 ir med\u017eiag\u0173 apykaitos procesus, d\u0117l kuri\u0173 odai sugr\u0105\u017einama stangri ir elastinga strukt\u016bra. Reguliarus priemon\u0117s naudojimas suteikia odai gyvybingumo, sveikai atrodan\u010dio \u0161vyt\u0117jimo ir lygesn\u012f pavir\u0161i\u0173.<\/p>\n<p class=\"\" data-start=\"861\" data-end=\"1283\"><strong data-start=\"861\" data-end=\"875\">Privalumai<\/strong>:<br data-start=\"876\" data-end=\"879\" \/>\u2013 Stimuliuoja l\u0105steli\u0173 metabolizm\u0105, katabolizm\u0105 ir anabolizm\u0105<br data-start=\"940\" data-end=\"943\" \/>\u2013 Stimuliuoja l\u0105steli\u0173 regeneracij\u0105 ir med\u017eiag\u0173 apykait\u0105<br data-start=\"999\" data-end=\"1002\" \/>\u2013 Tinkamai dr\u0117kina od\u0105 ir atkuria dr\u0117gm\u0117s lyg\u012f<br data-start=\"1048\" data-end=\"1051\" \/>\u2013 Sukuria palankias s\u0105lygas odos audinio atnaujinimui<br data-start=\"1104\" data-end=\"1107\" \/>\u2013 Atkuria gyvybing\u0105, sveikai spindin\u010di\u0105 odos i\u0161vaizd\u0105<br data-start=\"1160\" data-end=\"1163\" \/>\u2013 Ma\u017eina rauk\u0161li\u0173 gyl\u012f, oda atrodo lygesn\u0117<br data-start=\"1205\" data-end=\"1208\" \/>\u2013 Oda tampa elastinga ir lanksti<br data-start=\"1240\" data-end=\"1243\" \/>\u2013 Pasi\u017eymi antioksidacin\u0117mis savyb\u0117mis<\/p>","protected":false},"excerpt":{"rendered":"<p>Antioksidacinis veido kremas normaliai odai<\/p>\n<p><strong>Natinuel products can only be purchased after a consultation.<\/strong><\/p>","protected":false},"featured_media":4945,"comment_status":"open","ping_status":"closed","template":"","meta":[],"product_cat":[180,129],"product_tag":[],"class_list":{"0":"post-4944","1":"product","2":"type-product","3":"status-publish","4":"has-post-thumbnail","6":"product_cat-naktiniai-kremai","7":"product_cat-veido-kremai","8":"pa_brands-natinuel","9":"pa_talpa-50ml-2","11":"first","12":"instock","13":"taxable","14":"shipping-taxable","15":"product-type-external"},"_links":{"self":[{"href":"https:\/\/miamedic.lt\/en\/wp-json\/wp\/v2\/product\/4944","targetHints":{"allow":["GET"]}}],"collection":[{"href":"https:\/\/miamedic.lt\/en\/wp-json\/wp\/v2\/product"}],"about":[{"href":"https:\/\/miamedic.lt\/en\/wp-json\/wp\/v2\/types\/product"}],"replies":[{"embeddable":true,"href":"https:\/\/miamedic.lt\/en\/wp-json\/wp\/v2\/comments?post=4944"}],"version-history":[{"count":5,"href":"https:\/\/miamedic.lt\/en\/wp-json\/wp\/v2\/product\/4944\/revisions"}],"predecessor-version":[{"id":6415,"href":"https:\/\/miamedic.lt\/en\/wp-json\/wp\/v2\/product\/4944\/revisions\/6415"}],"wp:featuredmedia":[{"embeddable":true,"href":"https:\/\/miamedic.lt\/en\/wp-json\/wp\/v2\/media\/4945"}],"wp:attachment":[{"href":"https:\/\/miamedic.lt\/en\/wp-json\/wp\/v2\/media?parent=4944"}],"wp:term":[{"taxonomy":"product_cat","embeddable":true,"href":"https:\/\/miamedic.lt\/en\/wp-json\/wp\/v2\/product_cat?post=4944"},{"taxonomy":"product_tag","embeddable":true,"href":"https:\/\/miamedic.lt\/en\/wp-json\/wp\/v2\/product_tag?post=4944"}],"curies":[{"name":"wp","href":"https:\/\/api.w.org\/{rel}","templated":true}]}}