{"id":4941,"date":"2025-03-31T11:38:37","date_gmt":"2025-03-31T11:38:37","guid":{"rendered":"https:\/\/www.miamedic.lt\/?post_type=product&#038;p=4941"},"modified":"2025-04-23T12:04:09","modified_gmt":"2025-04-23T12:04:09","slug":"bio-rejuven-ahas-12","status":"publish","type":"product","link":"https:\/\/miamedic.lt\/en\/shop\/bio-rejuven-ahas-12\/","title":{"rendered":"Bio-Rejuven AHAs 12%"},"content":{"rendered":"<p class=\"\" data-start=\"0\" data-end=\"129\"><strong data-start=\"0\" data-end=\"26\">Natinuel BIO &#8211; REJUVEN AHAs 12% &#8211; <\/strong>Biostimuliuojantis, lyginantis, regeneruojantis ir jauninantis kremas normaliai odai.<\/p>\n<p class=\"\" data-start=\"131\" data-end=\"516\">BIO &#8211; REJUVEN AHAs 12% \u2013 tai \u012fvairaus veikimo bioceutikas. Inovatyvi kremo formul\u0117 saugiai jungia specifinius peptidus su AHA&#8217;s, d\u0117l ko gaunamas stiprus biostimuliuojantis poveikis, pagreitinami regeneracijos procesai ir saugomos l\u0105steli\u0173 strukt\u016bros. \u0160is kremas skatina odos l\u0105steli\u0173 atsinaujinim\u0105, aktyvina med\u017eiag\u0173 apykait\u0105 ir suteikia odai gyvybingumo bei atstato biologin\u012f jaunum\u0105.<\/p>\n<p class=\"\" data-start=\"518\" data-end=\"673\"><strong data-start=\"518\" data-end=\"530\">Effect<\/strong><br data-start=\"530\" data-end=\"533\" \/>Kremo naudojimas pagerina odos atsinaujinim\u0105, skatina jos regeneracij\u0105 ir pagerina odos strukt\u016br\u0105. Oda tampa lygesn\u0117, sveikesn\u0117 ir \u0161vytinti.<\/p>\n<p class=\"\" data-start=\"675\" data-end=\"833\"><strong data-start=\"675\" data-end=\"691\">Kaip naudoti<\/strong><br data-start=\"691\" data-end=\"694\" \/>Nedidel\u012f kiek\u012f kremo u\u017etepkite ant \u0161varios ir sausos veido odos, \u0161velniai \u012fmasa\u017euokite, kol pilnai \u012fsigers. Naudokite 1\u20132 kartus per dien\u0105.<\/p>","protected":false},"excerpt":{"rendered":"<p>Regeneruojantis ir jauninantis kremas<\/p>\n<p><strong>Natinuel products can only be purchased after a consultation.<\/strong><\/p>","protected":false},"featured_media":4942,"comment_status":"open","ping_status":"closed","template":"","meta":[],"product_cat":[180,129],"product_tag":[],"class_list":{"0":"post-4941","1":"product","2":"type-product","3":"status-publish","4":"has-post-thumbnail","6":"product_cat-naktiniai-kremai","7":"product_cat-veido-kremai","8":"pa_brands-natinuel","9":"pa_talpa-50ml-2","11":"first","12":"instock","13":"taxable","14":"shipping-taxable","15":"product-type-external"},"_links":{"self":[{"href":"https:\/\/miamedic.lt\/en\/wp-json\/wp\/v2\/product\/4941","targetHints":{"allow":["GET"]}}],"collection":[{"href":"https:\/\/miamedic.lt\/en\/wp-json\/wp\/v2\/product"}],"about":[{"href":"https:\/\/miamedic.lt\/en\/wp-json\/wp\/v2\/types\/product"}],"replies":[{"embeddable":true,"href":"https:\/\/miamedic.lt\/en\/wp-json\/wp\/v2\/comments?post=4941"}],"version-history":[{"count":2,"href":"https:\/\/miamedic.lt\/en\/wp-json\/wp\/v2\/product\/4941\/revisions"}],"predecessor-version":[{"id":6430,"href":"https:\/\/miamedic.lt\/en\/wp-json\/wp\/v2\/product\/4941\/revisions\/6430"}],"wp:featuredmedia":[{"embeddable":true,"href":"https:\/\/miamedic.lt\/en\/wp-json\/wp\/v2\/media\/4942"}],"wp:attachment":[{"href":"https:\/\/miamedic.lt\/en\/wp-json\/wp\/v2\/media?parent=4941"}],"wp:term":[{"taxonomy":"product_cat","embeddable":true,"href":"https:\/\/miamedic.lt\/en\/wp-json\/wp\/v2\/product_cat?post=4941"},{"taxonomy":"product_tag","embeddable":true,"href":"https:\/\/miamedic.lt\/en\/wp-json\/wp\/v2\/product_tag?post=4941"}],"curies":[{"name":"wp","href":"https:\/\/api.w.org\/{rel}","templated":true}]}}