{"id":4934,"date":"2025-03-31T11:15:01","date_gmt":"2025-03-31T11:15:01","guid":{"rendered":"https:\/\/www.miamedic.lt\/?post_type=product&#038;p=4934"},"modified":"2025-04-23T11:58:44","modified_gmt":"2025-04-23T11:58:44","slug":"bio-soft-phas-8","status":"publish","type":"product","link":"https:\/\/miamedic.lt\/en\/shop\/bio-soft-phas-8\/","title":{"rendered":"Bio-Soft PHAs 8%"},"content":{"rendered":"<p class=\"\" data-start=\"0\" data-end=\"106\"><strong data-start=\"0\" data-end=\"22\">Natinuel BIO &#8211; SOFT PHAs 8% &#8211; Jauninantis ir dr\u0117kinantis kremas \u0161velniai ir jautriai veido odai.<\/strong><\/p>\n<p class=\"\" data-start=\"108\" data-end=\"351\"><strong data-start=\"108\" data-end=\"122\">BIO &#8211; SOFT<\/strong> \u2013 tai dr\u0117kinantis bei jauninantis \u0161velnios ir jautrios odos kremas. Ypatinga polihidroksini\u0173 r\u016bg\u0161\u010di\u0173, alfa lipoin\u0117s r\u016bg\u0161ties ir i\u0161skirtini\u0173 aktyvi\u0173 peptid\u0173 formul\u0117 padeda stabilizuoti tiek pavir\u0161in\u012f, tiek gilumin\u012f odos dr\u0117gnum\u0105.<\/p>\n<p class=\"\" data-start=\"353\" data-end=\"541\"><strong data-start=\"353\" data-end=\"365\">Effect<\/strong><br data-start=\"365\" data-end=\"368\" \/>Ilgalaikis <strong data-start=\"379\" data-end=\"393\">BIO &#8211; SOFT<\/strong> kremo naudojimas atjaunina od\u0105, padidina jos elastingum\u0105 ir stangrum\u0105, odos spalva suvienod\u0117ja, oda tampa lygesn\u0117, atstatomas jos dr\u0117gm\u0117s balansas.<\/p>\n<p class=\"\" data-start=\"543\" data-end=\"694\"><strong data-start=\"543\" data-end=\"559\">Kaip naudoti<\/strong><br data-start=\"559\" data-end=\"562\" \/>Nedidel\u012f kiek\u012f kremo u\u017etepti ant \u0161varios ir sausos veido odos, \u0161velniai \u012fmasa\u017euoti kol pilnai \u012fsigers. Naudoti 1\u20132 kartus per dien\u0105.<\/p>","protected":false},"excerpt":{"rendered":"<p>Jauninantis ir dr\u0117kinantis kremas<\/p>\n<p><strong>Natinuel products can only be purchased after a consultation.<\/strong><\/p>","protected":false},"featured_media":4935,"comment_status":"open","ping_status":"closed","template":"","meta":[],"product_cat":[180,129],"product_tag":[],"class_list":{"0":"post-4934","1":"product","2":"type-product","3":"status-publish","4":"has-post-thumbnail","6":"product_cat-naktiniai-kremai","7":"product_cat-veido-kremai","8":"pa_brands-natinuel","9":"pa_talpa-50ml-2","11":"first","12":"instock","13":"taxable","14":"shipping-taxable","15":"product-type-external"},"_links":{"self":[{"href":"https:\/\/miamedic.lt\/en\/wp-json\/wp\/v2\/product\/4934","targetHints":{"allow":["GET"]}}],"collection":[{"href":"https:\/\/miamedic.lt\/en\/wp-json\/wp\/v2\/product"}],"about":[{"href":"https:\/\/miamedic.lt\/en\/wp-json\/wp\/v2\/types\/product"}],"replies":[{"embeddable":true,"href":"https:\/\/miamedic.lt\/en\/wp-json\/wp\/v2\/comments?post=4934"}],"version-history":[{"count":2,"href":"https:\/\/miamedic.lt\/en\/wp-json\/wp\/v2\/product\/4934\/revisions"}],"predecessor-version":[{"id":6416,"href":"https:\/\/miamedic.lt\/en\/wp-json\/wp\/v2\/product\/4934\/revisions\/6416"}],"wp:featuredmedia":[{"embeddable":true,"href":"https:\/\/miamedic.lt\/en\/wp-json\/wp\/v2\/media\/4935"}],"wp:attachment":[{"href":"https:\/\/miamedic.lt\/en\/wp-json\/wp\/v2\/media?parent=4934"}],"wp:term":[{"taxonomy":"product_cat","embeddable":true,"href":"https:\/\/miamedic.lt\/en\/wp-json\/wp\/v2\/product_cat?post=4934"},{"taxonomy":"product_tag","embeddable":true,"href":"https:\/\/miamedic.lt\/en\/wp-json\/wp\/v2\/product_tag?post=4934"}],"curies":[{"name":"wp","href":"https:\/\/api.w.org\/{rel}","templated":true}]}}