{"id":4929,"date":"2025-03-31T11:09:51","date_gmt":"2025-03-31T11:09:51","guid":{"rendered":"https:\/\/www.miamedic.lt\/?post_type=product&#038;p=4929"},"modified":"2025-04-23T11:58:54","modified_gmt":"2025-04-23T11:58:54","slug":"natinuel-hydra-gen","status":"publish","type":"product","link":"https:\/\/miamedic.lt\/en\/shop\/natinuel-hydra-gen\/","title":{"rendered":"Natinuel Hydra-Gen"},"content":{"rendered":"<p class=\"sr-only\"><strong style=\"font-size: 16px\" data-start=\"0\" data-end=\"24\">Natinuel HYDRA &#8211; GEN &#8211; <\/strong><strong data-start=\"40\" data-end=\"115\" data-is-only-node=\"\">Regeneruojantis, intensyviai dr\u0117kinantis kremas skirtas vis\u0173 tip\u0173 odai.<\/strong><\/p>\n<div class=\"text-base my-auto mx-auto py-5 px-6\">\n<div class=\"mx-auto flex flex-1 text-base gap-4 md:gap-5 lg:gap-6 md:max-w-3xl group\/turn-messages focus-visible:outline-none\">\n<div class=\"group\/conversation-turn relative flex w-full min-w-0 flex-col agent-turn @xs\/thread:px-0 @sm\/thread:px-1.5 @md\/thread:px-4\">\n<div class=\"relative flex-col gap-1 md:gap-3\">\n<div class=\"flex max-w-full flex-col flex-grow\">\n<div class=\"min-h-8 text-message relative flex w-full flex-col items-end gap-2 whitespace-normal break-words text-start [.text-message+&amp;]:mt-5\" dir=\"auto\" data-message-author-role=\"assistant\" data-message-id=\"7543d7c3-24f5-40ef-b684-70d4f7545a88\" data-message-model-slug=\"gpt-4o-mini\">\n<div class=\"flex w-full flex-col gap-1 empty:hidden first:pt-[3px]\">\n<div class=\"markdown prose w-full break-words dark:prose-invert light\">\n<p class=\"\" data-start=\"117\" data-end=\"592\">HYDRA &#8211; GEN kremas yra regeneruojantis ir intensyviai dr\u0117kinantis kremas, skirtas jautriai odai. Jo sud\u0117tis pasi\u017eymi dideliu biocheminiu aktyvumu, kad u\u017etikrint\u0173 optimal\u0173 odos dr\u0117gm\u0117s balans\u0105 ir stiprint\u0173 odos funkcijas. \u0160is kremas apsaugo od\u0105 nuo \u017ealing\u0173 veiksni\u0173, toki\u0173 kaip UV spinduliai, atmosferos tar\u0161a ir chemin\u0117s med\u017eiagos. Jo sud\u0117tyje esan\u010dios r\u016bg\u0161tys padeda suma\u017einti vandens netekim\u0105 ir stiprina lipid\u0173 barjer\u0105, taip gerinant epidermio raginio sluoksnio funkcijas.<\/p>\n<p class=\"\" data-start=\"594\" data-end=\"768\"><strong data-start=\"594\" data-end=\"606\">Poveikis<\/strong><br data-start=\"606\" data-end=\"609\" \/>Naudojant HYDRA &#8211; GEN krem\u0105, oda tampa mink\u0161ta, dr\u0117kinama ir gaivi. Regeneruojantis ir sen\u0117jim\u0105 stabdantis poveikis u\u017etikrina lygum\u0105, elastingum\u0105 ir lankstum\u0105.<\/p>\n<p class=\"\" data-start=\"770\" data-end=\"922\"><strong data-start=\"770\" data-end=\"786\">Kaip naudoti<\/strong><br data-start=\"786\" data-end=\"789\" \/>Nedidel\u012f kiek\u012f kremo u\u017etepti ant \u0161varios ir sausos veido odos, \u0161velniai \u012fmasa\u017euoti, kol pilnai \u012fsigers. Naudoti 1\u20132 kartus per dien\u0105.<\/p>\n<\/div>\n<\/div>\n<\/div>\n<\/div>\n<\/div>\n<\/div>\n<\/div>\n<\/div>\n","protected":false},"excerpt":{"rendered":"<p>Intensyviai dr\u0117kinantis kremas<\/p>\n<p><strong>Natinuel products can only be purchased after a consultation.<\/strong><\/p>","protected":false},"featured_media":4930,"comment_status":"open","ping_status":"closed","template":"","meta":[],"product_cat":[180,129],"product_tag":[],"class_list":{"0":"post-4929","1":"product","2":"type-product","3":"status-publish","4":"has-post-thumbnail","6":"product_cat-naktiniai-kremai","7":"product_cat-veido-kremai","8":"pa_brands-natinuel","9":"pa_talpa-50ml-2","11":"first","12":"instock","13":"taxable","14":"shipping-taxable","15":"product-type-external"},"_links":{"self":[{"href":"https:\/\/miamedic.lt\/en\/wp-json\/wp\/v2\/product\/4929","targetHints":{"allow":["GET"]}}],"collection":[{"href":"https:\/\/miamedic.lt\/en\/wp-json\/wp\/v2\/product"}],"about":[{"href":"https:\/\/miamedic.lt\/en\/wp-json\/wp\/v2\/types\/product"}],"replies":[{"embeddable":true,"href":"https:\/\/miamedic.lt\/en\/wp-json\/wp\/v2\/comments?post=4929"}],"version-history":[{"count":2,"href":"https:\/\/miamedic.lt\/en\/wp-json\/wp\/v2\/product\/4929\/revisions"}],"predecessor-version":[{"id":6417,"href":"https:\/\/miamedic.lt\/en\/wp-json\/wp\/v2\/product\/4929\/revisions\/6417"}],"wp:featuredmedia":[{"embeddable":true,"href":"https:\/\/miamedic.lt\/en\/wp-json\/wp\/v2\/media\/4930"}],"wp:attachment":[{"href":"https:\/\/miamedic.lt\/en\/wp-json\/wp\/v2\/media?parent=4929"}],"wp:term":[{"taxonomy":"product_cat","embeddable":true,"href":"https:\/\/miamedic.lt\/en\/wp-json\/wp\/v2\/product_cat?post=4929"},{"taxonomy":"product_tag","embeddable":true,"href":"https:\/\/miamedic.lt\/en\/wp-json\/wp\/v2\/product_tag?post=4929"}],"curies":[{"name":"wp","href":"https:\/\/api.w.org\/{rel}","templated":true}]}}