{"id":4926,"date":"2025-03-31T11:03:34","date_gmt":"2025-03-31T11:03:34","guid":{"rendered":"https:\/\/www.miamedic.lt\/?post_type=product&#038;p=4926"},"modified":"2025-04-23T11:58:20","modified_gmt":"2025-04-23T11:58:20","slug":"homeo-gen-kremas","status":"publish","type":"product","link":"https:\/\/miamedic.lt\/en\/shop\/homeo-gen-kremas\/","title":{"rendered":"Homeo-Gen kremas"},"content":{"rendered":"<p class=\"\" data-start=\"0\" data-end=\"116\"><strong data-start=\"0\" data-end=\"31\">NATINUEL HOMEO &#8211; GEN Kremas &#8211; <\/strong><strong data-start=\"34\" data-end=\"116\">Dr\u0117kinamasis kremas, ma\u017einantis kuperoz\u0119 jautrios ir normalios odos prie\u017ei\u016brai<\/strong><\/p>\n<p class=\"\" data-start=\"118\" data-end=\"942\"><strong data-start=\"118\" data-end=\"131\">Effect:<\/strong><br data-start=\"131\" data-end=\"134\" \/>HOMEO &#8211; GEN kremas yra skirtas saugiai ir veiksmingai problemi\u0161kos odos prie\u017ei\u016brai: paraudusios, kuperoz\u0117s pa\u017eeistos, su trapiais kapiliarais ir poodiniais kraujo i\u0161siliejimais. D\u0117ka specifini\u0173 aktyvi\u0173 substancij\u0173 sinergi\u0161ko poveikio, kremas skatina odos normalizavim\u0105, didina kraujagysli\u0173 elastingum\u0105, ma\u017eina odos raudon\u012f, subalansuoja odos dr\u0117gm\u0117s lyg\u012f ir didina apsaug\u0105 nuo i\u0161orini\u0173 aplinkos veiksni\u0173. Naudojant \u0161\u012f krem\u0105, stiprinamos kraujagysli\u0173 sienel\u0117s, suteikiama maksimali apsauga nuo kenksming\u0173 aplinkos faktori\u0173, didinan\u010di\u0173 j\u0173 trapum\u0105. Oda saugoma nuo nauj\u0173 raudoni\u0173 atsiradimo, suteikiamas odai lygus ir harmoningas atspalvis. Kremas ramina jautri\u0105, sudirgusi\u0105 od\u0105 ir apsaugo j\u0105 nuo u\u017edegim\u0173, u\u017etikrinamas optimalus odos dr\u0117gm\u0117s balansas. Tonizuoja ir suteikia gaivumo, oda tampa sveika ir glotni.<\/p>\n<p class=\"\" data-start=\"944\" data-end=\"1098\"><strong data-start=\"944\" data-end=\"961\">Kaip naudoti:<\/strong><br data-start=\"961\" data-end=\"964\" \/>Nedidel\u012f kiek\u012f kremo u\u017etepti ant \u0161varios ir sausos veido odos, \u0161velniai \u012fmasa\u017euoti kol pilnai \u012fsigers. Naudoti 1 &#8211; 2 kartus per dien\u0105.<\/p>","protected":false},"excerpt":{"rendered":"<p>Dr\u0117kinamasis kremas, ma\u017einantis kuperoz\u0119<\/p>\n<p><strong>Natinuel products can only be purchased after a consultation.<\/strong><\/p>","protected":false},"featured_media":4927,"comment_status":"open","ping_status":"closed","template":"","meta":[],"product_cat":[180,129],"product_tag":[],"class_list":{"0":"post-4926","1":"product","2":"type-product","3":"status-publish","4":"has-post-thumbnail","6":"product_cat-naktiniai-kremai","7":"product_cat-veido-kremai","8":"pa_brands-natinuel","9":"pa_talpa-50ml-2","11":"first","12":"instock","13":"taxable","14":"shipping-taxable","15":"product-type-external"},"_links":{"self":[{"href":"https:\/\/miamedic.lt\/en\/wp-json\/wp\/v2\/product\/4926","targetHints":{"allow":["GET"]}}],"collection":[{"href":"https:\/\/miamedic.lt\/en\/wp-json\/wp\/v2\/product"}],"about":[{"href":"https:\/\/miamedic.lt\/en\/wp-json\/wp\/v2\/types\/product"}],"replies":[{"embeddable":true,"href":"https:\/\/miamedic.lt\/en\/wp-json\/wp\/v2\/comments?post=4926"}],"version-history":[{"count":2,"href":"https:\/\/miamedic.lt\/en\/wp-json\/wp\/v2\/product\/4926\/revisions"}],"predecessor-version":[{"id":6418,"href":"https:\/\/miamedic.lt\/en\/wp-json\/wp\/v2\/product\/4926\/revisions\/6418"}],"wp:featuredmedia":[{"embeddable":true,"href":"https:\/\/miamedic.lt\/en\/wp-json\/wp\/v2\/media\/4927"}],"wp:attachment":[{"href":"https:\/\/miamedic.lt\/en\/wp-json\/wp\/v2\/media?parent=4926"}],"wp:term":[{"taxonomy":"product_cat","embeddable":true,"href":"https:\/\/miamedic.lt\/en\/wp-json\/wp\/v2\/product_cat?post=4926"},{"taxonomy":"product_tag","embeddable":true,"href":"https:\/\/miamedic.lt\/en\/wp-json\/wp\/v2\/product_tag?post=4926"}],"curies":[{"name":"wp","href":"https:\/\/api.w.org\/{rel}","templated":true}]}}