{"id":4917,"date":"2025-03-31T10:47:58","date_gmt":"2025-03-31T10:47:58","guid":{"rendered":"https:\/\/www.miamedic.lt\/?post_type=product&#038;p=4917"},"modified":"2025-04-23T10:45:57","modified_gmt":"2025-04-23T10:45:57","slug":"cleanser-phas-aha-5","status":"publish","type":"product","link":"https:\/\/miamedic.lt\/en\/shop\/cleanser-phas-aha-5\/","title":{"rendered":"Cleanser PHAs &#8211; AHA 5%"},"content":{"rendered":"<article class=\"w-full text-token-text-primary\" dir=\"auto\" data-testid=\"conversation-turn-110\" data-scroll-anchor=\"true\">\n<div class=\"text-base my-auto mx-auto py-5 px-6\">\n<div class=\"mx-auto flex flex-1 text-base gap-4 md:gap-5 lg:gap-6 md:max-w-3xl group\/turn-messages focus-visible:outline-none\">\n<div class=\"group\/conversation-turn relative flex w-full min-w-0 flex-col agent-turn @xs\/thread:px-0 @sm\/thread:px-1.5 @md\/thread:px-4\">\n<div class=\"relative flex-col gap-1 md:gap-3\">\n<div class=\"flex max-w-full flex-col flex-grow\">\n<div class=\"min-h-8 text-message relative flex w-full flex-col items-end gap-2 whitespace-normal break-words text-start [.text-message+&amp;]:mt-5\" dir=\"auto\" data-message-author-role=\"assistant\" data-message-id=\"659d628c-9ae3-4e59-b65c-aaa8ae805afc\" data-message-model-slug=\"gpt-4o-mini\">\n<div class=\"flex w-full flex-col gap-1 empty:hidden first:pt-[3px]\">\n<div class=\"markdown prose w-full break-words dark:prose-invert light\">\n<p class=\"\" data-start=\"0\" data-end=\"137\"><strong data-start=\"0\" data-end=\"35\">Natinuel CLEANSER PHAs &#8211; AHA 5% &#8211; <\/strong><strong data-start=\"81\" data-end=\"137\" data-is-only-node=\"\">\u0160velni emulsija, skirta valyti saus\u0105 ir jautri\u0105 od\u0105.<\/strong><\/p>\n<p class=\"\" data-start=\"139\" data-end=\"524\">CLEANSER PHAS &#8211; AHA 5% \u2013 \u0161velni kremin\u0117s tekst\u016bros emulsija, skirta valyti saus\u0105 ir jautri\u0105 od\u0105, nesukelia reakcij\u0173. Produkto sud\u0117tyje esan\u010dios pavir\u0161iaus aktyviosios med\u017eiagos kartu su specifin\u0117mis PHAS, AHA ir bioaktyviosiomis med\u017eiagomis, \u0161velniai nuvalo ne\u0161varumus, nekenkia dr\u0117gm\u0119 sulaikan\u010diam lipidiniam sluoksniui, kuris suteikia odai \u0161velnumo ir palaiko funkcines odos savybes.<\/p>\n<p class=\"\" data-start=\"526\" data-end=\"681\"><strong data-start=\"526\" data-end=\"538\">Poveikis<\/strong><br data-start=\"538\" data-end=\"541\" \/>Panaudojus \u0161i\u0105 emulsij\u0105, oda pasidaro mink\u0161ta ir \u0161vari, atsiranda gaivumo poj\u016btis, o oda b\u016bna paruo\u0161ta darbui su kitais NATINUEL produktais.<\/p>\n<p class=\"\" data-start=\"683\" data-end=\"907\"><strong data-start=\"683\" data-end=\"699\">Kaip naudoti<\/strong><br data-start=\"699\" data-end=\"702\" \/>Kiekvien\u0105 ryt\u0105 nedidel\u012f kiek\u012f emulsijos u\u017etepkite ant sausos veido odos, \u012fmasa\u017euokite ir palikite kelioms sekund\u0117ms, nuplaukite vandeniu. Jei reikia, prausim\u0105 pakartokite antr\u0105 kart\u0105 ant \u0161altos veido odos.<\/p>\n<\/div>\n<\/div>\n<\/div>\n<\/div>\n<div class=\"flex justify-start\">\n<div class=\"-me-1 -ms-2.5 flex select-none items-center p-1 touch:-me-2 touch:-ms-3.5 -mt-1 duration-[1.5s] focus-within:transition-none hover:transition-none pointer-events-none [mask-image:linear-gradient(to_right,black_33%,transparent_66%)] [mask-position:100%_0%] [mask-size:300%_100%] motion-safe:transition-[mask-position] group-hover\/turn-messages:pointer-events-auto group-hover\/turn-messages:[mask-position:0_0] group-focus-within\/turn-messages:pointer-events-auto group-focus-within\/turn-messages:[mask-position:0_0] has-[[data-state=open]]:pointer-events-auto has-[[data-state=open]]:[mask-position:0_0]\"><\/div>\n<\/div>\n<\/div>\n<div class=\"absolute\">\n<div class=\"flex items-center justify-center\"><\/div>\n<\/div>\n<\/div>\n<\/div>\n<\/div>\n<\/article>\n<div class=\"pointer-events-none h-px w-px\" aria-hidden=\"true\" data-edge=\"true\"><\/div>\n","protected":false},"excerpt":{"rendered":"<p>Veido valomoji priemon\u0117 &#8211; prausiklis<\/p>\n<p><strong>Natinuel products can only be purchased after a consultation.<\/strong><\/p>","protected":false},"featured_media":4918,"comment_status":"open","ping_status":"closed","template":"","meta":[],"product_cat":[124],"product_tag":[],"class_list":{"0":"post-4917","1":"product","2":"type-product","3":"status-publish","4":"has-post-thumbnail","6":"product_cat-prausikliai","7":"pa_brands-natinuel","8":"pa_talpa-150ml","10":"first","11":"instock","12":"taxable","13":"shipping-taxable","14":"product-type-external"},"_links":{"self":[{"href":"https:\/\/miamedic.lt\/en\/wp-json\/wp\/v2\/product\/4917","targetHints":{"allow":["GET"]}}],"collection":[{"href":"https:\/\/miamedic.lt\/en\/wp-json\/wp\/v2\/product"}],"about":[{"href":"https:\/\/miamedic.lt\/en\/wp-json\/wp\/v2\/types\/product"}],"replies":[{"embeddable":true,"href":"https:\/\/miamedic.lt\/en\/wp-json\/wp\/v2\/comments?post=4917"}],"version-history":[{"count":5,"href":"https:\/\/miamedic.lt\/en\/wp-json\/wp\/v2\/product\/4917\/revisions"}],"predecessor-version":[{"id":6391,"href":"https:\/\/miamedic.lt\/en\/wp-json\/wp\/v2\/product\/4917\/revisions\/6391"}],"wp:featuredmedia":[{"embeddable":true,"href":"https:\/\/miamedic.lt\/en\/wp-json\/wp\/v2\/media\/4918"}],"wp:attachment":[{"href":"https:\/\/miamedic.lt\/en\/wp-json\/wp\/v2\/media?parent=4917"}],"wp:term":[{"taxonomy":"product_cat","embeddable":true,"href":"https:\/\/miamedic.lt\/en\/wp-json\/wp\/v2\/product_cat?post=4917"},{"taxonomy":"product_tag","embeddable":true,"href":"https:\/\/miamedic.lt\/en\/wp-json\/wp\/v2\/product_tag?post=4917"}],"curies":[{"name":"wp","href":"https:\/\/api.w.org\/{rel}","templated":true}]}}