{"id":4887,"date":"2025-03-31T09:08:20","date_gmt":"2025-03-31T09:08:20","guid":{"rendered":"https:\/\/www.miamedic.lt\/?post_type=product&#038;p=4887"},"modified":"2025-12-01T09:55:33","modified_gmt":"2025-12-01T09:55:33","slug":"brightening-starter-kit","status":"publish","type":"product","link":"https:\/\/miamedic.lt\/en\/shop\/brightening-starter-kit\/","title":{"rendered":"Brightening Starter Kit"},"content":{"rendered":"<p class=\"\" data-start=\"0\" data-end=\"129\"><strong data-start=\"0\" data-end=\"129\">NOON Aesthetics\u2122 BRIGHTENING Starter Kit \u2013 Specialus rinkinys, skirtas kovoti su odos hiperpigmentacija ir suteikti \u0161vyt\u0117jim\u0105<\/strong><\/p>\n<p class=\"\" data-start=\"131\" data-end=\"559\">NOON Aesthetics\u2122 BRIGHTENING Starter Kit \u2013 tai i\u0161skirtinis odos prie\u017ei\u016bros rinkinys, sukurtas specialiai kovai su odos hiperpigmentacija ir siekiant suteikti odai \u0161vyt\u0117jimo. Rinkinys apima kruop\u0161\u010diai atrinktas priemones, kurios ma\u017eina tamsias d\u0117mes, suvienodina odos atspalv\u012f ir gerina bendr\u0105 odos b\u016bkl\u0119. Kiekvienas produktas buvo sukurtas taip, kad efektyviai veikt\u0173 kartu, suteikdami jums sveik\u0105, \u0161vytin\u010di\u0105 ir jaunatvi\u0161k\u0105 od\u0105.<\/p>\n<p class=\"\" data-start=\"561\" data-end=\"580\"><strong data-start=\"561\" data-end=\"580\">Rinkin\u012f sudaro:<\/strong><\/p>\n<ul data-start=\"582\" data-end=\"1995\">\n<li class=\"\" data-start=\"582\" data-end=\"897\">\n<p class=\"\" data-start=\"584\" data-end=\"897\"><strong data-start=\"584\" data-end=\"613\">LactoCeramide-15 (15 ml):<\/strong> Kremas su 15% pieno r\u016bg\u0161ties, kuris skatina odos atsinaujinim\u0105, gerina jos tekst\u016br\u0105 ir dr\u0117gm\u0117s lyg\u012f. <strong data-start=\"715\" data-end=\"743\">DermShield\u2122 technologija<\/strong> leid\u017eia naudoti \u0161\u012f krem\u0105 vis\u0173 tip\u0173 odai, nesukeliant sudirgimo ar sausumo. Tai puikus pasirinkimas, norint pasiekti tolygesn\u012f odos atspalv\u012f ir \u0161vyt\u0117jim\u0105.<\/p>\n<\/li>\n<li class=\"\" data-start=\"899\" data-end=\"1191\">\n<p class=\"\" data-start=\"901\" data-end=\"1191\"><strong data-start=\"901\" data-end=\"930\">Retinol Delicate (10 ml):<\/strong> \u0160velnus serumas su retinolio derivatais, kuris ma\u017eina smulkias rauk\u0161leles, gerina odos elastingum\u0105 ir skatina l\u0105steli\u0173 regeneracij\u0105. D\u0117l \u0161velnios formul\u0117s \u0161is produktas tinka net jautriai odai, padedant kovoti su odos sen\u0117jimo po\u017eymiais ir \u0161viesinant jos ton\u0105.<\/p>\n<\/li>\n<li class=\"\" data-start=\"1193\" data-end=\"1459\">\n<p class=\"\" data-start=\"1195\" data-end=\"1459\"><strong data-start=\"1195\" data-end=\"1229\">In-Depth Filler Cream (15 ml):<\/strong> Dr\u0117kinamasis kremas, praturtintas hialurono r\u016bg\u0161timi ir peptidais, kurie padeda u\u017epildyti smulkias rauk\u0161leles, padidinti odos stangrum\u0105 ir elastingum\u0105. \u0160is kremas suteikia odai intensyv\u0173 dr\u0117kinim\u0105 ir padeda atkurti jos strukt\u016br\u0105.<\/p>\n<\/li>\n<li class=\"\" data-start=\"1461\" data-end=\"1761\">\n<p class=\"\" data-start=\"1463\" data-end=\"1761\"><strong data-start=\"1463\" data-end=\"1497\">In-Depth Filler Serum (10 ml):<\/strong> Koncentruotas serumas, praturtintas hialurono r\u016bg\u0161timi ir peptidais, suteikiantis intensyv\u0173 dr\u0117kinim\u0105 ir padedantis atkurti odos strukt\u016br\u0105. \u0160is serumas padeda sustiprinti odos stangrum\u0105 ir elastingum\u0105, ma\u017eindamas rauk\u0161les ir suteikdamas odai jaunatvi\u0161k\u0105 i\u0161vaizd\u0105.<\/p>\n<\/li>\n<li class=\"\" data-start=\"1763\" data-end=\"1995\">\n<p class=\"\" data-start=\"1765\" data-end=\"1995\"><strong data-start=\"1765\" data-end=\"1805\">Lift Peptide Complex Ampoule (5 ml):<\/strong> Ampul\u0117 su peptid\u0173 kompleksu, skirta odos stangrinimui ir rauk\u0161li\u0173 ma\u017einimui. Suteikia odai jaunatvi\u0161k\u0105 i\u0161vaizd\u0105 ir \u0161vyt\u0117jim\u0105, padedant kovoti su sen\u0117jimo po\u017eymiais ir atstatyti odos tonus\u0105.<\/p>\n<\/li>\n<\/ul>","protected":false},"excerpt":{"rendered":"<p>Rinkinys odos \u0161vyt\u0117jimui<\/p>\n<p><strong>\u012esigyti Noon Aesthetics produktus galite tik po konsultacijos.<\/strong><\/p>\n<p>&nbsp;<\/p>","protected":false},"featured_media":4888,"comment_status":"open","ping_status":"closed","template":"","meta":[],"product_cat":[188],"product_tag":[],"class_list":{"0":"post-4887","1":"product","2":"type-product","3":"status-publish","4":"has-post-thumbnail","6":"product_cat-rinkiniai","8":"first","9":"instock","10":"taxable","11":"shipping-taxable","12":"product-type-external"},"_links":{"self":[{"href":"https:\/\/miamedic.lt\/en\/wp-json\/wp\/v2\/product\/4887","targetHints":{"allow":["GET"]}}],"collection":[{"href":"https:\/\/miamedic.lt\/en\/wp-json\/wp\/v2\/product"}],"about":[{"href":"https:\/\/miamedic.lt\/en\/wp-json\/wp\/v2\/types\/product"}],"replies":[{"embeddable":true,"href":"https:\/\/miamedic.lt\/en\/wp-json\/wp\/v2\/comments?post=4887"}],"version-history":[{"count":3,"href":"https:\/\/miamedic.lt\/en\/wp-json\/wp\/v2\/product\/4887\/revisions"}],"predecessor-version":[{"id":12556,"href":"https:\/\/miamedic.lt\/en\/wp-json\/wp\/v2\/product\/4887\/revisions\/12556"}],"wp:featuredmedia":[{"embeddable":true,"href":"https:\/\/miamedic.lt\/en\/wp-json\/wp\/v2\/media\/4888"}],"wp:attachment":[{"href":"https:\/\/miamedic.lt\/en\/wp-json\/wp\/v2\/media?parent=4887"}],"wp:term":[{"taxonomy":"product_cat","embeddable":true,"href":"https:\/\/miamedic.lt\/en\/wp-json\/wp\/v2\/product_cat?post=4887"},{"taxonomy":"product_tag","embeddable":true,"href":"https:\/\/miamedic.lt\/en\/wp-json\/wp\/v2\/product_tag?post=4887"}],"curies":[{"name":"wp","href":"https:\/\/api.w.org\/{rel}","templated":true}]}}