{"id":4883,"date":"2025-03-31T09:03:02","date_gmt":"2025-03-31T09:03:02","guid":{"rendered":"https:\/\/www.miamedic.lt\/?post_type=product&#038;p=4883"},"modified":"2025-12-01T09:55:47","modified_gmt":"2025-12-01T09:55:47","slug":"experience-starter-kit","status":"publish","type":"product","link":"https:\/\/miamedic.lt\/en\/shop\/experience-starter-kit\/","title":{"rendered":"Experience Starter Kit"},"content":{"rendered":"<p class=\"\" data-start=\"0\" data-end=\"101\"><strong data-start=\"0\" data-end=\"101\">NOON Aesthetics\u2122 Experience Starter Kit \u2013 I\u0161skirtinis rinkinys, skirtas vis\u0173 tip\u0173 odos prie\u017ei\u016brai<\/strong><\/p>\n<p class=\"\" data-start=\"103\" data-end=\"455\">NOON Aesthetics\u2122 Experience Starter Kit \u2013 tai auk\u0161\u010diausios kokyb\u0117s odos prie\u017ei\u016bros rinkinys, sukurtas tam, kad suteikt\u0173 piln\u0105 ir veiksming\u0105 prie\u017ei\u016br\u0105 \u012fvairiems odos tipams. Rinkinys apima penkias unikali\u0173 savybi\u0173 turin\u010dias priemones, kurios kartu formuoja efektyvi\u0105 ir maloni\u0105 kasdien\u0119 rutin\u0105, padedan\u010di\u0105 pasiekti sveik\u0105, \u0161vytin\u010di\u0105 ir jaunatvi\u0161k\u0105 od\u0105.<\/p>\n<p class=\"\" data-start=\"457\" data-end=\"476\"><strong data-start=\"457\" data-end=\"476\">Rinkin\u012f sudaro:<\/strong><\/p>\n<ul data-start=\"478\" data-end=\"1783\">\n<li class=\"\" data-start=\"478\" data-end=\"785\">\n<p class=\"\" data-start=\"480\" data-end=\"785\"><strong data-start=\"480\" data-end=\"501\">Lacto-10 (15 ml):<\/strong> \u0160is kremas, turintis 10% pieno r\u016bg\u0161ties ir pa\u017eangi\u0105 <strong data-start=\"554\" data-end=\"569\">DermShield\u2122<\/strong> technologij\u0105, padeda spartinti odos atjauninim\u0105 ir pagerina jos tekst\u016br\u0105. Jis intensyviai dr\u0117kina od\u0105, gerina jos elastingum\u0105 ir u\u017etikrina, kad krem\u0105 gal\u0117t\u0173 naudoti visi odos tipai, nesukeliant sudirgimo ar sausumo.<\/p>\n<\/li>\n<li class=\"\" data-start=\"787\" data-end=\"1030\">\n<p class=\"\" data-start=\"789\" data-end=\"1030\"><strong data-start=\"789\" data-end=\"813\">Igloo Moist (15 ml):<\/strong> Dr\u0117kinamasis kremas su inovatyvia v\u0117sinimo technologija, turintis raminam\u0105j\u012f efekt\u0105. \u0160is kremas ne tik intensyviai dr\u0117kina od\u0105, bet ir didina jos elastingum\u0105 bei stiprum\u0105, taip atid\u0117damas sen\u0117jimo po\u017eymi\u0173 atsiradim\u0105.<\/p>\n<\/li>\n<li class=\"\" data-start=\"1032\" data-end=\"1323\">\n<p class=\"\" data-start=\"1034\" data-end=\"1323\"><strong data-start=\"1034\" data-end=\"1062\">Vit C Serum 11S (10 ml):<\/strong> Serumas, praturtintas auk\u0161ta vitamino C koncentracija, kuris \u0161viesina od\u0105, ma\u017eina pigmentines d\u0117mes ir suteikia sveik\u0105 \u0161vyt\u0117jim\u0105. \u0160is serumas padeda kovoti su laisvaisiais radikalais ir UV spinduli\u0173 daroma \u017eala, tod\u0117l odos tonas tampa tolygesnis ir \u0161viesesnis.<\/p>\n<\/li>\n<li class=\"\" data-start=\"1325\" data-end=\"1560\">\n<p class=\"\" data-start=\"1327\" data-end=\"1560\"><strong data-start=\"1327\" data-end=\"1355\">C Cleanser Foam (15 ml):<\/strong> Giliai valan\u010dios putos, pa\u0161alinan\u010dios perteklin\u012f sebum\u0105 ir ne\u0161varumus nuo odos pavir\u0161iaus. \u0160ios putos suteikia odai \u0161varos jausm\u0105, mink\u0161tum\u0105 ir elastingum\u0105, paruo\u0161damos j\u0105 tolimesniems prie\u017ei\u016bros etapams.<\/p>\n<\/li>\n<li class=\"\" data-start=\"1562\" data-end=\"1783\">\n<p class=\"\" data-start=\"1564\" data-end=\"1783\"><strong data-start=\"1564\" data-end=\"1612\">Hidrocalming and Vit Complex Ampoule (5 ml):<\/strong> Ampul\u0117 su hidrokalminiu ir vitamin\u0173 kompleksu, skirta nuraminti od\u0105 ir suteikti jai papildom\u0105 dr\u0117kinim\u0105 bei maitinim\u0105. Idealiai tinka po proced\u016br\u0173 ar esant jautriai odai.<\/p>\n<\/li>\n<\/ul>","protected":false},"excerpt":{"rendered":"<p>Rinkinys, skirtas vis\u0173 tip\u0173 odai<\/p>\n<p><strong>\u012esigyti Noon Aesthetics produktus galite tik po konsultacijos.<\/strong><\/p>","protected":false},"featured_media":4884,"comment_status":"open","ping_status":"closed","template":"","meta":[],"product_cat":[188],"product_tag":[],"class_list":{"0":"post-4883","1":"product","2":"type-product","3":"status-publish","4":"has-post-thumbnail","6":"product_cat-rinkiniai","7":"pa_brands-noon-aestetics","9":"first","10":"instock","11":"taxable","12":"shipping-taxable","13":"product-type-external"},"_links":{"self":[{"href":"https:\/\/miamedic.lt\/en\/wp-json\/wp\/v2\/product\/4883","targetHints":{"allow":["GET"]}}],"collection":[{"href":"https:\/\/miamedic.lt\/en\/wp-json\/wp\/v2\/product"}],"about":[{"href":"https:\/\/miamedic.lt\/en\/wp-json\/wp\/v2\/types\/product"}],"replies":[{"embeddable":true,"href":"https:\/\/miamedic.lt\/en\/wp-json\/wp\/v2\/comments?post=4883"}],"version-history":[{"count":3,"href":"https:\/\/miamedic.lt\/en\/wp-json\/wp\/v2\/product\/4883\/revisions"}],"predecessor-version":[{"id":12557,"href":"https:\/\/miamedic.lt\/en\/wp-json\/wp\/v2\/product\/4883\/revisions\/12557"}],"wp:featuredmedia":[{"embeddable":true,"href":"https:\/\/miamedic.lt\/en\/wp-json\/wp\/v2\/media\/4884"}],"wp:attachment":[{"href":"https:\/\/miamedic.lt\/en\/wp-json\/wp\/v2\/media?parent=4883"}],"wp:term":[{"taxonomy":"product_cat","embeddable":true,"href":"https:\/\/miamedic.lt\/en\/wp-json\/wp\/v2\/product_cat?post=4883"},{"taxonomy":"product_tag","embeddable":true,"href":"https:\/\/miamedic.lt\/en\/wp-json\/wp\/v2\/product_tag?post=4883"}],"curies":[{"name":"wp","href":"https:\/\/api.w.org\/{rel}","templated":true}]}}