{"id":4876,"date":"2025-03-31T08:50:55","date_gmt":"2025-03-31T08:50:55","guid":{"rendered":"https:\/\/www.miamedic.lt\/?post_type=product&#038;p=4876"},"modified":"2025-12-01T09:56:17","modified_gmt":"2025-12-01T09:56:17","slug":"anti-aging-starter-kit","status":"publish","type":"product","link":"https:\/\/miamedic.lt\/en\/shop\/anti-aging-starter-kit\/","title":{"rendered":"Anti-Aging Starter Kit"},"content":{"rendered":"<p class=\"\" data-start=\"0\" data-end=\"95\"><strong data-start=\"0\" data-end=\"95\">Noon Aesthetics kosmetinis rinkinys, skirtas brand\u017eiai, rauk\u0161li\u0173 turin\u010diai odai pri\u017ei\u016br\u0117ti.<\/strong><\/p>\n<p class=\"\" data-start=\"97\" data-end=\"373\">\u0160is rinkinys buvo sukurtas specialiai brand\u017eiai odai, siekiant suma\u017einti rauk\u0161les ir suteikti jaunatvi\u0161k\u0105 \u0161vyt\u0117jim\u0105. Rinkinys apima pa\u017eangius aktyviuosius ingredientus ir inovatyvias technologijas, skirtas veiksmingai atkurti odos sveikat\u0105 ir estetik\u0105.<\/p>\n<p class=\"\" data-start=\"375\" data-end=\"396\"><strong data-start=\"375\" data-end=\"396\">Rinkinyje rasite:<\/strong><\/p>\n<ul data-start=\"398\" data-end=\"1220\">\n<li class=\"\" data-start=\"398\" data-end=\"589\">\n<p class=\"\" data-start=\"400\" data-end=\"589\"><strong data-start=\"400\" data-end=\"428\">LactoCeramide-15 (15 ml)<\/strong> \u2013 raminantis ir dr\u0117kinantis kremas, praturtintas keramidais ir pieno r\u016bg\u0161timi, padedantis atkurti odos apsaugin\u012f barjer\u0105 ir suteikti jai elastingumo bei dr\u0117gm\u0117s.<\/p>\n<\/li>\n<li class=\"\" data-start=\"591\" data-end=\"734\">\n<p class=\"\" data-start=\"593\" data-end=\"734\"><strong data-start=\"593\" data-end=\"621\">Retinol Delicate (10 ml)<\/strong> \u2013 \u0161velnus, ta\u010diau efektyvus retinolis, kuris skatina odos atsinaujinim\u0105 ir ma\u017eina rauk\u0161les.<\/p>\n<\/li>\n<li class=\"\" data-start=\"736\" data-end=\"898\">\n<p class=\"\" data-start=\"738\" data-end=\"898\"><strong data-start=\"738\" data-end=\"771\">In-Depth Filler Cream (15 ml)<\/strong> \u2013 u\u017epildantis kremas su pa\u017eangiais dr\u0117kinimo ir atjauninimo ingredientais, kurie suteikia odai putlumo ir ma\u017eina gilias rauk\u0161les.<\/p>\n<\/li>\n<li class=\"\" data-start=\"900\" data-end=\"1046\">\n<p class=\"\" data-start=\"902\" data-end=\"1046\"><strong data-start=\"902\" data-end=\"935\">In-Depth Filler Serum (10 ml)<\/strong> \u2013 koncentruotas serumas, skirtas intensyviai u\u017epildyti ir atkurti od\u0105, suteikiant jai glotnumo ir elastingumo.<\/p>\n<\/li>\n<li class=\"\" data-start=\"1048\" data-end=\"1220\">\n<p class=\"\" data-start=\"1050\" data-end=\"1220\"><strong data-start=\"1050\" data-end=\"1089\">Lift Peptide Complex Ampoule (5 ml)<\/strong> \u2013 stiprinantis peptid\u0173 kompleksas, kuris padeda sustiprinti odos strukt\u016br\u0105, ma\u017eina rauk\u0161les ir suteikia odai stangrumo bei tonuso.<\/p>\n<\/li>\n<\/ul>\n<p class=\"\" data-start=\"1222\" data-end=\"1352\">\u0160is rinkinys yra puikus sprendimas, siekiantiems efektyviai kovoti su odos sen\u0117jimo po\u017eymiais ir atkurti jos jaunatvi\u0161k\u0105 i\u0161vaizd\u0105.<\/p>","protected":false},"excerpt":{"rendered":"<p class=\"\" data-start=\"0\" data-end=\"95\">Kosmetinis rinkinys, skirtas brand\u017eiai odai pri\u017ei\u016br\u0117ti<\/p>\n<p data-start=\"0\" data-end=\"95\"><strong>\u012esigyti Noon Aesthetics produktus galite tik po konsultacijos.<\/strong><\/p>","protected":false},"featured_media":4877,"comment_status":"open","ping_status":"closed","template":"","meta":[],"product_cat":[188],"product_tag":[],"class_list":{"0":"post-4876","1":"product","2":"type-product","3":"status-publish","4":"has-post-thumbnail","6":"product_cat-rinkiniai","7":"pa_brands-noon-aestetics","9":"first","10":"instock","11":"taxable","12":"shipping-taxable","13":"product-type-external"},"_links":{"self":[{"href":"https:\/\/miamedic.lt\/en\/wp-json\/wp\/v2\/product\/4876","targetHints":{"allow":["GET"]}}],"collection":[{"href":"https:\/\/miamedic.lt\/en\/wp-json\/wp\/v2\/product"}],"about":[{"href":"https:\/\/miamedic.lt\/en\/wp-json\/wp\/v2\/types\/product"}],"replies":[{"embeddable":true,"href":"https:\/\/miamedic.lt\/en\/wp-json\/wp\/v2\/comments?post=4876"}],"version-history":[{"count":2,"href":"https:\/\/miamedic.lt\/en\/wp-json\/wp\/v2\/product\/4876\/revisions"}],"predecessor-version":[{"id":12559,"href":"https:\/\/miamedic.lt\/en\/wp-json\/wp\/v2\/product\/4876\/revisions\/12559"}],"wp:featuredmedia":[{"embeddable":true,"href":"https:\/\/miamedic.lt\/en\/wp-json\/wp\/v2\/media\/4877"}],"wp:attachment":[{"href":"https:\/\/miamedic.lt\/en\/wp-json\/wp\/v2\/media?parent=4876"}],"wp:term":[{"taxonomy":"product_cat","embeddable":true,"href":"https:\/\/miamedic.lt\/en\/wp-json\/wp\/v2\/product_cat?post=4876"},{"taxonomy":"product_tag","embeddable":true,"href":"https:\/\/miamedic.lt\/en\/wp-json\/wp\/v2\/product_tag?post=4876"}],"curies":[{"name":"wp","href":"https:\/\/api.w.org\/{rel}","templated":true}]}}