{"id":4872,"date":"2025-03-31T08:28:42","date_gmt":"2025-03-31T08:28:42","guid":{"rendered":"https:\/\/www.miamedic.lt\/?post_type=product&#038;p=4872"},"modified":"2025-12-01T09:56:40","modified_gmt":"2025-12-01T09:56:40","slug":"noon-sos-kremas","status":"publish","type":"product","link":"https:\/\/miamedic.lt\/en\/shop\/noon-sos-kremas\/","title":{"rendered":"NOON SOS kremas"},"content":{"rendered":"<p class=\"\" data-start=\"0\" data-end=\"77\"><strong data-start=\"0\" data-end=\"77\">Noon SOS\u2122 Smart Occlusive System Okliuzij\u0105 Suteikiantis Veido Kremas 50 g<\/strong><\/p>\n<p class=\"\" data-start=\"79\" data-end=\"399\">Noon SOS\u2122 veido kremas \u2013 tai intensyvi dr\u0117kinimo ir atstatymo priemon\u0117, skirta sausai ir labai sausai odai. \u0160is kremas atkuria odos barjerin\u0119 funkcij\u0105, u\u017etikrina ilgalaik\u012f dr\u0117kinim\u0105 ir apsaugo nuo aplinkos veiksni\u0173, naudojant okliuzinius lipidus ir fiziologini\u0173 lipid\u0173 kompleks\u0105, kuris efektyviai atkuria odos funkcijas.<\/p>\n<p class=\"\" data-start=\"401\" data-end=\"416\"><strong data-start=\"401\" data-end=\"416\">Privalumai:<\/strong><\/p>\n<ul data-start=\"418\" data-end=\"1014\">\n<li class=\"\" data-start=\"418\" data-end=\"578\">\n<p class=\"\" data-start=\"420\" data-end=\"578\"><strong data-start=\"420\" data-end=\"457\">Apsaugo od\u0105 nuo aplinkos veiksni\u0173<\/strong> \u2013 kremas sukuria apsaugin\u0119 barjer\u0105, neleid\u017eian\u010di\u0105 neigiamam aplinkos poveikiui (v\u0117jas, \u0161altis, oro tar\u0161a) paveikti odos.<\/p>\n<\/li>\n<li class=\"\" data-start=\"579\" data-end=\"732\">\n<p class=\"\" data-start=\"581\" data-end=\"732\"><strong data-start=\"581\" data-end=\"607\">Atkuria odos funkcijas<\/strong> \u2013 efektyviai atstato odos barjer\u0105 ir funkcijas po pa\u017eeidim\u0173 ar \u012ftr\u016bkim\u0173, taip u\u017etikrindamas ilgalaik\u012f dr\u0117kinim\u0105 ir komfort\u0105.<\/p>\n<\/li>\n<li class=\"\" data-start=\"733\" data-end=\"856\">\n<p class=\"\" data-start=\"735\" data-end=\"856\"><strong data-start=\"735\" data-end=\"760\">Intensyvus dr\u0117kinimas<\/strong> \u2013 idealus pasirinkimas itin sausai odai, u\u017etikrinantis greit\u0105 ir ilgalaik\u012f dr\u0117kinam\u0105j\u012f poveik\u012f.<\/p>\n<\/li>\n<li class=\"\" data-start=\"857\" data-end=\"1014\">\n<p class=\"\" data-start=\"859\" data-end=\"1014\"><strong data-start=\"859\" data-end=\"885\">Po estetini\u0173 proced\u016br\u0173<\/strong> \u2013 rekomenduojama naudoti po proced\u016br\u0173, kurios gali pa\u017eeisti odos barjer\u0105, pvz., piling\u0173, retinoid\u0173, ir kit\u0173 invazini\u0173 proced\u016br\u0173.<\/p>\n<\/li>\n<\/ul>","protected":false},"excerpt":{"rendered":"<p>Intensyviai dr\u0117kinantis ir atstatantis kremas<\/p>\n<p><strong>\u012esigyti Noon Aesthetics produktus galite tik po konsultacijos.<\/strong><\/p>","protected":false},"featured_media":4873,"comment_status":"open","ping_status":"closed","template":"","meta":[],"product_cat":[180,129],"product_tag":[],"class_list":{"0":"post-4872","1":"product","2":"type-product","3":"status-publish","4":"has-post-thumbnail","6":"product_cat-naktiniai-kremai","7":"product_cat-veido-kremai","8":"pa_brands-noon-aestetics","9":"pa_talpa-50g","11":"first","12":"instock","13":"taxable","14":"shipping-taxable","15":"product-type-external"},"_links":{"self":[{"href":"https:\/\/miamedic.lt\/en\/wp-json\/wp\/v2\/product\/4872","targetHints":{"allow":["GET"]}}],"collection":[{"href":"https:\/\/miamedic.lt\/en\/wp-json\/wp\/v2\/product"}],"about":[{"href":"https:\/\/miamedic.lt\/en\/wp-json\/wp\/v2\/types\/product"}],"replies":[{"embeddable":true,"href":"https:\/\/miamedic.lt\/en\/wp-json\/wp\/v2\/comments?post=4872"}],"version-history":[{"count":3,"href":"https:\/\/miamedic.lt\/en\/wp-json\/wp\/v2\/product\/4872\/revisions"}],"predecessor-version":[{"id":6419,"href":"https:\/\/miamedic.lt\/en\/wp-json\/wp\/v2\/product\/4872\/revisions\/6419"}],"wp:featuredmedia":[{"embeddable":true,"href":"https:\/\/miamedic.lt\/en\/wp-json\/wp\/v2\/media\/4873"}],"wp:attachment":[{"href":"https:\/\/miamedic.lt\/en\/wp-json\/wp\/v2\/media?parent=4872"}],"wp:term":[{"taxonomy":"product_cat","embeddable":true,"href":"https:\/\/miamedic.lt\/en\/wp-json\/wp\/v2\/product_cat?post=4872"},{"taxonomy":"product_tag","embeddable":true,"href":"https:\/\/miamedic.lt\/en\/wp-json\/wp\/v2\/product_tag?post=4872"}],"curies":[{"name":"wp","href":"https:\/\/api.w.org\/{rel}","templated":true}]}}