{"id":4868,"date":"2025-03-31T08:21:51","date_gmt":"2025-03-31T08:21:51","guid":{"rendered":"https:\/\/www.miamedic.lt\/?post_type=product&#038;p=4868"},"modified":"2025-12-01T09:57:14","modified_gmt":"2025-12-01T09:57:14","slug":"noon-omg-kremas","status":"publish","type":"product","link":"https:\/\/miamedic.lt\/en\/shop\/noon-omg-kremas\/","title":{"rendered":"NOON OMG kremas"},"content":{"rendered":"<p class=\"\" data-start=\"0\" data-end=\"88\"><strong data-start=\"0\" data-end=\"88\">Noon OMG\u2122 Optimal Moisturizing Guardian Dr\u0117kinantis ir Apsaugantis Veido Kremas 50 g<\/strong><\/p>\n<p class=\"\" data-start=\"90\" data-end=\"401\">Noon OMG\u2122 veido kremas yra praturtintas unikalia lipid\u0173 formul\u0117, kuri atitinka fiziologini\u0173 odos lipid\u0173 balans\u0105 (3:1:1:1), padedant atkurti ir apsaugoti od\u0105 nuo i\u0161orini\u0173 pa\u017eeidim\u0173. \u0160is kremas suteikia odai b\u016btinas med\u017eiagas \u2013 lipidus ir antioksidantus, kurie u\u017etikrina intensyv\u0173 dr\u0117kinim\u0105, maitinim\u0105 ir apsaug\u0105.<\/p>\n<p class=\"\" data-start=\"403\" data-end=\"418\"><strong data-start=\"403\" data-end=\"418\">Privalumai:<\/strong><\/p>\n<ul data-start=\"420\" data-end=\"1215\">\n<li class=\"\" data-start=\"420\" data-end=\"617\">\n<p class=\"\" data-start=\"422\" data-end=\"617\"><strong data-start=\"422\" data-end=\"446\">Apsaugo odos barjer\u0105<\/strong> \u2013 kremas papildys od\u0105 nat\u016braliais lipidais, tokiais kaip keramidais 2, 3, 6, cholesteroliu ir b\u016btinomis riebiosiomis r\u016bg\u0161timis, padedant i\u0161laikyti odos apsaugin\u012f barjer\u0105.<\/p>\n<\/li>\n<li class=\"\" data-start=\"618\" data-end=\"756\">\n<p class=\"\" data-start=\"620\" data-end=\"756\"><strong data-start=\"620\" data-end=\"667\">Pagerina odos i\u0161vaizd\u0105 ir pagreitina gijim\u0105<\/strong> \u2013 formul\u0117 padeda atkurti odos sveik\u0105 ir skaisti i\u0161vaizd\u0105, paspartindama gijimo procesus.<\/p>\n<\/li>\n<li class=\"\" data-start=\"757\" data-end=\"933\">\n<p class=\"\" data-start=\"759\" data-end=\"933\"><strong data-start=\"759\" data-end=\"787\">Antioksidacinis poveikis<\/strong> \u2013 suteikia stipr\u0173 ir ilgai i\u0161liekant\u012f apsaug\u0105 nuo laisv\u0173j\u0173 radikal\u0173, naudojant tokius ingredientus kaip Dr\u0117kinantis fulerenas\u2122 ir Ferulo r\u016bg\u0161tis.<\/p>\n<\/li>\n<li class=\"\" data-start=\"934\" data-end=\"1077\">\n<p class=\"\" data-start=\"936\" data-end=\"1077\"><strong data-start=\"936\" data-end=\"962\">Suma\u017eina odos jautrum\u0105<\/strong> \u2013 idealiai tinka sustiprinti odos funkcijas ir suma\u017einti jautrum\u0105 prie\u0161 ir po invazini\u0173 bei neinvazini\u0173 proced\u016br\u0173.<\/p>\n<\/li>\n<li class=\"\" data-start=\"1078\" data-end=\"1215\">\n<p class=\"\" data-start=\"1080\" data-end=\"1215\"><strong data-start=\"1080\" data-end=\"1123\">Sinergija su AHA r\u016bg\u0161timis ir retinoliu<\/strong> \u2013 puikiai dera su nam\u0173 prie\u017ei\u016bros priemon\u0117mis, kuri\u0173 sud\u0117tyje yra AHA r\u016bg\u0161\u010di\u0173 ir retinolio.<\/p>\n<\/li>\n<\/ul>","protected":false},"excerpt":{"rendered":"<p>Dr\u0117kinantis ir apsaugantis veido kremas<\/p>\n<p><strong>\u012esigyti Noon Aesthetics produktus galite tik po konsultacijos.<\/strong><\/p>","protected":false},"featured_media":12265,"comment_status":"open","ping_status":"closed","template":"","meta":[],"product_cat":[180,129],"product_tag":[],"class_list":{"0":"post-4868","1":"product","2":"type-product","3":"status-publish","4":"has-post-thumbnail","6":"product_cat-naktiniai-kremai","7":"product_cat-veido-kremai","8":"pa_brands-noon-aestetics","9":"pa_talpa-50g","11":"first","12":"instock","13":"taxable","14":"shipping-taxable","15":"product-type-external"},"_links":{"self":[{"href":"https:\/\/miamedic.lt\/en\/wp-json\/wp\/v2\/product\/4868","targetHints":{"allow":["GET"]}}],"collection":[{"href":"https:\/\/miamedic.lt\/en\/wp-json\/wp\/v2\/product"}],"about":[{"href":"https:\/\/miamedic.lt\/en\/wp-json\/wp\/v2\/types\/product"}],"replies":[{"embeddable":true,"href":"https:\/\/miamedic.lt\/en\/wp-json\/wp\/v2\/comments?post=4868"}],"version-history":[{"count":3,"href":"https:\/\/miamedic.lt\/en\/wp-json\/wp\/v2\/product\/4868\/revisions"}],"predecessor-version":[{"id":6420,"href":"https:\/\/miamedic.lt\/en\/wp-json\/wp\/v2\/product\/4868\/revisions\/6420"}],"wp:featuredmedia":[{"embeddable":true,"href":"https:\/\/miamedic.lt\/en\/wp-json\/wp\/v2\/media\/12265"}],"wp:attachment":[{"href":"https:\/\/miamedic.lt\/en\/wp-json\/wp\/v2\/media?parent=4868"}],"wp:term":[{"taxonomy":"product_cat","embeddable":true,"href":"https:\/\/miamedic.lt\/en\/wp-json\/wp\/v2\/product_cat?post=4868"},{"taxonomy":"product_tag","embeddable":true,"href":"https:\/\/miamedic.lt\/en\/wp-json\/wp\/v2\/product_tag?post=4868"}],"curies":[{"name":"wp","href":"https:\/\/api.w.org\/{rel}","templated":true}]}}