{"id":4861,"date":"2025-03-31T07:59:52","date_gmt":"2025-03-31T07:59:52","guid":{"rendered":"https:\/\/www.miamedic.lt\/?post_type=product&#038;p=4861"},"modified":"2025-12-01T09:57:41","modified_gmt":"2025-12-01T09:57:41","slug":"restart-serum-refill","status":"publish","type":"product","link":"https:\/\/miamedic.lt\/en\/shop\/restart-serum-refill\/","title":{"rendered":"Restart Serum refill"},"content":{"rendered":"<p class=\"\" data-start=\"0\" data-end=\"90\"><strong data-start=\"0\" data-end=\"90\">Noon Restart Serum\u2122 refill\u2013 Stipraus Antioksidacinio Veido Serumo Sen\u0117jimo Po\u017eymiams Ma\u017einti Papildymas<\/strong><\/p>\n<p class=\"\" data-start=\"92\" data-end=\"418\">Noon Restart Serum\u2122 yra pa\u017eangus veido serumas, sukurtas kovoti su sen\u0117jimo po\u017eymiais ir apsaugoti od\u0105 nuo oksidacinio streso, kur\u012f sukelia UV spinduliai, oro tar\u0161a ir kiti aplinkos veiksniai. \u0160is stiprus antioksidacinis serumas padeda atkurti odos skaistum\u0105 ir \u0161vyt\u0117jim\u0105, ma\u017eina pigmentines d\u0117mes bei l\u0117tina sen\u0117jimo proces\u0105.<\/p>\n<p class=\"\" data-start=\"420\" data-end=\"435\"><strong data-start=\"420\" data-end=\"435\">Privalumai:<\/strong><\/p>\n<ul data-start=\"437\" data-end=\"648\">\n<li class=\"\" data-start=\"437\" data-end=\"492\">\n<p class=\"\" data-start=\"439\" data-end=\"492\">Saugiai apsaugo od\u0105 nuo ilgalaikio oksidacinio streso<\/p>\n<\/li>\n<li class=\"\" data-start=\"493\" data-end=\"536\">\n<p class=\"\" data-start=\"495\" data-end=\"536\">Atstato odos \u0161vyt\u0117jim\u0105 ir sveik\u0105 i\u0161vaizd\u0105<\/p>\n<\/li>\n<li class=\"\" data-start=\"537\" data-end=\"596\">\n<p class=\"\" data-start=\"539\" data-end=\"596\">Padeda ma\u017einti pigmentines d\u0117mes ir suvienodina odos ton\u0105<\/p>\n<\/li>\n<li class=\"\" data-start=\"597\" data-end=\"648\">\n<p class=\"\" data-start=\"599\" data-end=\"648\">Veikia prie\u0161 sen\u0117jim\u0105, skatina odos atsinaujinim\u0105<\/p>\n<\/li>\n<\/ul>\n<p class=\"\" data-start=\"650\" data-end=\"676\"><strong data-start=\"650\" data-end=\"676\">Veikliosios med\u017eiagos:<\/strong><\/p>\n<ul data-start=\"678\" data-end=\"1085\">\n<li class=\"\" data-start=\"678\" data-end=\"806\">\n<p class=\"\" data-start=\"680\" data-end=\"806\"><strong data-start=\"680\" data-end=\"710\">Antioksidacinis fulerenas\u2122<\/strong> \u2013 stiprus antioksidantas, kuris padeda apsaugoti od\u0105 nuo laisv\u0173j\u0173 radikal\u0173 ir aplinkos ter\u0161al\u0173.<\/p>\n<\/li>\n<li class=\"\" data-start=\"807\" data-end=\"938\">\n<p class=\"\" data-start=\"809\" data-end=\"938\"><strong data-start=\"809\" data-end=\"838\">Grynas resveratrolis (1%)<\/strong> \u2013 galingas antioksidantas, kuris kovoja su sen\u0117jimo po\u017eymiais ir padeda atkurti odos jaunatvi\u0161kum\u0105.<\/p>\n<\/li>\n<li class=\"\" data-start=\"939\" data-end=\"1085\">\n<p class=\"\" data-start=\"941\" data-end=\"1085\"><strong data-start=\"941\" data-end=\"954\">APPS (2%)<\/strong> \u2013 stabilizuotas vitaminas C (Trisodium Ascorbyl 6-Palmitate 2-Phosphate), kuris padeda \u0161viesinti od\u0105 ir ma\u017einti pigmentines d\u0117mes.<\/p>\n<\/li>\n<\/ul>\n<p class=\"\" data-start=\"1087\" data-end=\"1254\"><strong data-start=\"1087\" data-end=\"1107\">Naudojimo b\u016bdas:<\/strong> Tepti nedidel\u012f kiek\u012f serumo ant \u0161varios odos veido, kaklo ir dekolt\u0117 srities ryte ir vakare arba pagal odos prie\u017ei\u016bros specialisto rekomendacijas.<\/p>","protected":false},"excerpt":{"rendered":"<p>Veido serumo papildymas<\/p>\n<p><strong>\u012esigyti Noon Aesthetics produktus galite tik po konsultacijos.<\/strong><\/p>","protected":false},"featured_media":4863,"comment_status":"open","ping_status":"closed","template":"","meta":[],"product_cat":[107],"product_tag":[],"class_list":{"0":"post-4861","1":"product","2":"type-product","3":"status-publish","4":"has-post-thumbnail","6":"product_cat-serumai","7":"pa_brands-noon-aestetics","8":"pa_talpa-50g","10":"first","11":"instock","12":"taxable","13":"shipping-taxable","14":"product-type-external"},"_links":{"self":[{"href":"https:\/\/miamedic.lt\/en\/wp-json\/wp\/v2\/product\/4861","targetHints":{"allow":["GET"]}}],"collection":[{"href":"https:\/\/miamedic.lt\/en\/wp-json\/wp\/v2\/product"}],"about":[{"href":"https:\/\/miamedic.lt\/en\/wp-json\/wp\/v2\/types\/product"}],"replies":[{"embeddable":true,"href":"https:\/\/miamedic.lt\/en\/wp-json\/wp\/v2\/comments?post=4861"}],"version-history":[{"count":6,"href":"https:\/\/miamedic.lt\/en\/wp-json\/wp\/v2\/product\/4861\/revisions"}],"predecessor-version":[{"id":12664,"href":"https:\/\/miamedic.lt\/en\/wp-json\/wp\/v2\/product\/4861\/revisions\/12664"}],"wp:featuredmedia":[{"embeddable":true,"href":"https:\/\/miamedic.lt\/en\/wp-json\/wp\/v2\/media\/4863"}],"wp:attachment":[{"href":"https:\/\/miamedic.lt\/en\/wp-json\/wp\/v2\/media?parent=4861"}],"wp:term":[{"taxonomy":"product_cat","embeddable":true,"href":"https:\/\/miamedic.lt\/en\/wp-json\/wp\/v2\/product_cat?post=4861"},{"taxonomy":"product_tag","embeddable":true,"href":"https:\/\/miamedic.lt\/en\/wp-json\/wp\/v2\/product_tag?post=4861"}],"curies":[{"name":"wp","href":"https:\/\/api.w.org\/{rel}","templated":true}]}}