{"id":4854,"date":"2025-03-29T16:30:00","date_gmt":"2025-03-29T16:30:00","guid":{"rendered":"https:\/\/www.miamedic.lt\/?post_type=product&#038;p=4854"},"modified":"2025-12-01T09:58:14","modified_gmt":"2025-12-01T09:58:14","slug":"hydrocalming-vit-complex","status":"publish","type":"product","link":"https:\/\/miamedic.lt\/en\/shop\/hydrocalming-vit-complex\/","title":{"rendered":"HydroCalming &amp; Vit Complex"},"content":{"rendered":"<p class=\"\" data-start=\"0\" data-end=\"80\"><strong data-start=\"0\" data-end=\"80\">HydroCalming &amp; Vit Complex \u2013 Intensyvus Odos Dr\u0117kinimo ir Ramyb\u0117s Kompleksas<\/strong><\/p>\n<p class=\"\" data-start=\"82\" data-end=\"422\">HydroCalming &amp; Vit Complex yra koncentruotas ir efektyvus augalini\u0173 ekstrakt\u0173, dr\u0117kinan\u010di\u0173 faktori\u0173 bei vitamin\u0173 derinys, skirtas intensyviai odos prie\u017ei\u016brai. \u0160i pa\u017eangi sistema ramina od\u0105 po \u012fvairi\u0173 veido odos proced\u016br\u0173, padeda palaikyti jos dr\u0117gm\u0117s lyg\u012f ir apr\u016bpina j\u0105 svarbiais vitaminais, kuri\u0173 reikia sveikai ir jaunatvi\u0161kai i\u0161vaizdai.<\/p>\n<p class=\"\" data-start=\"424\" data-end=\"439\"><strong data-start=\"424\" data-end=\"439\">Privalumai:<\/strong><\/p>\n<ul data-start=\"441\" data-end=\"625\">\n<li class=\"\" data-start=\"441\" data-end=\"478\">\n<p class=\"\" data-start=\"443\" data-end=\"478\">Intensyviai ramina od\u0105 po proced\u016br\u0173<\/p>\n<\/li>\n<li class=\"\" data-start=\"479\" data-end=\"516\">\n<p class=\"\" data-start=\"481\" data-end=\"516\">Efektyviai gerina odos dr\u0117gm\u0117s lyg\u012f<\/p>\n<\/li>\n<li class=\"\" data-start=\"517\" data-end=\"577\">\n<p class=\"\" data-start=\"519\" data-end=\"577\">Apr\u016bpina od\u0105 esminiais vitaminais ir palaiko odos sveikat\u0105<\/p>\n<\/li>\n<li class=\"\" data-start=\"578\" data-end=\"625\">\n<p class=\"\" data-start=\"580\" data-end=\"625\">Didina odos turgor\u0105, suteikia jai elastingumo<\/p>\n<\/li>\n<\/ul>\n<p class=\"\" data-start=\"627\" data-end=\"803\"><strong data-start=\"627\" data-end=\"647\">Naudojimo b\u016bdas:<\/strong> Tepti plon\u0105 sluoksn\u012f HydroCalming &amp; Vit Complex ant \u0161varios veido ir kaklo odos, 2 kartus per dien\u0105 arba pagal odos prie\u017ei\u016bros specialisto rekomendacijas.<\/p>","protected":false},"excerpt":{"rendered":"<p>Od\u0105 dr\u0117kinan\u010dios ampul\u0117s<\/p>\n<p><strong>\u012esigyti Noon Aesthetics produktus galite tik po konsultacijos.<\/strong><\/p>","protected":false},"featured_media":12260,"comment_status":"open","ping_status":"closed","template":"","meta":[],"product_cat":[187,107],"product_tag":[],"class_list":{"0":"post-4854","1":"product","2":"type-product","3":"status-publish","4":"has-post-thumbnail","6":"product_cat-ampules","7":"product_cat-serumai","8":"pa_brands-noon-aestetics","9":"pa_talpa-15ml","11":"first","12":"instock","13":"taxable","14":"shipping-taxable","15":"product-type-external"},"_links":{"self":[{"href":"https:\/\/miamedic.lt\/en\/wp-json\/wp\/v2\/product\/4854","targetHints":{"allow":["GET"]}}],"collection":[{"href":"https:\/\/miamedic.lt\/en\/wp-json\/wp\/v2\/product"}],"about":[{"href":"https:\/\/miamedic.lt\/en\/wp-json\/wp\/v2\/types\/product"}],"replies":[{"embeddable":true,"href":"https:\/\/miamedic.lt\/en\/wp-json\/wp\/v2\/comments?post=4854"}],"version-history":[{"count":2,"href":"https:\/\/miamedic.lt\/en\/wp-json\/wp\/v2\/product\/4854\/revisions"}],"predecessor-version":[{"id":10059,"href":"https:\/\/miamedic.lt\/en\/wp-json\/wp\/v2\/product\/4854\/revisions\/10059"}],"wp:featuredmedia":[{"embeddable":true,"href":"https:\/\/miamedic.lt\/en\/wp-json\/wp\/v2\/media\/12260"}],"wp:attachment":[{"href":"https:\/\/miamedic.lt\/en\/wp-json\/wp\/v2\/media?parent=4854"}],"wp:term":[{"taxonomy":"product_cat","embeddable":true,"href":"https:\/\/miamedic.lt\/en\/wp-json\/wp\/v2\/product_cat?post=4854"},{"taxonomy":"product_tag","embeddable":true,"href":"https:\/\/miamedic.lt\/en\/wp-json\/wp\/v2\/product_tag?post=4854"}],"curies":[{"name":"wp","href":"https:\/\/api.w.org\/{rel}","templated":true}]}}