{"id":4851,"date":"2025-03-29T16:24:18","date_gmt":"2025-03-29T16:24:18","guid":{"rendered":"https:\/\/www.miamedic.lt\/?post_type=product&#038;p=4851"},"modified":"2025-12-01T09:59:30","modified_gmt":"2025-12-01T09:59:30","slug":"liftwhitening-peptide-complex","status":"publish","type":"product","link":"https:\/\/miamedic.lt\/en\/shop\/liftwhitening-peptide-complex\/","title":{"rendered":"Lift&amp;Whitening Peptide Complex"},"content":{"rendered":"<p class=\"\" data-start=\"0\" data-end=\"155\"><strong data-start=\"0\" data-end=\"36\">Lift &amp; Whitening Peptide Complex<\/strong> \u2013 tai efektyvus ir koncentruotas peptid\u0173 mi\u0161inys, sukurtas pasiekti matomus odos atjauninimo ir \u0161viesinimo rezultatus.<\/p>\n<p class=\"\" data-start=\"157\" data-end=\"200\"><strong data-start=\"157\" data-end=\"200\">Lift &amp; Whitening Peptide Complex nauda:<\/strong><\/p>\n<ul data-start=\"201\" data-end=\"557\" data-is-last-node=\"\" data-is-only-node=\"\">\n<li class=\"\" data-start=\"201\" data-end=\"271\">\n<p class=\"\" data-start=\"203\" data-end=\"271\">Aktyvina odos atsinaujinim\u0105 per kelis skirtingus veikimo mechanizmus<\/p>\n<\/li>\n<li class=\"\" data-start=\"272\" data-end=\"332\">\n<p class=\"\" data-start=\"274\" data-end=\"332\">\u017denkliai suma\u017eina rauk\u0161li\u0173 gyl\u012f ir pagerina odos strukt\u016br\u0105<\/p>\n<\/li>\n<li class=\"\" data-start=\"333\" data-end=\"397\">\n<p class=\"\" data-start=\"335\" data-end=\"397\">Pagerina odos dr\u0117gm\u0117s lyg\u012f ir turgor\u0105, suteikdamas jai gaivumo<\/p>\n<\/li>\n<li class=\"\" data-start=\"398\" data-end=\"477\">\n<p class=\"\" data-start=\"400\" data-end=\"477\">Stiprina odos mitybos lyg\u012f ir elastingum\u0105, padedant odai atrodyti stangresnei<\/p>\n<\/li>\n<li class=\"\" data-start=\"478\" data-end=\"557\">\n<p class=\"\" data-start=\"480\" data-end=\"557\">Suteikia \u0161viesinant\u012f efekt\u0105, suvienodindamas odos ton\u0105 ir pa\u0161alindamas d\u0117mes.<\/p>\n<\/li>\n<\/ul>","protected":false},"excerpt":{"rendered":"<p>Od\u0105 \u0161viesinan\u010dios ampul\u0117s<\/p>\n<p><strong>\u012esigyti Noon Aesthetics produktus galite tik po konsultacijos.<\/strong><\/p>","protected":false},"featured_media":4852,"comment_status":"open","ping_status":"closed","template":"","meta":[],"product_cat":[187],"product_tag":[],"class_list":{"0":"post-4851","1":"product","2":"type-product","3":"status-publish","4":"has-post-thumbnail","6":"product_cat-ampules","7":"pa_brands-noon-aestetics","8":"pa_talpa-3x5ml","10":"first","11":"instock","12":"taxable","13":"shipping-taxable","14":"product-type-external"},"_links":{"self":[{"href":"https:\/\/miamedic.lt\/en\/wp-json\/wp\/v2\/product\/4851","targetHints":{"allow":["GET"]}}],"collection":[{"href":"https:\/\/miamedic.lt\/en\/wp-json\/wp\/v2\/product"}],"about":[{"href":"https:\/\/miamedic.lt\/en\/wp-json\/wp\/v2\/types\/product"}],"replies":[{"embeddable":true,"href":"https:\/\/miamedic.lt\/en\/wp-json\/wp\/v2\/comments?post=4851"}],"version-history":[{"count":2,"href":"https:\/\/miamedic.lt\/en\/wp-json\/wp\/v2\/product\/4851\/revisions"}],"predecessor-version":[{"id":12561,"href":"https:\/\/miamedic.lt\/en\/wp-json\/wp\/v2\/product\/4851\/revisions\/12561"}],"wp:featuredmedia":[{"embeddable":true,"href":"https:\/\/miamedic.lt\/en\/wp-json\/wp\/v2\/media\/4852"}],"wp:attachment":[{"href":"https:\/\/miamedic.lt\/en\/wp-json\/wp\/v2\/media?parent=4851"}],"wp:term":[{"taxonomy":"product_cat","embeddable":true,"href":"https:\/\/miamedic.lt\/en\/wp-json\/wp\/v2\/product_cat?post=4851"},{"taxonomy":"product_tag","embeddable":true,"href":"https:\/\/miamedic.lt\/en\/wp-json\/wp\/v2\/product_tag?post=4851"}],"curies":[{"name":"wp","href":"https:\/\/api.w.org\/{rel}","templated":true}]}}