{"id":4848,"date":"2025-03-29T16:18:32","date_gmt":"2025-03-29T16:18:32","guid":{"rendered":"https:\/\/www.miamedic.lt\/?post_type=product&#038;p=4848"},"modified":"2025-12-01T09:59:43","modified_gmt":"2025-12-01T09:59:43","slug":"noon-acno-complex","status":"publish","type":"product","link":"https:\/\/miamedic.lt\/en\/shop\/noon-acno-complex\/","title":{"rendered":"AcNo Complex"},"content":{"rendered":"<p class=\"\" data-start=\"0\" data-end=\"72\"><strong data-start=\"0\" data-end=\"72\">AcNo Complex \u2013 Koncentruotas Antibakterinis Mi\u0161inys Probleminei Odai<\/strong><\/p>\n<p class=\"\" data-start=\"74\" data-end=\"560\"><strong data-start=\"74\" data-end=\"90\">AcNo Complex<\/strong> \u2013 tai stiprus ir efektyvus antibakterini\u0173 med\u017eiag\u0173 kompleksas, sukurtas specialiai sudirgusiai ir probleminei odai. \u0160is unikalus mi\u0161inys slopina sebumo gamyb\u0105, ma\u017eina odos riebalavim\u0105si ir reguliuoja odos b\u016bkl\u0119. <strong data-start=\"303\" data-end=\"319\">AcNo Complex<\/strong> padeda suma\u017einti odos paraudimus, spuogelius ir u\u017edegimus, tuo pa\u010diu apr\u016bpindamas od\u0105 intensyviu dr\u0117kinimu ir j\u0105 lygindamas. \u0160ios ampul\u0117s gali b\u016bti naudojamos tiek atskirai, tiek elektroporacijos metodais naudojant kosmetologinius aparatus.<\/p>\n<p class=\"\" data-start=\"562\" data-end=\"767\"><strong data-start=\"562\" data-end=\"582\">Naudojimo b\u016bdas:<\/strong><br data-start=\"582\" data-end=\"585\" \/>Nulau\u017ekite ampul\u0117s galiuko dangtel\u012f, palikdami aplikatori\u0173 atidengt\u0105. Tepkite vis\u0105 turin\u012f ant veido ir kaklo 2 kartus per dien\u0105 arba pagal odos prie\u017ei\u016bros specialisto rekomendacijas.<\/p>","protected":false},"excerpt":{"rendered":"<p>Ampul\u0117s probleminei odai<\/p>\n<p><strong>\u012esigyti Noon Aesthetics produktus galite tik po konsultacijos.<\/strong><\/p>","protected":false},"featured_media":12262,"comment_status":"open","ping_status":"closed","template":"","meta":[],"product_cat":[187,107],"product_tag":[],"class_list":{"0":"post-4848","1":"product","2":"type-product","3":"status-publish","4":"has-post-thumbnail","6":"product_cat-ampules","7":"product_cat-serumai","8":"pa_brands-noon-aestetics","9":"pa_talpa-3x5ml","11":"first","12":"instock","13":"taxable","14":"shipping-taxable","15":"product-type-external"},"_links":{"self":[{"href":"https:\/\/miamedic.lt\/en\/wp-json\/wp\/v2\/product\/4848","targetHints":{"allow":["GET"]}}],"collection":[{"href":"https:\/\/miamedic.lt\/en\/wp-json\/wp\/v2\/product"}],"about":[{"href":"https:\/\/miamedic.lt\/en\/wp-json\/wp\/v2\/types\/product"}],"replies":[{"embeddable":true,"href":"https:\/\/miamedic.lt\/en\/wp-json\/wp\/v2\/comments?post=4848"}],"version-history":[{"count":3,"href":"https:\/\/miamedic.lt\/en\/wp-json\/wp\/v2\/product\/4848\/revisions"}],"predecessor-version":[{"id":12263,"href":"https:\/\/miamedic.lt\/en\/wp-json\/wp\/v2\/product\/4848\/revisions\/12263"}],"wp:featuredmedia":[{"embeddable":true,"href":"https:\/\/miamedic.lt\/en\/wp-json\/wp\/v2\/media\/12262"}],"wp:attachment":[{"href":"https:\/\/miamedic.lt\/en\/wp-json\/wp\/v2\/media?parent=4848"}],"wp:term":[{"taxonomy":"product_cat","embeddable":true,"href":"https:\/\/miamedic.lt\/en\/wp-json\/wp\/v2\/product_cat?post=4848"},{"taxonomy":"product_tag","embeddable":true,"href":"https:\/\/miamedic.lt\/en\/wp-json\/wp\/v2\/product_tag?post=4848"}],"curies":[{"name":"wp","href":"https:\/\/api.w.org\/{rel}","templated":true}]}}