{"id":4842,"date":"2025-03-29T16:00:56","date_gmt":"2025-03-29T16:00:56","guid":{"rendered":"https:\/\/www.miamedic.lt\/?post_type=product&#038;p=4842"},"modified":"2025-12-01T10:00:03","modified_gmt":"2025-12-01T10:00:03","slug":"retinol-charisma-delicate","status":"publish","type":"product","link":"https:\/\/miamedic.lt\/en\/shop\/retinol-charisma-delicate\/","title":{"rendered":"Retinol Charisma Delicate"},"content":{"rendered":"<p class=\"\" data-start=\"0\" data-end=\"65\"><strong data-start=\"0\" data-end=\"65\">Retinol Charisma Delicate \u2013 Prie\u0161 Sen\u0117jim\u0105 Nukreipta Priemon\u0117<\/strong><\/p>\n<p class=\"\" data-start=\"67\" data-end=\"312\">Retinol Charisma Delicate yra sustiprinto poveikio priemon\u0117, skirta kovoti su odos sen\u0117jimu. Ji atjaunina, stiprina, \u0161viesina od\u0105 ir padeda suvienodinti odos ton\u0105, taip pat gali suma\u017einti rauk\u0161les, suteikdama odai sveik\u0105 ir jaunatvi\u0161k\u0105 i\u0161vaizd\u0105.<\/p>\n<p class=\"\" data-start=\"314\" data-end=\"329\"><strong data-start=\"314\" data-end=\"329\">Privalumai:<\/strong><\/p>\n<ul data-start=\"330\" data-end=\"443\">\n<li class=\"\" data-start=\"330\" data-end=\"352\">\n<p class=\"\" data-start=\"332\" data-end=\"352\">Tinka vis\u0173 tip\u0173 odai<\/p>\n<\/li>\n<li class=\"\" data-start=\"353\" data-end=\"389\">\n<p class=\"\" data-start=\"355\" data-end=\"389\">Galima naudoti visais met\u0173 laikais<\/p>\n<\/li>\n<li class=\"\" data-start=\"390\" data-end=\"406\">\n<p class=\"\" data-start=\"392\" data-end=\"406\">Nedirgina odos<\/p>\n<\/li>\n<li class=\"\" data-start=\"407\" data-end=\"443\">\n<p class=\"\" data-start=\"409\" data-end=\"443\">Veiklioji med\u017eiaga: 0,3% retinolis<\/p>\n<\/li>\n<\/ul>\n<p class=\"\" data-start=\"445\" data-end=\"661\"><strong data-start=\"445\" data-end=\"465\">Naudojimo b\u016bdas:<\/strong> Tepti plonu sluoksniu ant veido, kaklo ir kr\u016btin\u0117s odos 2 kartus per dien\u0105 arba pagal odos prie\u017ei\u016bros specialisto rekomendacijas. Dienos metu rekomenduojama naudoti apsaugin\u0119 priemon\u0119 nuo saul\u0117s.<\/p>","protected":false},"excerpt":{"rendered":"<p>Kremas prie\u0161 odos sen\u0117jim\u0105<\/p>\n<p><strong>\u012esigyti Noon Aesthetics produktus galite tik po konsultacijos.<\/strong><\/p>","protected":false},"featured_media":4843,"comment_status":"open","ping_status":"closed","template":"","meta":[],"product_cat":[180,129],"product_tag":[],"class_list":{"0":"post-4842","1":"product","2":"type-product","3":"status-publish","4":"has-post-thumbnail","6":"product_cat-naktiniai-kremai","7":"product_cat-veido-kremai","8":"pa_brands-noon-aestetics","9":"pa_talpa-10g","10":"pa_talpa-35g-2","12":"first","13":"instock","14":"taxable","15":"shipping-taxable","16":"product-type-external"},"_links":{"self":[{"href":"https:\/\/miamedic.lt\/en\/wp-json\/wp\/v2\/product\/4842","targetHints":{"allow":["GET"]}}],"collection":[{"href":"https:\/\/miamedic.lt\/en\/wp-json\/wp\/v2\/product"}],"about":[{"href":"https:\/\/miamedic.lt\/en\/wp-json\/wp\/v2\/types\/product"}],"replies":[{"embeddable":true,"href":"https:\/\/miamedic.lt\/en\/wp-json\/wp\/v2\/comments?post=4842"}],"version-history":[{"count":2,"href":"https:\/\/miamedic.lt\/en\/wp-json\/wp\/v2\/product\/4842\/revisions"}],"predecessor-version":[{"id":6431,"href":"https:\/\/miamedic.lt\/en\/wp-json\/wp\/v2\/product\/4842\/revisions\/6431"}],"wp:featuredmedia":[{"embeddable":true,"href":"https:\/\/miamedic.lt\/en\/wp-json\/wp\/v2\/media\/4843"}],"wp:attachment":[{"href":"https:\/\/miamedic.lt\/en\/wp-json\/wp\/v2\/media?parent=4842"}],"wp:term":[{"taxonomy":"product_cat","embeddable":true,"href":"https:\/\/miamedic.lt\/en\/wp-json\/wp\/v2\/product_cat?post=4842"},{"taxonomy":"product_tag","embeddable":true,"href":"https:\/\/miamedic.lt\/en\/wp-json\/wp\/v2\/product_tag?post=4842"}],"curies":[{"name":"wp","href":"https:\/\/api.w.org\/{rel}","templated":true}]}}