{"id":4838,"date":"2025-03-29T15:53:14","date_gmt":"2025-03-29T15:53:14","guid":{"rendered":"https:\/\/www.miamedic.lt\/?post_type=product&#038;p=4838"},"modified":"2025-12-01T10:00:21","modified_gmt":"2025-12-01T10:00:21","slug":"noon-vit-c-serum","status":"publish","type":"product","link":"https:\/\/miamedic.lt\/en\/shop\/noon-vit-c-serum\/","title":{"rendered":"Noon Vit C Serum"},"content":{"rendered":"<p class=\"\" data-start=\"0\" data-end=\"60\"><strong data-start=\"0\" data-end=\"60\">Vit C Serum 11S \u2013 Serumas su 11% Stabilizuoto Vitamino C<\/strong><\/p>\n<p class=\"\" data-start=\"62\" data-end=\"431\">Vit C Serum 11S praturtintas auk\u0161tos koncentracijos dviej\u0173 tip\u0173 stabilizuoto vitamino C formomis, kurios u\u017etikrina gil\u0173 priemon\u0117s prasiskverbim\u0105 \u012f od\u0105. \u0160i inovatyvi prie\u0161 sen\u0117jim\u0105 veikianti formul\u0117 suteikia efektyv\u0173 ir ilgalaik\u012f poveik\u012f. Vitaminas C (11%) veikia kaip galingas \u0161viesinamasis komponentas, neutralizuodamas laisvuosius radikalus visuose odos sluoksniuose.<\/p>\n<p class=\"\" data-start=\"433\" data-end=\"660\">Vit C Serum 11S aktyvuoja kolageno skaidul\u0173 ir fibroblast\u0173, atsaking\u0173 u\u017e tarpl\u0105stelinio audinio strukt\u016br\u0105, gamyb\u0105. \u0160ie NB1RGB tipo fibroblastai slopina dviej\u0173 tip\u0173 ferment\u0173 (MMP-2 ir MMP-9), skaidan\u010di\u0173 kolagen\u0105, aktyvum\u0105.<\/p>","protected":false},"excerpt":{"rendered":"<p>Veido serumas su vitaminu C<\/p>\n<p><strong>\u012esigyti Noon Aesthetics produktus galite tik po konsultacijos.<\/strong><\/p>","protected":false},"featured_media":4839,"comment_status":"open","ping_status":"closed","template":"","meta":[],"product_cat":[107],"product_tag":[],"class_list":{"0":"post-4838","1":"product","2":"type-product","3":"status-publish","4":"has-post-thumbnail","6":"product_cat-serumai","7":"pa_brands-noon-aestetics","8":"pa_talpa-10g","9":"pa_talpa-30g","11":"first","12":"instock","13":"taxable","14":"shipping-taxable","15":"product-type-external"},"_links":{"self":[{"href":"https:\/\/miamedic.lt\/en\/wp-json\/wp\/v2\/product\/4838","targetHints":{"allow":["GET"]}}],"collection":[{"href":"https:\/\/miamedic.lt\/en\/wp-json\/wp\/v2\/product"}],"about":[{"href":"https:\/\/miamedic.lt\/en\/wp-json\/wp\/v2\/types\/product"}],"replies":[{"embeddable":true,"href":"https:\/\/miamedic.lt\/en\/wp-json\/wp\/v2\/comments?post=4838"}],"version-history":[{"count":3,"href":"https:\/\/miamedic.lt\/en\/wp-json\/wp\/v2\/product\/4838\/revisions"}],"predecessor-version":[{"id":6435,"href":"https:\/\/miamedic.lt\/en\/wp-json\/wp\/v2\/product\/4838\/revisions\/6435"}],"wp:featuredmedia":[{"embeddable":true,"href":"https:\/\/miamedic.lt\/en\/wp-json\/wp\/v2\/media\/4839"}],"wp:attachment":[{"href":"https:\/\/miamedic.lt\/en\/wp-json\/wp\/v2\/media?parent=4838"}],"wp:term":[{"taxonomy":"product_cat","embeddable":true,"href":"https:\/\/miamedic.lt\/en\/wp-json\/wp\/v2\/product_cat?post=4838"},{"taxonomy":"product_tag","embeddable":true,"href":"https:\/\/miamedic.lt\/en\/wp-json\/wp\/v2\/product_tag?post=4838"}],"curies":[{"name":"wp","href":"https:\/\/api.w.org\/{rel}","templated":true}]}}