{"id":4835,"date":"2025-03-29T15:45:15","date_gmt":"2025-03-29T15:45:15","guid":{"rendered":"https:\/\/www.miamedic.lt\/?post_type=product&#038;p=4835"},"modified":"2026-02-02T17:22:51","modified_gmt":"2026-02-02T17:22:51","slug":"noon-mediclay-kauke","status":"publish","type":"product","link":"https:\/\/miamedic.lt\/en\/shop\/noon-mediclay-kauke\/","title":{"rendered":"Noon MediClay kauk\u0117"},"content":{"rendered":"<p class=\"\" data-start=\"0\" data-end=\"62\"><strong data-start=\"0\" data-end=\"62\">MediClay Kauk\u0117 \u2013 Valomoji Kauk\u0117 Riebiai\/Probleminei Odaiai<\/strong><\/p>\n<p class=\"\" data-start=\"64\" data-end=\"246\">MediClay kauk\u0117 yra specialiai sukurta riebiai ir probleminei odai. Ji efektyviai dezinfekuoja, ramina ir ma\u017eina paraudimus, stabilizuoja odos b\u016bkl\u0119 bei slopina bakterij\u0173 dauginim\u0105si.<\/p>\n<p class=\"\" data-start=\"1044\" data-end=\"1164\"><strong data-start=\"1044\" data-end=\"1059\">Usage:<\/strong> Tepti vidutinio storio sluoksniu ant \u0161varios veido odos, palaikyti 10-15 min ir nuplauti \u0161iltu vandeniu.<\/p>","protected":false},"excerpt":{"rendered":"<p>Valomoji veido kauk\u0117<\/p>\n<p><strong>\u012esigyti Noon Aesthetics produktus galite tik po konsultacijos.<\/strong><\/p>","protected":false},"featured_media":4836,"comment_status":"open","ping_status":"closed","template":"","meta":[],"product_cat":[420],"product_tag":[],"class_list":{"0":"post-4835","1":"product","2":"type-product","3":"status-publish","4":"has-post-thumbnail","6":"product_cat-veido-kaukes","7":"pa_brands-noon-aestetics","8":"pa_talpa-70g","10":"first","11":"instock","12":"taxable","13":"shipping-taxable","14":"product-type-external"},"_links":{"self":[{"href":"https:\/\/miamedic.lt\/en\/wp-json\/wp\/v2\/product\/4835","targetHints":{"allow":["GET"]}}],"collection":[{"href":"https:\/\/miamedic.lt\/en\/wp-json\/wp\/v2\/product"}],"about":[{"href":"https:\/\/miamedic.lt\/en\/wp-json\/wp\/v2\/types\/product"}],"replies":[{"embeddable":true,"href":"https:\/\/miamedic.lt\/en\/wp-json\/wp\/v2\/comments?post=4835"}],"version-history":[{"count":2,"href":"https:\/\/miamedic.lt\/en\/wp-json\/wp\/v2\/product\/4835\/revisions"}],"predecessor-version":[{"id":12562,"href":"https:\/\/miamedic.lt\/en\/wp-json\/wp\/v2\/product\/4835\/revisions\/12562"}],"wp:featuredmedia":[{"embeddable":true,"href":"https:\/\/miamedic.lt\/en\/wp-json\/wp\/v2\/media\/4836"}],"wp:attachment":[{"href":"https:\/\/miamedic.lt\/en\/wp-json\/wp\/v2\/media?parent=4835"}],"wp:term":[{"taxonomy":"product_cat","embeddable":true,"href":"https:\/\/miamedic.lt\/en\/wp-json\/wp\/v2\/product_cat?post=4835"},{"taxonomy":"product_tag","embeddable":true,"href":"https:\/\/miamedic.lt\/en\/wp-json\/wp\/v2\/product_tag?post=4835"}],"curies":[{"name":"wp","href":"https:\/\/api.w.org\/{rel}","templated":true}]}}