{"id":4831,"date":"2025-03-29T15:34:36","date_gmt":"2025-03-29T15:34:36","guid":{"rendered":"https:\/\/www.miamedic.lt\/?post_type=product&#038;p=4831"},"modified":"2025-12-01T10:00:46","modified_gmt":"2025-12-01T10:00:46","slug":"noon-multivit-protector","status":"publish","type":"product","link":"https:\/\/miamedic.lt\/en\/shop\/noon-multivit-protector\/","title":{"rendered":"NOON MultiVit Protector"},"content":{"rendered":"<p class=\"\" data-start=\"0\" data-end=\"59\"><strong data-start=\"0\" data-end=\"59\">MultiVit Sun Protector \u2013 Apsauga nuo Saul\u0117s ir Sen\u0117jimo<\/strong><\/p>\n<p class=\"\" data-start=\"61\" data-end=\"389\">MultiVit Sun Protector yra naujos kartos apsaugos nuo saul\u0117s priemon\u0117, efektyviai kovojanti su odos sen\u0117jimu ir sauganti nuo kenksming\u0173 saul\u0117s spinduli\u0173. Sud\u0117tyje esantys inkapsuliuoti UV filtrai ir vitaminai B, C, E suteikia odai veiksming\u0105 apsaug\u0105 nuo UVA\/UVB ir IR spinduli\u0173, kurie gali pa\u017eeisti od\u0105 skirtingais mechanizmais.<\/p>\n<p class=\"\" data-start=\"391\" data-end=\"618\"><strong data-start=\"391\" data-end=\"424\">MultiVit Sun Protector nauda:<\/strong> \u2022 Apsaugo nuo UVA\/UVB\/IR spinduli\u0173 ir laisv\u0173j\u0173 radikal\u0173<br data-start=\"480\" data-end=\"483\" \/>\u2022 Didina l\u0105steli\u0173 atsparum\u0105 \u0161iluminiam stresui<br data-start=\"529\" data-end=\"532\" \/>\u2022 Gerina odos dr\u0117gm\u0117s balans\u0105<br data-start=\"561\" data-end=\"564\" \/>\u2022 Apsaugo dermos matricos l\u0105steles nuo saul\u0117s poveikio<\/p>\n<p class=\"\" data-start=\"620\" data-end=\"1503\"><strong data-start=\"620\" data-end=\"688\">Veikliosios med\u017eiagos, esan\u010dios MultiVit Sun Protector sud\u0117tyje:<\/strong> \u2022 <strong data-start=\"691\" data-end=\"718\">Inkapsuliuoti UV perlai<\/strong> \u2013 odos \u201eakiniai nuo saul\u0117s\u201c, kurie apsaugo od\u0105, neleid\u017eiant UV spinduliams tiesiogiai pasiekti jos. Inkapsuliuoti UV perlai yra atspar\u016bs temperat\u016bros sukeltam stresui.<br data-start=\"886\" data-end=\"889\" \/>\u2022 <strong data-start=\"891\" data-end=\"918\">Titano dioksidai (Nano)<\/strong> \u2013 pa\u017eangi saul\u0117s apsaugos med\u017eiaga, apsauganti nuo UVA, UVB, matomos \u0161viesos ir infraraudon\u0173j\u0173 spinduli\u0173. Suteikia visapusi\u0161k\u0105 apsaug\u0105 nuo saul\u0117s, padeda i\u0161laikyti odos \u0161vyt\u0117jim\u0105, ma\u017eina foto-sen\u0117jim\u0105 ir sul\u0117tina rauk\u0161li\u0173 formavim\u0105si, slopina pigmentacijos procesus.<br data-start=\"1185\" data-end=\"1188\" \/>\u2022 <strong data-start=\"1190\" data-end=\"1202\">Ektoinas<\/strong> \u2013 daugiapfunkcinis ingredientas, ma\u017einantis l\u0105steli\u0173 pa\u017eeidimus ir \u017eal\u0105, sukelt\u0105 UVA spinduli\u0173. Veikia kaip dr\u0117gm\u0117s rezervuaras, suma\u017eindamas sausos ir atopin\u0117s odos vandens netekim\u0105.<br data-start=\"1386\" data-end=\"1389\" \/>\u2022 <strong data-start=\"1391\" data-end=\"1409\">Vitaminai C, E<\/strong> \u2013 antioksidantai, kovojantys su odos sen\u0117jimu.<br data-start=\"1456\" data-end=\"1459\" \/>\u2022 <strong data-start=\"1461\" data-end=\"1476\">Vitaminas B<\/strong> \u2013 maitina ir stiprina od\u0105.<\/p>","protected":false},"excerpt":{"rendered":"<p>Apsaugin\u0117 priemon\u0117 nuo saul\u0117s.<\/p>\n<p><strong>\u012esigyti Noon Aesthetics produktus galite tik po konsultacijos.<\/strong><\/p>","protected":false},"featured_media":4832,"comment_status":"open","ping_status":"closed","template":"","meta":[],"product_cat":[153],"product_tag":[],"class_list":{"0":"post-4831","1":"product","2":"type-product","3":"status-publish","4":"has-post-thumbnail","6":"product_cat-spf-veido-prieziura","7":"pa_brands-noon-aestetics","8":"pa_talpa-15ml","9":"pa_talpa-50g","11":"first","12":"instock","13":"taxable","14":"shipping-taxable","15":"product-type-external"},"_links":{"self":[{"href":"https:\/\/miamedic.lt\/en\/wp-json\/wp\/v2\/product\/4831","targetHints":{"allow":["GET"]}}],"collection":[{"href":"https:\/\/miamedic.lt\/en\/wp-json\/wp\/v2\/product"}],"about":[{"href":"https:\/\/miamedic.lt\/en\/wp-json\/wp\/v2\/types\/product"}],"replies":[{"embeddable":true,"href":"https:\/\/miamedic.lt\/en\/wp-json\/wp\/v2\/comments?post=4831"}],"version-history":[{"count":2,"href":"https:\/\/miamedic.lt\/en\/wp-json\/wp\/v2\/product\/4831\/revisions"}],"predecessor-version":[{"id":6410,"href":"https:\/\/miamedic.lt\/en\/wp-json\/wp\/v2\/product\/4831\/revisions\/6410"}],"wp:featuredmedia":[{"embeddable":true,"href":"https:\/\/miamedic.lt\/en\/wp-json\/wp\/v2\/media\/4832"}],"wp:attachment":[{"href":"https:\/\/miamedic.lt\/en\/wp-json\/wp\/v2\/media?parent=4831"}],"wp:term":[{"taxonomy":"product_cat","embeddable":true,"href":"https:\/\/miamedic.lt\/en\/wp-json\/wp\/v2\/product_cat?post=4831"},{"taxonomy":"product_tag","embeddable":true,"href":"https:\/\/miamedic.lt\/en\/wp-json\/wp\/v2\/product_tag?post=4831"}],"curies":[{"name":"wp","href":"https:\/\/api.w.org\/{rel}","templated":true}]}}