{"id":4827,"date":"2025-03-29T15:14:19","date_gmt":"2025-03-29T15:14:19","guid":{"rendered":"https:\/\/www.miamedic.lt\/?post_type=product&#038;p=4827"},"modified":"2025-12-01T10:01:02","modified_gmt":"2025-12-01T10:01:02","slug":"noon-brushgo-refill","status":"publish","type":"product","link":"https:\/\/miamedic.lt\/en\/shop\/noon-brushgo-refill\/","title":{"rendered":"Noon Brush&amp;Go Refill"},"content":{"rendered":"<p class=\"\" data-start=\"0\" data-end=\"72\"><strong data-start=\"0\" data-end=\"72\">Brush&amp;Go\u2122 SPF 50 \u2013 Apsauga nuo Saul\u0117s su Negyvosios J\u016bros Mineralais<\/strong><\/p>\n<p class=\"\" data-start=\"74\" data-end=\"439\">Brush&amp;Go\u2122 SPF 50 yra apsaugos nuo saul\u0117s priemon\u0117, suformuluota taip, kad atitikt\u0173 vis\u0173 odos tip\u0173 poreikius. Skirta kasdieniam naudojimui, \u0161i priemon\u0117 suteikia greit\u0105 ir efektyvi\u0105 apsaug\u0105 nuo kenksming\u0173 UVA, UVB ir IR spinduli\u0173. \u0160ie apsauginiai milteliai padeda apsaugoti od\u0105 nuo saul\u0117s daromos \u017ealos, tokios kaip i\u0161ankstinis sen\u0117jimas ir pigmentacijos atsiradimas.<\/p>\n<p class=\"\" data-start=\"441\" data-end=\"619\">Naujoji Brush&amp;Go\u2122 pakuot\u0117 leid\u017eia lengvai naudoti ir papildyti miltelius bet kada ir bet kur, o galimyb\u0117 \u012fsigyti milteli\u0173 papildymus daro j\u016bs\u0173 pasirinkim\u0105 draugi\u0161kesniu aplinkai.<\/p>\n<p class=\"\" data-start=\"621\" data-end=\"1060\"><strong data-start=\"621\" data-end=\"646\">Brush&amp;Go\u2122 privalumai:<\/strong><\/p>\n<p class=\"\" data-start=\"621\" data-end=\"1060\">\u2022 Apsaugo nuo kenksming\u0173 UVA\/UVB\/IR spinduli\u0173 ir laisv\u0173j\u0173 radikal\u0173<br data-start=\"713\" data-end=\"716\" \/>\u2022 Padeda u\u017ekirsti keli\u0105 saul\u0117s daromai \u017ealai, \u012fskaitant i\u0161ankstin\u012f sen\u0117jim\u0105 ir pigmentacij\u0105<br data-start=\"821\" data-end=\"824\" \/>\u2022 Lengvai naudojama pakuot\u0117 suteikia galimyb\u0119 tiksliai kontroliuoti milteli\u0173 kiek\u012f aplikuojant<br data-start=\"913\" data-end=\"916\" \/>\u2022 Aplinkai draugi\u0161ka pakuot\u0117 \u2013 \u0161epet\u0117lis nuimamas, o milteli\u0173 indel\u012f galima pakeisti<br data-start=\"998\" data-end=\"1001\" \/>\u2022 Galima pasirinkti i\u0161 dviej\u0173 atspalvi\u0173<br data-start=\"1040\" data-end=\"1043\" \/>\u2022 Atsparus \u0161ilumai<\/p>\n<p class=\"\" data-start=\"1062\" data-end=\"1129\">Matinis efektas, tolygiai dengiasi ir suteikia atspindint\u012f poveik\u012f.<\/p>","protected":false},"excerpt":{"rendered":"<p>Brush&amp;Go papildymas<\/p>\n<p><strong>\u012esigyti Noon Aesthetics produktus galite tik po konsultacijos.<\/strong><\/p>","protected":false},"featured_media":4828,"comment_status":"open","ping_status":"closed","template":"","meta":[],"product_cat":[185,153],"product_tag":[],"class_list":{"0":"post-4827","1":"product","2":"type-product","3":"status-publish","4":"has-post-thumbnail","6":"product_cat-birios-pudros","7":"product_cat-spf-veido-prieziura","8":"pa_brands-noon-aestetics","9":"pa_talpa-3x5ml","11":"first","12":"instock","13":"taxable","14":"shipping-taxable","15":"product-type-external"},"_links":{"self":[{"href":"https:\/\/miamedic.lt\/en\/wp-json\/wp\/v2\/product\/4827","targetHints":{"allow":["GET"]}}],"collection":[{"href":"https:\/\/miamedic.lt\/en\/wp-json\/wp\/v2\/product"}],"about":[{"href":"https:\/\/miamedic.lt\/en\/wp-json\/wp\/v2\/types\/product"}],"replies":[{"embeddable":true,"href":"https:\/\/miamedic.lt\/en\/wp-json\/wp\/v2\/comments?post=4827"}],"version-history":[{"count":4,"href":"https:\/\/miamedic.lt\/en\/wp-json\/wp\/v2\/product\/4827\/revisions"}],"predecessor-version":[{"id":6408,"href":"https:\/\/miamedic.lt\/en\/wp-json\/wp\/v2\/product\/4827\/revisions\/6408"}],"wp:featuredmedia":[{"embeddable":true,"href":"https:\/\/miamedic.lt\/en\/wp-json\/wp\/v2\/media\/4828"}],"wp:attachment":[{"href":"https:\/\/miamedic.lt\/en\/wp-json\/wp\/v2\/media?parent=4827"}],"wp:term":[{"taxonomy":"product_cat","embeddable":true,"href":"https:\/\/miamedic.lt\/en\/wp-json\/wp\/v2\/product_cat?post=4827"},{"taxonomy":"product_tag","embeddable":true,"href":"https:\/\/miamedic.lt\/en\/wp-json\/wp\/v2\/product_tag?post=4827"}],"curies":[{"name":"wp","href":"https:\/\/api.w.org\/{rel}","templated":true}]}}