{"id":4822,"date":"2025-03-29T14:57:07","date_gmt":"2025-03-29T14:57:07","guid":{"rendered":"https:\/\/www.miamedic.lt\/?post_type=product&#038;p=4822"},"modified":"2025-12-01T10:01:10","modified_gmt":"2025-12-01T10:01:10","slug":"noon-lactoceramide-15","status":"publish","type":"product","link":"https:\/\/miamedic.lt\/en\/shop\/noon-lactoceramide-15\/","title":{"rendered":"NOON LactoCeramide-15"},"content":{"rendered":"<p class=\"\" data-start=\"0\" data-end=\"81\"><strong data-start=\"0\" data-end=\"81\">Noon Aesthetics Lactoceramide-15 Veido Kremas su Pieno R\u016bg\u0161timi ir Keramidais<\/strong><\/p>\n<p class=\"\" data-start=\"83\" data-end=\"381\">LactoCeramide-15 kremas puikiai tinka anti-aging proced\u016broms, nes jo sud\u0117tyje yra 15% pieno r\u016bg\u0161ties ir 2, 3 ir 6 tipo keramid\u0173. Pa\u017eangus AHA ir DermShield technologij\u0173 derinys u\u017etikrina \u0161veln\u0173, ta\u010diau efektyv\u0173 veikim\u0105, nepriklausomai nuo odos tipo ir met\u0173 laiko, nekelia odos sudirgimo ar sausumo.<\/p>\n<p class=\"\" data-start=\"383\" data-end=\"554\">Pieno r\u016bg\u0161tis stimuliuoja odos atsinaujinim\u0105, suteikia ry\u0161k\u0173 tekst\u016bros pager\u0117jim\u0105, gerina dr\u0117gm\u0117s lyg\u012f ir ma\u017eina d\u0117mes. Be to, ji padeda didinti odos tank\u012f ir elastingum\u0105.<\/p>\n<p class=\"\" data-start=\"556\" data-end=\"808\">2, 3 ir 6 tipo keramid\u0173 derinys suformuoja nat\u016braliam lipid\u0173 sluoksniui pana\u0161\u0173 apsaugin\u012f pavir\u0161i\u0173. \u0160ie keramidai padeda atkurti odos pavir\u0161iaus defektus, i\u0161lygina nelygumus ir stiprina odos barjer\u0105, padedant apsaugoti j\u0105 nuo neigiam\u0173 aplinkos veiksni\u0173.<\/p>\n<p class=\"\" data-start=\"810\" data-end=\"1104\"><strong data-start=\"810\" data-end=\"823\">Effect:<\/strong><br data-start=\"823\" data-end=\"826\" \/>\u2022 Stimuliuoja odos atsinaujinim\u0105<br data-start=\"858\" data-end=\"861\" \/>\u2022 Efektyviai suma\u017eina rauk\u0161les<br data-start=\"891\" data-end=\"894\" \/>\u2022 Gerina odos vandens balans\u0105 ir stiprina jos barjerin\u0119 funkcij\u0105<br data-start=\"958\" data-end=\"961\" \/>\u2022 Padidina odos tank\u012f ir elastingum\u0105<br data-start=\"997\" data-end=\"1000\" \/>\u2022 Ma\u017eina d\u0117mes ir slopina pigmentacijos procesus<br data-start=\"1048\" data-end=\"1051\" \/>\u2022 Puikiai dera su kitomis odos prie\u017ei\u016bros priemon\u0117mis<\/p>\n<p class=\"\" data-start=\"1106\" data-end=\"1235\">\u0160\u012f krem\u0105 taip pat galima naudoti ir kitose k\u016bno vietose, jei tai rekomenduoja j\u016bs\u0173 kosmetologas ar odos prie\u017ei\u016bros specialistas.<\/p>","protected":false},"excerpt":{"rendered":"<p>Veido kremas su pieno r\u016bg\u0161timi<\/p>\n<p><strong>Noon Aesthetics products can only be purchased after a consultation.<\/strong><\/p>","protected":false},"featured_media":4825,"comment_status":"open","ping_status":"closed","template":"","meta":[],"product_cat":[180,129],"product_tag":[],"class_list":{"0":"post-4822","1":"product","2":"type-product","3":"status-publish","4":"has-post-thumbnail","6":"product_cat-naktiniai-kremai","7":"product_cat-veido-kremai","8":"pa_brands-noon-aestetics","9":"pa_talpa-15g","10":"pa_talpa-50g","12":"first","13":"instock","14":"taxable","15":"shipping-taxable","16":"product-type-external"},"_links":{"self":[{"href":"https:\/\/miamedic.lt\/en\/wp-json\/wp\/v2\/product\/4822","targetHints":{"allow":["GET"]}}],"collection":[{"href":"https:\/\/miamedic.lt\/en\/wp-json\/wp\/v2\/product"}],"about":[{"href":"https:\/\/miamedic.lt\/en\/wp-json\/wp\/v2\/types\/product"}],"replies":[{"embeddable":true,"href":"https:\/\/miamedic.lt\/en\/wp-json\/wp\/v2\/comments?post=4822"}],"version-history":[{"count":2,"href":"https:\/\/miamedic.lt\/en\/wp-json\/wp\/v2\/product\/4822\/revisions"}],"predecessor-version":[{"id":6421,"href":"https:\/\/miamedic.lt\/en\/wp-json\/wp\/v2\/product\/4822\/revisions\/6421"}],"wp:featuredmedia":[{"embeddable":true,"href":"https:\/\/miamedic.lt\/en\/wp-json\/wp\/v2\/media\/4825"}],"wp:attachment":[{"href":"https:\/\/miamedic.lt\/en\/wp-json\/wp\/v2\/media?parent=4822"}],"wp:term":[{"taxonomy":"product_cat","embeddable":true,"href":"https:\/\/miamedic.lt\/en\/wp-json\/wp\/v2\/product_cat?post=4822"},{"taxonomy":"product_tag","embeddable":true,"href":"https:\/\/miamedic.lt\/en\/wp-json\/wp\/v2\/product_tag?post=4822"}],"curies":[{"name":"wp","href":"https:\/\/api.w.org\/{rel}","templated":true}]}}