{"id":4816,"date":"2025-03-29T14:45:43","date_gmt":"2025-03-29T14:45:43","guid":{"rendered":"https:\/\/www.miamedic.lt\/?post_type=product&#038;p=4816"},"modified":"2025-12-01T10:01:16","modified_gmt":"2025-12-01T10:01:16","slug":"noon-cosmoclear-cleanser","status":"publish","type":"product","link":"https:\/\/miamedic.lt\/en\/shop\/noon-cosmoclear-cleanser\/","title":{"rendered":"NOON CosmoClear Cleanser"},"content":{"rendered":"<p class=\"\" data-start=\"126\" data-end=\"202\"><strong data-start=\"126\" data-end=\"202\">NOON Cosmo Clear Cleanser \u2013 R\u016bg\u0161tinis Prausiklis Mi\u0161riai ir Riebiai Odai<\/strong><\/p>\n<p class=\"\" data-start=\"204\" data-end=\"572\">NOON Cosmo Clear Cleanser \u2013 tai \u0161velnus, ta\u010diau veiksmingas r\u016bg\u0161tinis veido prausiklis, sukurtas mi\u0161riai ir riebiai odai. Jo pa\u017eangi formul\u0117 efektyviai pa\u0161alina ne\u0161varumus, perteklin\u012f riebal\u0173 sluoksn\u012f ir makia\u017eo liku\u010dius, nepa\u017eeisdama odos pusiausvyros. Prausiklis subalansuoja odos pH ir suteikia jai gaivumo, padedant i\u0161vengti u\u017esikim\u0161usi\u0173 por\u0173 ir spuog\u0173 atsiradimo.<\/p>\n<p class=\"\" data-start=\"574\" data-end=\"771\"><strong data-start=\"574\" data-end=\"587\">Effect:<\/strong><br data-start=\"587\" data-end=\"590\" \/>\u2022 Pa\u0161alina ne\u0161varumus ir makia\u017eo liku\u010dius<br data-start=\"631\" data-end=\"634\" \/>\u2022 Subalansuoja odos pH ir ma\u017eina riebal\u0173 pertekli\u0173<br data-start=\"684\" data-end=\"687\" \/>\u2022 Ramina od\u0105 ir apsaugo nuo u\u017esikim\u0161usi\u0173 por\u0173<br data-start=\"732\" data-end=\"735\" \/>\u2022 Suteikia odai gaivumo ir \u0161vyt\u0117jimo<\/p>\n<p class=\"\" data-start=\"773\" data-end=\"937\"><strong data-start=\"773\" data-end=\"788\">Usage:<\/strong><br data-start=\"788\" data-end=\"791\" \/>Naudoti pagal kosmetologo rekomendacijas. Nedidel\u012f kiek\u012f prausiklio u\u017etepkite ant dr\u0117gnos veido odos, \u0161velniai masa\u017euokite ir nuplaukite vandeniu.<\/p>","protected":false},"excerpt":{"rendered":"<p>\u0160velnus, ta\u010diau veiksmingas r\u016bg\u0161tinis veido prausiklis.<\/p>\n<p><strong>Noon Aesthetics products can only be purchased after a consultation.<\/strong><\/p>","protected":false},"featured_media":4817,"comment_status":"open","ping_status":"closed","template":"","meta":[],"product_cat":[124],"product_tag":[],"class_list":{"0":"post-4816","1":"product","2":"type-product","3":"status-publish","4":"has-post-thumbnail","6":"product_cat-prausikliai","7":"pa_brands-noon-aestetics","8":"pa_talpa-150ml","9":"pa_talpa-15g","11":"first","12":"instock","13":"taxable","14":"shipping-taxable","15":"product-type-external"},"_links":{"self":[{"href":"https:\/\/miamedic.lt\/en\/wp-json\/wp\/v2\/product\/4816","targetHints":{"allow":["GET"]}}],"collection":[{"href":"https:\/\/miamedic.lt\/en\/wp-json\/wp\/v2\/product"}],"about":[{"href":"https:\/\/miamedic.lt\/en\/wp-json\/wp\/v2\/types\/product"}],"replies":[{"embeddable":true,"href":"https:\/\/miamedic.lt\/en\/wp-json\/wp\/v2\/comments?post=4816"}],"version-history":[{"count":4,"href":"https:\/\/miamedic.lt\/en\/wp-json\/wp\/v2\/product\/4816\/revisions"}],"predecessor-version":[{"id":10060,"href":"https:\/\/miamedic.lt\/en\/wp-json\/wp\/v2\/product\/4816\/revisions\/10060"}],"wp:featuredmedia":[{"embeddable":true,"href":"https:\/\/miamedic.lt\/en\/wp-json\/wp\/v2\/media\/4817"}],"wp:attachment":[{"href":"https:\/\/miamedic.lt\/en\/wp-json\/wp\/v2\/media?parent=4816"}],"wp:term":[{"taxonomy":"product_cat","embeddable":true,"href":"https:\/\/miamedic.lt\/en\/wp-json\/wp\/v2\/product_cat?post=4816"},{"taxonomy":"product_tag","embeddable":true,"href":"https:\/\/miamedic.lt\/en\/wp-json\/wp\/v2\/product_tag?post=4816"}],"curies":[{"name":"wp","href":"https:\/\/api.w.org\/{rel}","templated":true}]}}