{"id":4807,"date":"2025-03-29T14:33:50","date_gmt":"2025-03-29T14:33:50","guid":{"rendered":"https:\/\/www.miamedic.lt\/?post_type=product&#038;p=4807"},"modified":"2025-12-01T10:01:44","modified_gmt":"2025-12-01T10:01:44","slug":"noon-micro-soft-cleanser","status":"publish","type":"product","link":"https:\/\/miamedic.lt\/en\/shop\/noon-micro-soft-cleanser\/","title":{"rendered":"Noon micro-soft cleanser"},"content":{"rendered":"<p class=\"\" data-start=\"195\" data-end=\"258\"><strong data-start=\"195\" data-end=\"258\">Micro-Soft Prausiklis \u2013 \u0160velnus ir Efektyvus Veido Valiklis<\/strong><\/p>\n<p class=\"\" data-start=\"260\" data-end=\"591\">Micro-Soft prausiklis \u0161velniai ir efektyviai pa\u0161alina vis\u0173 tip\u0173 ne\u0161varumus ir nuvalo veido bei aki\u0173 makia\u017e\u0105, nesausindamas odos. D\u0117l sud\u0117tyje esan\u010di\u0173 emolient\u0173, dr\u0117kinam\u0173j\u0173 komponent\u0173 ir piev\u0173 \u017eoleli\u0173 ekstrakto jis dr\u0117kina ir ramina od\u0105. Naudojant pa\u017eangi\u0105 mikroemulsij\u0173 technologij\u0105, prausiklis tampa saugus net jautriausiai odai.<\/p>\n<p class=\"\" data-start=\"593\" data-end=\"783\"><strong data-start=\"593\" data-end=\"607\">Privalumai<\/strong><br data-start=\"607\" data-end=\"610\" \/>\u2013 Pa\u0161alina ne\u0161varumus ir makia\u017eo liku\u010dius<br data-start=\"651\" data-end=\"654\" \/>\u2013 Dr\u0117kina ir ramina od\u0105<br data-start=\"677\" data-end=\"680\" \/>\u2013 Ma\u017eina sudirgimus ir raudon\u012f<br data-start=\"710\" data-end=\"713\" \/>\u2013 Subalansuoja saus\u0105 od\u0105<br data-start=\"737\" data-end=\"740\" \/>\u2013 Tinka vis\u0173 tip\u0173 odai, \u012fskaitant jautri\u0105<\/p>\n<p class=\"\" data-start=\"785\" data-end=\"956\"><strong data-start=\"785\" data-end=\"800\">Usage:<\/strong><br data-start=\"800\" data-end=\"803\" \/>Naudoti pagal kosmetologo rekomendacijas. U\u017etepkite reikiam\u0105 kiek\u012f prausiklio ant sausos veido odos, \u0161velniai masa\u017euokite ir nuplaukite drungnu vandeniu.<\/p>\n<p class=\"\" data-start=\"958\" data-end=\"1126\"><strong data-start=\"958\" data-end=\"984\">Veikliosios med\u017eiagos:<\/strong><br data-start=\"984\" data-end=\"987\" \/>Makadamijos rie\u0161ut\u0173 aliejus, skvalenas, levand\u0173 vanduo, bambuko ekstraktas, rie\u0161utinio lotoso ekstraktas, vandens lelijos \u0161akn\u0173 ekstraktas.<\/p>","protected":false},"excerpt":{"rendered":"<p>\u0160velnus ir efektyvus veido prausiklis.<\/p>\n<p><strong>Noon Aesthetics products can only be purchased after a consultation.<\/strong><\/p>","protected":false},"featured_media":4811,"comment_status":"open","ping_status":"closed","template":"","meta":[],"product_cat":[191,124],"product_tag":[],"class_list":{"0":"post-4807","1":"product","2":"type-product","3":"status-publish","4":"has-post-thumbnail","6":"product_cat-makiazo-valymas-veido-prieziura","7":"product_cat-prausikliai","8":"pa_brands-noon-aestetics","9":"pa_talpa-150ml","10":"pa_talpa-15g","12":"first","13":"instock","14":"taxable","15":"shipping-taxable","16":"product-type-external"},"_links":{"self":[{"href":"https:\/\/miamedic.lt\/en\/wp-json\/wp\/v2\/product\/4807","targetHints":{"allow":["GET"]}}],"collection":[{"href":"https:\/\/miamedic.lt\/en\/wp-json\/wp\/v2\/product"}],"about":[{"href":"https:\/\/miamedic.lt\/en\/wp-json\/wp\/v2\/types\/product"}],"replies":[{"embeddable":true,"href":"https:\/\/miamedic.lt\/en\/wp-json\/wp\/v2\/comments?post=4807"}],"version-history":[{"count":3,"href":"https:\/\/miamedic.lt\/en\/wp-json\/wp\/v2\/product\/4807\/revisions"}],"predecessor-version":[{"id":6393,"href":"https:\/\/miamedic.lt\/en\/wp-json\/wp\/v2\/product\/4807\/revisions\/6393"}],"wp:featuredmedia":[{"embeddable":true,"href":"https:\/\/miamedic.lt\/en\/wp-json\/wp\/v2\/media\/4811"}],"wp:attachment":[{"href":"https:\/\/miamedic.lt\/en\/wp-json\/wp\/v2\/media?parent=4807"}],"wp:term":[{"taxonomy":"product_cat","embeddable":true,"href":"https:\/\/miamedic.lt\/en\/wp-json\/wp\/v2\/product_cat?post=4807"},{"taxonomy":"product_tag","embeddable":true,"href":"https:\/\/miamedic.lt\/en\/wp-json\/wp\/v2\/product_tag?post=4807"}],"curies":[{"name":"wp","href":"https:\/\/api.w.org\/{rel}","templated":true}]}}