{"id":4796,"date":"2025-03-26T20:18:53","date_gmt":"2025-03-26T20:18:53","guid":{"rendered":"https:\/\/miamedic.lt\/?post_type=product&#038;p=4796"},"modified":"2025-04-23T12:10:59","modified_gmt":"2025-04-23T12:10:59","slug":"defend-c-25","status":"publish","type":"product","link":"https:\/\/miamedic.lt\/en\/shop\/defend-c-25\/","title":{"rendered":"DEFEND C 25"},"content":{"rendered":"<p class=\"\" data-start=\"0\" data-end=\"72\"><strong data-start=\"0\" data-end=\"70\">DEFEND C 25 \u2013 vitaminas C, antioksidacinis regeneruojantis fluidas<\/strong><\/p>\n<p class=\"\" data-start=\"74\" data-end=\"593\">DEFEND C 25 \u2013 tai galingas antioksidacinis fluidas, sukurtas odos regeneracijai, apsaugai nuo laisv\u0173j\u0173 radikal\u0173 ir kolageno bei elastino sintezei skatinti. Formul\u0117je esantis grynas vitaminas C buvo sustiprintas sinerginiu deriniu su vitaminu E, retinoliu, melatoninu bei lipo r\u016bg\u0161timi, siekiant maksimalaus efektyvumo. \u0160is kompleksas padeda kovoti su oksidaciniu stresu, u\u017edegimu, kolageno glikacija ir l\u0105steli\u0173 pa\u017eeidimais. DEFEND C 25 ypa\u010d rekomenduojamas jautriai, sudirgusiai ar strukt\u016bri\u0161kai susilpn\u0117jusiai odai.<\/p>\n<p class=\"\" data-start=\"595\" data-end=\"832\"><strong data-start=\"595\" data-end=\"607\">Effect<\/strong><br data-start=\"607\" data-end=\"610\" \/>Skatina kolageno ir elastino neosintez\u0119, ma\u017eina u\u017edegiminius procesus, efektyviai regeneruoja sudirgusi\u0105 ir pa\u017eeist\u0105 od\u0105. Apsaugo nuo laisv\u0173j\u0173 radikal\u0173, stiprina odos strukt\u016br\u0105 ir padeda atkurti jos barjerines funkcijas.<\/p>\n<p class=\"\" data-start=\"834\" data-end=\"1101\"><strong data-start=\"834\" data-end=\"850\">Kaip naudoti<\/strong><br data-start=\"850\" data-end=\"853\" \/>Miltelius i\u0161 vieno buteliuko supilkite \u012f antr\u0105j\u012f buteliuk\u0105 su skys\u010diu, gerai suplakite ir palikite 30 minu\u010di\u0173. Tuomet preparat\u0105 tepkite ant \u0161varios odos ir \u0161velniai \u012fmasa\u017euokite. Naudokite 1\u20132 kartus per dien\u0105. Paruo\u0161tas mi\u0161inys galioja 12 dien\u0173.<\/p>\n<p class=\"\" data-start=\"1103\" data-end=\"1124\"><strong data-start=\"1103\" data-end=\"1112\">Capacity<\/strong><br data-start=\"1112\" data-end=\"1115\" \/>2 x 10 ml<\/p>","protected":false},"excerpt":{"rendered":"<p>Vitaminas C, antioksidacinis regeneruojantis fluidas<\/p>\n<p><strong>Natinuel products can only be purchased after a consultation.<\/strong><\/p>","protected":false},"featured_media":4797,"comment_status":"open","ping_status":"closed","template":"","meta":[],"product_cat":[107],"product_tag":[],"class_list":{"0":"post-4796","1":"product","2":"type-product","3":"status-publish","4":"has-post-thumbnail","6":"product_cat-serumai","7":"pa_brands-natinuel","8":"pa_talpa-2-x-10ml","10":"first","11":"instock","12":"taxable","13":"shipping-taxable","14":"product-type-external"},"_links":{"self":[{"href":"https:\/\/miamedic.lt\/en\/wp-json\/wp\/v2\/product\/4796","targetHints":{"allow":["GET"]}}],"collection":[{"href":"https:\/\/miamedic.lt\/en\/wp-json\/wp\/v2\/product"}],"about":[{"href":"https:\/\/miamedic.lt\/en\/wp-json\/wp\/v2\/types\/product"}],"replies":[{"embeddable":true,"href":"https:\/\/miamedic.lt\/en\/wp-json\/wp\/v2\/comments?post=4796"}],"version-history":[{"count":1,"href":"https:\/\/miamedic.lt\/en\/wp-json\/wp\/v2\/product\/4796\/revisions"}],"predecessor-version":[{"id":4798,"href":"https:\/\/miamedic.lt\/en\/wp-json\/wp\/v2\/product\/4796\/revisions\/4798"}],"wp:featuredmedia":[{"embeddable":true,"href":"https:\/\/miamedic.lt\/en\/wp-json\/wp\/v2\/media\/4797"}],"wp:attachment":[{"href":"https:\/\/miamedic.lt\/en\/wp-json\/wp\/v2\/media?parent=4796"}],"wp:term":[{"taxonomy":"product_cat","embeddable":true,"href":"https:\/\/miamedic.lt\/en\/wp-json\/wp\/v2\/product_cat?post=4796"},{"taxonomy":"product_tag","embeddable":true,"href":"https:\/\/miamedic.lt\/en\/wp-json\/wp\/v2\/product_tag?post=4796"}],"curies":[{"name":"wp","href":"https:\/\/api.w.org\/{rel}","templated":true}]}}