{"id":4792,"date":"2025-03-26T20:16:44","date_gmt":"2025-03-26T20:16:44","guid":{"rendered":"https:\/\/miamedic.lt\/?post_type=product&#038;p=4792"},"modified":"2025-03-26T20:18:33","modified_gmt":"2025-03-26T20:18:33","slug":"body-slim-20","status":"publish","type":"product","link":"https:\/\/miamedic.lt\/en\/shop\/body-slim-20\/","title":{"rendered":"BODY SLIM 20"},"content":{"rendered":"<p class=\"\" data-start=\"0\" data-end=\"63\"><strong data-start=\"0\" data-end=\"61\">BODY SLIM 20 \u2013 tonizuojantis anticeliulitinis k\u016bno kremas<\/strong><\/p>\n<p class=\"\" data-start=\"65\" data-end=\"466\">BODY SLIM 20 \u2013 tai inovatyvus anticeliulitinis k\u016bno kremas, sukurtas siekiant pagerinti odos i\u0161vaizd\u0105, stangrum\u0105 ir elastingum\u0105. Veiksminga formul\u0117 su kofeinu, dumbli\u0173 ekstraktu ir peptidais aktyvina lipoliz\u0117s procesus, reguliuoja adipocit\u0173 (riebal\u0173 l\u0105steli\u0173) funkcijas ir padeda ma\u017einti celiulito po\u017eymius. R\u016bg\u0161\u010di\u0173 kompleksas apr\u016bpina l\u0105steles energija, skatina regeneracij\u0105 bei gerina odos tonus\u0105.<\/p>\n<p class=\"\" data-start=\"468\" data-end=\"691\"><strong data-start=\"468\" data-end=\"480\">Effect<\/strong><br data-start=\"480\" data-end=\"483\" \/>Aktyvina riebal\u0173 skaidymo procesus (lipoliz\u0119), pagerina odos stangrum\u0105 ir elastingum\u0105, ma\u017eina celiulito po\u017eymius. Dr\u0117kina ir tonizuoja od\u0105, gerina bendr\u0105 jos i\u0161vaizd\u0105, stimuliuoja atsinaujinimo mechanizmus.<\/p>\n<p class=\"\" data-start=\"693\" data-end=\"885\"><strong data-start=\"693\" data-end=\"709\">Kaip naudoti<\/strong><br data-start=\"709\" data-end=\"712\" \/>Naudoti kasdien \u2013 tepti krem\u0105 ant problemini\u0173 viet\u0173 (\u0161laun\u0173, pilvo, s\u0117dmen\u0173) ir masa\u017euoti kol visi\u0161kai susigers. Reguliarus naudojimas padeda pasiekti geriausi\u0173 rezultat\u0173.<\/p>","protected":false},"excerpt":{"rendered":"<p>Tonizuojantis anticeliulitinis k\u016bno kremas.<\/p>\n<p><strong>Natinuel products can only be purchased after a consultation.<\/strong><\/p>","protected":false},"featured_media":4793,"comment_status":"open","ping_status":"closed","template":"","meta":[],"product_cat":[171,113],"product_tag":[],"class_list":{"0":"post-4792","1":"product","2":"type-product","3":"status-publish","4":"has-post-thumbnail","6":"product_cat-celiulitui","7":"product_cat-kuno-kremas","8":"pa_brands-natinuel","9":"pa_talpa-150ml","11":"first","12":"instock","13":"taxable","14":"shipping-taxable","15":"product-type-external"},"_links":{"self":[{"href":"https:\/\/miamedic.lt\/en\/wp-json\/wp\/v2\/product\/4792","targetHints":{"allow":["GET"]}}],"collection":[{"href":"https:\/\/miamedic.lt\/en\/wp-json\/wp\/v2\/product"}],"about":[{"href":"https:\/\/miamedic.lt\/en\/wp-json\/wp\/v2\/types\/product"}],"replies":[{"embeddable":true,"href":"https:\/\/miamedic.lt\/en\/wp-json\/wp\/v2\/comments?post=4792"}],"version-history":[{"count":2,"href":"https:\/\/miamedic.lt\/en\/wp-json\/wp\/v2\/product\/4792\/revisions"}],"predecessor-version":[{"id":4795,"href":"https:\/\/miamedic.lt\/en\/wp-json\/wp\/v2\/product\/4792\/revisions\/4795"}],"wp:featuredmedia":[{"embeddable":true,"href":"https:\/\/miamedic.lt\/en\/wp-json\/wp\/v2\/media\/4793"}],"wp:attachment":[{"href":"https:\/\/miamedic.lt\/en\/wp-json\/wp\/v2\/media?parent=4792"}],"wp:term":[{"taxonomy":"product_cat","embeddable":true,"href":"https:\/\/miamedic.lt\/en\/wp-json\/wp\/v2\/product_cat?post=4792"},{"taxonomy":"product_tag","embeddable":true,"href":"https:\/\/miamedic.lt\/en\/wp-json\/wp\/v2\/product_tag?post=4792"}],"curies":[{"name":"wp","href":"https:\/\/api.w.org\/{rel}","templated":true}]}}