{"id":4789,"date":"2025-03-26T20:14:04","date_gmt":"2025-03-26T20:14:04","guid":{"rendered":"https:\/\/miamedic.lt\/?post_type=product&#038;p=4789"},"modified":"2025-04-23T11:26:35","modified_gmt":"2025-04-23T11:26:35","slug":"cromo-plus-spf-20","status":"publish","type":"product","link":"https:\/\/miamedic.lt\/en\/shop\/cromo-plus-spf-20\/","title":{"rendered":"CROMO PLUS SPF 20"},"content":{"rendered":"<p class=\"\" data-start=\"0\" data-end=\"76\"><strong data-start=\"0\" data-end=\"74\">CROMO PLUS \u2013 veido ir k\u016bno losjonas su SPF 20 apsauga nuo UV spinduli\u0173<\/strong><\/p>\n<p class=\"\" data-start=\"78\" data-end=\"544\">CROMO PLUS \u2013 tai naujos kartos bioceutinis losjonas, praturtintas aktyviaisiais peptidais, antioksidantais ir saul\u0117s filtrais, apsaugantis od\u0105 nuo fotosen\u0117jimo ir UV sukelto streso. Pieno spalvos aromatizuotas pur\u0161kiamas kremas tinka tiek veidui, tiek k\u016bnui. Jis u\u017etikrina vidutinio lygio SPF 20 apsaug\u0105 nuo saul\u0117s bei padeda pasiekti tolyg\u0173, gra\u017e\u0173 \u012fdeg\u012f. Unikalus veikli\u0173j\u0173 med\u017eiag\u0173 derinys padeda i\u0161laikyti odos jaunatvi\u0161k\u0105 i\u0161vaizd\u0105 ir sveik\u0105 spalv\u0105 visus metus.<\/p>\n<p class=\"\" data-start=\"546\" data-end=\"777\"><strong data-start=\"546\" data-end=\"558\">Effect<\/strong><br data-start=\"558\" data-end=\"561\" \/>Apsaugo nuo UV spinduli\u0173, padeda pasiekti ry\u0161k\u0173, ilgai i\u0161liekant\u012f \u012fdeg\u012f. Turi stipri\u0105 antioksidacin\u0119 apsaug\u0105 nuo laisv\u0173j\u0173 radikal\u0173, stabdo fotosen\u0117jimo procesus, ramina od\u0105 ir saugo j\u0105 nuo nudegim\u0173 bei sudirginimo.<\/p>\n<p class=\"\" data-start=\"779\" data-end=\"930\"><strong data-start=\"779\" data-end=\"795\">Kaip naudoti<\/strong><br data-start=\"795\" data-end=\"798\" \/>Rekomenduojama naudoti rytais \u2013 tolygiai paskirstyti ant \u0161varios veido ir\/ar k\u016bno odos. Naudoti taip pat prie\u0161 deginim\u0105si saul\u0117je.<\/p>","protected":false},"excerpt":{"rendered":"<p>Veido ir k\u016bno losjonas su SPF 20 apsauga nuo UV spinduli\u0173.<\/p>\n<p><strong>Natinuel products can only be purchased after a consultation.<\/strong><\/p>","protected":false},"featured_media":4790,"comment_status":"open","ping_status":"closed","template":"","meta":[],"product_cat":[152,153],"product_tag":[],"class_list":{"0":"post-4789","1":"product","2":"type-product","3":"status-publish","4":"has-post-thumbnail","6":"product_cat-spf","7":"product_cat-spf-veido-prieziura","8":"pa_brands-natinuel","9":"pa_talpa-100ml","11":"first","12":"instock","13":"taxable","14":"shipping-taxable","15":"product-type-external"},"_links":{"self":[{"href":"https:\/\/miamedic.lt\/en\/wp-json\/wp\/v2\/product\/4789","targetHints":{"allow":["GET"]}}],"collection":[{"href":"https:\/\/miamedic.lt\/en\/wp-json\/wp\/v2\/product"}],"about":[{"href":"https:\/\/miamedic.lt\/en\/wp-json\/wp\/v2\/types\/product"}],"replies":[{"embeddable":true,"href":"https:\/\/miamedic.lt\/en\/wp-json\/wp\/v2\/comments?post=4789"}],"version-history":[{"count":1,"href":"https:\/\/miamedic.lt\/en\/wp-json\/wp\/v2\/product\/4789\/revisions"}],"predecessor-version":[{"id":4791,"href":"https:\/\/miamedic.lt\/en\/wp-json\/wp\/v2\/product\/4789\/revisions\/4791"}],"wp:featuredmedia":[{"embeddable":true,"href":"https:\/\/miamedic.lt\/en\/wp-json\/wp\/v2\/media\/4790"}],"wp:attachment":[{"href":"https:\/\/miamedic.lt\/en\/wp-json\/wp\/v2\/media?parent=4789"}],"wp:term":[{"taxonomy":"product_cat","embeddable":true,"href":"https:\/\/miamedic.lt\/en\/wp-json\/wp\/v2\/product_cat?post=4789"},{"taxonomy":"product_tag","embeddable":true,"href":"https:\/\/miamedic.lt\/en\/wp-json\/wp\/v2\/product_tag?post=4789"}],"curies":[{"name":"wp","href":"https:\/\/api.w.org\/{rel}","templated":true}]}}