{"id":4786,"date":"2025-03-26T20:11:41","date_gmt":"2025-03-26T20:11:41","guid":{"rendered":"https:\/\/miamedic.lt\/?post_type=product&#038;p=4786"},"modified":"2025-04-23T11:59:48","modified_gmt":"2025-04-23T11:59:48","slug":"seba-fluid-ahas-bha-12","status":"publish","type":"product","link":"https:\/\/miamedic.lt\/en\/shop\/seba-fluid-ahas-bha-12\/","title":{"rendered":"SEBA FLUID AHAS \u2013 BHA 12%"},"content":{"rendered":"<p class=\"\" data-start=\"0\" data-end=\"100\"><strong data-start=\"0\" data-end=\"98\">SEBA FLUID \u2013 riebios ir problemin\u0117s odos balansuojantis veido fluidas su 12% AHA-BHA kompleksu<\/strong><\/p>\n<p class=\"\" data-start=\"102\" data-end=\"503\">SEBA FLUID \u2013 tai intensyvaus poveikio fluidas, skirtas riebiai, mi\u0161riai ir \u012f akn\u0119 linkusiai odai. Sud\u0117tyje esantis 12% AHA-BHA r\u016bg\u0161\u010di\u0173 kompleksas padeda sureguliuoti riebal\u0173 i\u0161siskyrim\u0105, ma\u017eina u\u017edegiminius procesus, pa\u0161alina ink\u0161tirus bei palaiko odos mikrofloros balans\u0105. Biochemi\u0161kai aktyvios sudedamosios dalys veikia antibakteri\u0161kai, skatina eksfoliacij\u0105 ir padeda atkurti sveik\u0105 odos i\u0161vaizd\u0105.<\/p>\n<p class=\"\" data-start=\"505\" data-end=\"679\"><strong data-start=\"505\" data-end=\"517\">Effect<\/strong><br data-start=\"517\" data-end=\"520\" \/>Normalizuoja sebumo gamyb\u0105, ma\u017eina akn\u0117s po\u017eymius, ink\u0161tirus ir odos u\u017edegimus. Oda tampa lygesn\u0117, \u0161varesn\u0117, suma\u017e\u0117ja paraudimas ir u\u017esikim\u0161usi\u0173 por\u0173 kiekis.<\/p>\n<p class=\"\" data-start=\"681\" data-end=\"861\"><strong data-start=\"681\" data-end=\"697\">Kaip naudoti<\/strong><br data-start=\"697\" data-end=\"700\" \/>Naudokite ant \u0161varios ir sausos odos. Nedidel\u012f kiek\u012f u\u017etepkite problemin\u0117se veido zonose ir \u0161velniai \u012fmasa\u017euokite. Rekomenduojama naudoti 1\u20132 kartus per dien\u0105.<\/p>","protected":false},"excerpt":{"rendered":"<p>Riebios ir problemin\u0117s odos balansuojantis veido fluidas su 12% AHA-BHA kompleksu<\/p>\n<p><strong>Natinuel products can only be purchased after a consultation.<\/strong><\/p>","protected":false},"featured_media":4787,"comment_status":"open","ping_status":"closed","template":"","meta":[],"product_cat":[129],"product_tag":[],"class_list":{"0":"post-4786","1":"product","2":"type-product","3":"status-publish","4":"has-post-thumbnail","6":"product_cat-veido-kremai","7":"pa_brands-natinuel","8":"pa_talpa-50ml-2","10":"first","11":"instock","12":"taxable","13":"shipping-taxable","14":"product-type-external"},"_links":{"self":[{"href":"https:\/\/miamedic.lt\/en\/wp-json\/wp\/v2\/product\/4786","targetHints":{"allow":["GET"]}}],"collection":[{"href":"https:\/\/miamedic.lt\/en\/wp-json\/wp\/v2\/product"}],"about":[{"href":"https:\/\/miamedic.lt\/en\/wp-json\/wp\/v2\/types\/product"}],"replies":[{"embeddable":true,"href":"https:\/\/miamedic.lt\/en\/wp-json\/wp\/v2\/comments?post=4786"}],"version-history":[{"count":1,"href":"https:\/\/miamedic.lt\/en\/wp-json\/wp\/v2\/product\/4786\/revisions"}],"predecessor-version":[{"id":4788,"href":"https:\/\/miamedic.lt\/en\/wp-json\/wp\/v2\/product\/4786\/revisions\/4788"}],"wp:featuredmedia":[{"embeddable":true,"href":"https:\/\/miamedic.lt\/en\/wp-json\/wp\/v2\/media\/4787"}],"wp:attachment":[{"href":"https:\/\/miamedic.lt\/en\/wp-json\/wp\/v2\/media?parent=4786"}],"wp:term":[{"taxonomy":"product_cat","embeddable":true,"href":"https:\/\/miamedic.lt\/en\/wp-json\/wp\/v2\/product_cat?post=4786"},{"taxonomy":"product_tag","embeddable":true,"href":"https:\/\/miamedic.lt\/en\/wp-json\/wp\/v2\/product_tag?post=4786"}],"curies":[{"name":"wp","href":"https:\/\/api.w.org\/{rel}","templated":true}]}}