{"id":4782,"date":"2025-03-26T20:08:52","date_gmt":"2025-03-26T20:08:52","guid":{"rendered":"https:\/\/miamedic.lt\/?post_type=product&#038;p=4782"},"modified":"2025-04-23T11:06:07","modified_gmt":"2025-04-23T11:06:07","slug":"oxy-100","status":"publish","type":"product","link":"https:\/\/miamedic.lt\/en\/shop\/oxy-100\/","title":{"rendered":"OXY 100"},"content":{"rendered":"<p class=\"\" data-start=\"0\" data-end=\"106\"><strong data-start=\"0\" data-end=\"104\">BIOSTIMULIUOJANTIS KREMAS SU OZONIDAIS \u2013 veido ir k\u016bno odos atstatymui, stiprinimui ir regeneracijai<\/strong><\/p>\n<p class=\"\" data-start=\"108\" data-end=\"536\">\u0160is biostimuliuojantis kremas su ozonidais ir specialiaisiais biopeptidais skirtas jautriai, silpnai ar pa\u017eeistai veido ir k\u016bno odai. Unikali ozonid\u0173 formul\u0117 skatina audini\u0173 prisotinim\u0105 deguonimi, gerina kraujo mikrocirkuliacij\u0105, stiprina imunin\u0119 sistem\u0105 ir odos apsaugin\u012f barjer\u0105. Ozonoterapijos pagrindu sukurtas kremas veikia kaip intensyvus regeneruojantis, dr\u0117kinantis ir atstatantis produktas be konservant\u0173 ir alergen\u0173.<\/p>\n<p class=\"\" data-start=\"538\" data-end=\"743\"><strong data-start=\"538\" data-end=\"550\">Effect<\/strong><br data-start=\"550\" data-end=\"553\" \/>Pagerina deguonies \u012fsisavinim\u0105 odoje, stiprina odos imunitet\u0105, skatina gijimo procesus, mal\u0161ina u\u017edegimus ir alergijas, dezinfekuoja, gerina odos strukt\u016br\u0105 ir pagreitina jos atsinaujinim\u0105.<\/p>\n<p class=\"\" data-start=\"745\" data-end=\"877\"><strong data-start=\"745\" data-end=\"761\">Kaip naudoti<\/strong><br data-start=\"761\" data-end=\"764\" \/>Tepkite krem\u0105 ant \u0161varios veido ar k\u016bno odos 1\u20132 kartus per dien\u0105. \u0160velniai \u012fmasa\u017euokite, kol visi\u0161kai \u012fsigers.<\/p>","protected":false},"excerpt":{"rendered":"<p>Veido ir k\u016bno odos atstatymui, stiprinimui ir regeneracijai.<\/p>\n<p><strong>Natinuel products can only be purchased after a consultation.<\/strong><\/p>","protected":false},"featured_media":4783,"comment_status":"open","ping_status":"closed","template":"","meta":[],"product_cat":[129],"product_tag":[],"class_list":{"0":"post-4782","1":"product","2":"type-product","3":"status-publish","4":"has-post-thumbnail","6":"product_cat-veido-kremai","7":"pa_brands-natinuel","8":"pa_talpa-50ml-2","10":"first","11":"instock","12":"taxable","13":"shipping-taxable","14":"product-type-external"},"_links":{"self":[{"href":"https:\/\/miamedic.lt\/en\/wp-json\/wp\/v2\/product\/4782","targetHints":{"allow":["GET"]}}],"collection":[{"href":"https:\/\/miamedic.lt\/en\/wp-json\/wp\/v2\/product"}],"about":[{"href":"https:\/\/miamedic.lt\/en\/wp-json\/wp\/v2\/types\/product"}],"replies":[{"embeddable":true,"href":"https:\/\/miamedic.lt\/en\/wp-json\/wp\/v2\/comments?post=4782"}],"version-history":[{"count":2,"href":"https:\/\/miamedic.lt\/en\/wp-json\/wp\/v2\/product\/4782\/revisions"}],"predecessor-version":[{"id":4785,"href":"https:\/\/miamedic.lt\/en\/wp-json\/wp\/v2\/product\/4782\/revisions\/4785"}],"wp:featuredmedia":[{"embeddable":true,"href":"https:\/\/miamedic.lt\/en\/wp-json\/wp\/v2\/media\/4783"}],"wp:attachment":[{"href":"https:\/\/miamedic.lt\/en\/wp-json\/wp\/v2\/media?parent=4782"}],"wp:term":[{"taxonomy":"product_cat","embeddable":true,"href":"https:\/\/miamedic.lt\/en\/wp-json\/wp\/v2\/product_cat?post=4782"},{"taxonomy":"product_tag","embeddable":true,"href":"https:\/\/miamedic.lt\/en\/wp-json\/wp\/v2\/product_tag?post=4782"}],"curies":[{"name":"wp","href":"https:\/\/api.w.org\/{rel}","templated":true}]}}