{"id":4779,"date":"2025-03-26T20:05:45","date_gmt":"2025-03-26T20:05:45","guid":{"rendered":"https:\/\/miamedic.lt\/?post_type=product&#038;p=4779"},"modified":"2025-04-23T10:45:46","modified_gmt":"2025-04-23T10:45:46","slug":"milk-make-up","status":"publish","type":"product","link":"https:\/\/miamedic.lt\/en\/shop\/milk-make-up\/","title":{"rendered":"MILK MAKE UP"},"content":{"rendered":"<p class=\"\" data-start=\"0\" data-end=\"99\"><strong data-start=\"0\" data-end=\"97\">MILK MAKE UP \u2013 \u0161velnus pienelis makia\u017eo valymui, tinkantis net jautriai odai ir aki\u0173 sri\u010diai.<\/strong><\/p>\n<p class=\"\" data-start=\"101\" data-end=\"446\">\u0160is valomasis pienelis puikiai pa\u0161alina veido bei aki\u0173 makia\u017e\u0105 ir kitus ne\u0161varumus, tuo pa\u010diu metu \u0161velniai puosel\u0117damas od\u0105. Jame esantys aliejai bei augalin\u0117s kilm\u0117s komponentai ramina, dr\u0117kina ir apsaugo od\u0105 nuo sudirginimo. MILK MAKE UP ypa\u010d tinka normaliai, sausai ir jautriai odai, o d\u0117l \u0161velnios formul\u0117s \u2013 net ir jautrioms aki\u0173 zonoms.<\/p>\n<p class=\"\" data-start=\"448\" data-end=\"628\"><strong data-start=\"448\" data-end=\"460\">Effect<\/strong><br data-start=\"460\" data-end=\"463\" \/>Valo ir ramina od\u0105, \u0161velniai pa\u0161alina net vandeniui atspar\u0173 makia\u017e\u0105, maitina ir padeda i\u0161vengti rauk\u0161li\u0173 susidarymo aplink akis. Oda tampa mink\u0161ta, \u0161vari ir gaivi.<\/p>\n<p class=\"\" data-start=\"630\" data-end=\"851\"><strong data-start=\"630\" data-end=\"646\">Kaip naudoti<\/strong><br data-start=\"646\" data-end=\"649\" \/>Nedidel\u012f kiek\u012f pienelio u\u017etepkite ant vatos diskelio ir \u0161velniais sukamaisiais judesiais valykite veid\u0105 bei aki\u0173 srit\u012f. Jei reikia \u2013 pakartokite. Po to rekomenduojama nuprausti veid\u0105 veido prausikliu.<\/p>","protected":false},"excerpt":{"rendered":"<p>\u0160velnus pienelis makia\u017eo valymui, tinkantis net jautriai odai ir aki\u0173 sri\u010diai.<\/p>\n<p><strong>Natinuel products can only be purchased after a consultation.<\/strong><\/p>","protected":false},"featured_media":4780,"comment_status":"open","ping_status":"closed","template":"","meta":[],"product_cat":[191],"product_tag":[],"class_list":{"0":"post-4779","1":"product","2":"type-product","3":"status-publish","4":"has-post-thumbnail","6":"product_cat-makiazo-valymas-veido-prieziura","7":"pa_brands-natinuel","8":"pa_talpa-150ml","10":"first","11":"instock","12":"taxable","13":"shipping-taxable","14":"product-type-external"},"_links":{"self":[{"href":"https:\/\/miamedic.lt\/en\/wp-json\/wp\/v2\/product\/4779","targetHints":{"allow":["GET"]}}],"collection":[{"href":"https:\/\/miamedic.lt\/en\/wp-json\/wp\/v2\/product"}],"about":[{"href":"https:\/\/miamedic.lt\/en\/wp-json\/wp\/v2\/types\/product"}],"replies":[{"embeddable":true,"href":"https:\/\/miamedic.lt\/en\/wp-json\/wp\/v2\/comments?post=4779"}],"version-history":[{"count":1,"href":"https:\/\/miamedic.lt\/en\/wp-json\/wp\/v2\/product\/4779\/revisions"}],"predecessor-version":[{"id":4781,"href":"https:\/\/miamedic.lt\/en\/wp-json\/wp\/v2\/product\/4779\/revisions\/4781"}],"wp:featuredmedia":[{"embeddable":true,"href":"https:\/\/miamedic.lt\/en\/wp-json\/wp\/v2\/media\/4780"}],"wp:attachment":[{"href":"https:\/\/miamedic.lt\/en\/wp-json\/wp\/v2\/media?parent=4779"}],"wp:term":[{"taxonomy":"product_cat","embeddable":true,"href":"https:\/\/miamedic.lt\/en\/wp-json\/wp\/v2\/product_cat?post=4779"},{"taxonomy":"product_tag","embeddable":true,"href":"https:\/\/miamedic.lt\/en\/wp-json\/wp\/v2\/product_tag?post=4779"}],"curies":[{"name":"wp","href":"https:\/\/api.w.org\/{rel}","templated":true}]}}