{"id":4776,"date":"2025-03-26T20:01:37","date_gmt":"2025-03-26T20:01:37","guid":{"rendered":"https:\/\/miamedic.lt\/?post_type=product&#038;p=4776"},"modified":"2025-04-23T11:26:26","modified_gmt":"2025-04-23T11:26:26","slug":"protector-spf-50","status":"publish","type":"product","link":"https:\/\/miamedic.lt\/en\/shop\/protector-spf-50\/","title":{"rendered":"PROTECTOR SPF 50+"},"content":{"rendered":"<p class=\"\" data-start=\"0\" data-end=\"112\"><strong data-start=\"0\" data-end=\"110\">PROTECTOR SPF 50+ \u2013 tai maksimaliai apsaugantis kremas nuo saul\u0117s veidui ir k\u016bnui, sukurtas jautriai odai.<\/strong><\/p>\n<p class=\"\" data-start=\"114\" data-end=\"489\">\u0160is kremas idealiai tinka tiek vaikams, tiek suaugusiesiems \u2013 ypa\u010d \u0161viesiai, \u012f pigmentacij\u0105 ar nudegimus linkusiai odai. Apsaugin\u0117 formul\u0117 su mikronizuotais mineraliniais filtrais u\u017etikrina plataus spektro apsaug\u0105 nuo \u017ealing\u0173 UVA\/UVB spinduli\u0173. Produktas taip pat apsaugo od\u0105 nuo \u0161iluminio streso, kur\u012f sukelia intensyvi saul\u0117, saugo nuo i\u0161saus\u0117jimo, paraudimo ir nudegim\u0173.<\/p>\n<p class=\"\" data-start=\"491\" data-end=\"787\"><strong data-start=\"491\" data-end=\"503\">Effect<\/strong><br data-start=\"503\" data-end=\"506\" \/>Kremas efektyviai saugo nuo UV spinduli\u0173, i\u0161laiko od\u0105 sudr\u0117kint\u0105, lygi\u0105 ir apsaugo nuo sen\u0117jimo po\u017eymi\u0173, susijusi\u0173 su saul\u0117s poveikiu. U\u017etikrina ilgalaik\u012f komfort\u0105, padeda i\u0161vengti pigmentini\u0173 d\u0117mi\u0173 susidarymo, nudegim\u0173 bei pleiskanojimo. Oda i\u0161lieka \u0161velni, sveika ir apsaugota.<\/p>\n<p class=\"\" data-start=\"789\" data-end=\"1023\"><strong data-start=\"789\" data-end=\"805\">Kaip naudoti<\/strong><br data-start=\"805\" data-end=\"808\" \/>Krem\u0105 rekomenduojama tepti ant \u0161varios ir sausos veido bei k\u016bno odos likus 15\u201320 minu\u010di\u0173 iki buvimo saul\u0117je. Norint i\u0161laikyti apsaug\u0105, pakartotinai tepti kas 2\u20133 valandas, ypa\u010d po maudyni\u0173 ar gausaus prakaitavimo.<\/p>\n<p class=\"\" data-start=\"1025\" data-end=\"1204\">","protected":false},"excerpt":{"rendered":"<p>Veidui ir k\u016bnui &#8211; auk\u0161to lygio apsauga nuo saul\u0117s.<\/p>\n<p><strong>Natinuel products can only be purchased after a consultation.<\/strong><\/p>","protected":false},"featured_media":4996,"comment_status":"open","ping_status":"closed","template":"","meta":[],"product_cat":[153],"product_tag":[],"class_list":{"0":"post-4776","1":"product","2":"type-product","3":"status-publish","4":"has-post-thumbnail","6":"product_cat-spf-veido-prieziura","7":"pa_brands-natinuel","8":"pa_talpa-50ml-2","10":"first","11":"instock","12":"taxable","13":"shipping-taxable","14":"product-type-external"},"_links":{"self":[{"href":"https:\/\/miamedic.lt\/en\/wp-json\/wp\/v2\/product\/4776","targetHints":{"allow":["GET"]}}],"collection":[{"href":"https:\/\/miamedic.lt\/en\/wp-json\/wp\/v2\/product"}],"about":[{"href":"https:\/\/miamedic.lt\/en\/wp-json\/wp\/v2\/types\/product"}],"replies":[{"embeddable":true,"href":"https:\/\/miamedic.lt\/en\/wp-json\/wp\/v2\/comments?post=4776"}],"version-history":[{"count":1,"href":"https:\/\/miamedic.lt\/en\/wp-json\/wp\/v2\/product\/4776\/revisions"}],"predecessor-version":[{"id":4778,"href":"https:\/\/miamedic.lt\/en\/wp-json\/wp\/v2\/product\/4776\/revisions\/4778"}],"wp:featuredmedia":[{"embeddable":true,"href":"https:\/\/miamedic.lt\/en\/wp-json\/wp\/v2\/media\/4996"}],"wp:attachment":[{"href":"https:\/\/miamedic.lt\/en\/wp-json\/wp\/v2\/media?parent=4776"}],"wp:term":[{"taxonomy":"product_cat","embeddable":true,"href":"https:\/\/miamedic.lt\/en\/wp-json\/wp\/v2\/product_cat?post=4776"},{"taxonomy":"product_tag","embeddable":true,"href":"https:\/\/miamedic.lt\/en\/wp-json\/wp\/v2\/product_tag?post=4776"}],"curies":[{"name":"wp","href":"https:\/\/api.w.org\/{rel}","templated":true}]}}