{"id":4773,"date":"2025-03-26T19:58:50","date_gmt":"2025-03-26T19:58:50","guid":{"rendered":"https:\/\/miamedic.lt\/?post_type=product&#038;p=4773"},"modified":"2025-03-26T20:01:03","modified_gmt":"2025-03-26T20:01:03","slug":"interactive-serum","status":"publish","type":"product","link":"https:\/\/miamedic.lt\/en\/shop\/interactive-serum\/","title":{"rendered":"INTERACTIVE SERUM"},"content":{"rendered":"<p data-start=\"167\" data-end=\"242\"><strong data-start=\"171\" data-end=\"242\">INTERACTIVE SERUM \u2013 gilus odos atnaujinimas ir apsauga nuo sen\u0117jimo<\/strong><\/p>\n<p class=\"\" data-start=\"244\" data-end=\"656\"><strong data-start=\"244\" data-end=\"265\">INTERACTIVE SERUM<\/strong> \u2013 tai pa\u017eangus, bioaktyvus serumas, skirtas kovai su odos sen\u0117jimo po\u017eymiais l\u0105steli\u0173 lygmenyje. Jo unikali formul\u0117, praturtinta biomimetiniais peptidais, augimo faktoriais, retinoliu ir stipriais antioksidantais, aktyvina nat\u016bralius odos regeneracijos procesus bei atkuria pa\u017eeistas strukt\u016bras. Veikia ne tik odos pavir\u0161i\u0173, bet ir gilesnius dermos bei ekstral\u0105stelin\u0117s matricos sluoksnius.<\/p>\n<p data-start=\"658\" data-end=\"689\"><strong data-start=\"662\" data-end=\"689\">Pagrindiniai poveikiai:<\/strong><\/p>\n<ul data-start=\"690\" data-end=\"1070\">\n<li class=\"\" data-start=\"690\" data-end=\"746\">\n<p class=\"\" data-start=\"692\" data-end=\"746\"><strong data-start=\"692\" data-end=\"720\">Skatina kolageno sintez\u0119<\/strong> ir fibroblast\u0173 aktyvum\u0105<\/p>\n<\/li>\n<li class=\"\" data-start=\"747\" data-end=\"799\">\n<p class=\"\" data-start=\"749\" data-end=\"799\"><strong data-start=\"749\" data-end=\"772\">Ma\u017eina pigmentacij\u0105<\/strong> ir fotosen\u0117jimo po\u017eymius<\/p>\n<\/li>\n<li class=\"\" data-start=\"800\" data-end=\"863\">\n<p class=\"\" data-start=\"802\" data-end=\"863\"><strong data-start=\"802\" data-end=\"832\">L\u0117tina glikacijos procesus<\/strong>, ma\u017eina MMP ferment\u0173 poveik\u012f<\/p>\n<\/li>\n<li class=\"\" data-start=\"864\" data-end=\"932\">\n<p class=\"\" data-start=\"866\" data-end=\"932\"><strong data-start=\"866\" data-end=\"904\">Stiprina odos apsaugines funkcijas<\/strong>, gerina l\u0105steli\u0173 apykait\u0105<\/p>\n<\/li>\n<li class=\"\" data-start=\"933\" data-end=\"1009\">\n<p class=\"\" data-start=\"935\" data-end=\"1009\"><strong data-start=\"935\" data-end=\"979\">Regeneruoja dermoepidermin\u0119 jungt\u012f (GDE)<\/strong> ir matricos strukt\u016br\u0105 (MEC)<\/p>\n<\/li>\n<li class=\"\" data-start=\"1010\" data-end=\"1070\">\n<p class=\"\" data-start=\"1012\" data-end=\"1070\"><strong data-start=\"1012\" data-end=\"1070\">Suteikia ilgalaik\u012f stangrinam\u0105j\u012f ir lyginam\u0105j\u012f poveik\u012f<\/strong><\/p>\n<\/li>\n<\/ul>\n<p data-start=\"1072\" data-end=\"1091\"><strong data-start=\"1076\" data-end=\"1091\">Usage:<\/strong><\/p>\n<p class=\"\" data-start=\"1092\" data-end=\"1323\">Tepkite pakankam\u0105 kiek\u012f serumo ant \u0161varios veido, kaklo ir dekolt\u0117 srities odos. Palikite veikti apie 30 min. Galima \u0161velniai \u012fmasa\u017euoti iki visi\u0161ko \u012fsig\u0117rimo arba nuplauti vandeniu. Rekomenduojama naudoti <strong data-start=\"1298\" data-end=\"1322\">1 kart\u0105 per 5 dienas<\/strong>.<\/p>\n<p class=\"\" data-start=\"1348\" data-end=\"1396\"><strong data-start=\"1348\" data-end=\"1369\">Tinka odos tipui:<\/strong> normali, brandi, pavargusi<\/p>\n<p data-start=\"1348\" data-end=\"1396\">Tai i\u0161skirtinis pasirinkimas, siekiant gilaus, mokslu pagr\u012fsto odos atnaujinimo ir ilgam i\u0161liekan\u010di\u0173 rezultat\u0173. I\u0161bandykite, jei ie\u0161kote profesionalios kokyb\u0117s, matomos transformacijos ir apsaugos nuo sen\u0117jimo viename \u017eingsnyje.<\/p>","protected":false},"excerpt":{"rendered":"<p>Tai pa\u017eangus, bioaktyvus serumas, skirtas kovai su odos sen\u0117jimo po\u017eymiais l\u0105steli\u0173 lygmenyje.<\/p>\n<p><strong>Natinuel products can only be purchased after a consultation.<\/strong><\/p>","protected":false},"featured_media":4774,"comment_status":"open","ping_status":"closed","template":"","meta":[],"product_cat":[107],"product_tag":[],"class_list":{"0":"post-4773","1":"product","2":"type-product","3":"status-publish","4":"has-post-thumbnail","6":"product_cat-serumai","7":"pa_brands-natinuel","8":"pa_talpa-30ml-2","10":"first","11":"instock","12":"taxable","13":"shipping-taxable","14":"product-type-external"},"_links":{"self":[{"href":"https:\/\/miamedic.lt\/en\/wp-json\/wp\/v2\/product\/4773","targetHints":{"allow":["GET"]}}],"collection":[{"href":"https:\/\/miamedic.lt\/en\/wp-json\/wp\/v2\/product"}],"about":[{"href":"https:\/\/miamedic.lt\/en\/wp-json\/wp\/v2\/types\/product"}],"replies":[{"embeddable":true,"href":"https:\/\/miamedic.lt\/en\/wp-json\/wp\/v2\/comments?post=4773"}],"version-history":[{"count":1,"href":"https:\/\/miamedic.lt\/en\/wp-json\/wp\/v2\/product\/4773\/revisions"}],"predecessor-version":[{"id":4775,"href":"https:\/\/miamedic.lt\/en\/wp-json\/wp\/v2\/product\/4773\/revisions\/4775"}],"wp:featuredmedia":[{"embeddable":true,"href":"https:\/\/miamedic.lt\/en\/wp-json\/wp\/v2\/media\/4774"}],"wp:attachment":[{"href":"https:\/\/miamedic.lt\/en\/wp-json\/wp\/v2\/media?parent=4773"}],"wp:term":[{"taxonomy":"product_cat","embeddable":true,"href":"https:\/\/miamedic.lt\/en\/wp-json\/wp\/v2\/product_cat?post=4773"},{"taxonomy":"product_tag","embeddable":true,"href":"https:\/\/miamedic.lt\/en\/wp-json\/wp\/v2\/product_tag?post=4773"}],"curies":[{"name":"wp","href":"https:\/\/api.w.org\/{rel}","templated":true}]}}