{"id":4770,"date":"2025-03-26T19:56:29","date_gmt":"2025-03-26T19:56:29","guid":{"rendered":"https:\/\/miamedic.lt\/?post_type=product&#038;p=4770"},"modified":"2025-04-23T12:00:01","modified_gmt":"2025-04-23T12:00:01","slug":"interactive-cream","status":"publish","type":"product","link":"https:\/\/miamedic.lt\/en\/shop\/interactive-cream\/","title":{"rendered":"INTERACTIVE CREAM"},"content":{"rendered":"<p data-start=\"96\" data-end=\"173\"><strong data-start=\"100\" data-end=\"173\">INTERACTIVE CREAM \u2013 intensyvus daugiafunkcis kremas odos atjauninimui<\/strong><\/p>\n<p><strong data-start=\"175\" data-end=\"196\">INTERACTIVE CREAM<\/strong> \u2013 tai pa\u017eangios formul\u0117s kremas, sukurtas brand\u017eiai, tonus\u0105 praradusiai odai. Jo unikali sud\u0117tis, praturtinta dermatologiniais augimo faktoriais, taikliai veikia giliausius odos sluoksnius: aktyvina dermos, epidermio ir GDE (dermoepidermin\u0117s jungties) regeneracij\u0105, skatina kolageno, elastino ir hialurono r\u016bg\u0161ties sintez\u0119. Inovatyv\u016bs peptidai ir stipr\u016bs antioksidantai padeda atkurti l\u0105steli\u0173 funkcionalum\u0105, ma\u017eina glikacijos poveik\u012f ir gerina odos atsparum\u0105 i\u0161or\u0117s veiksniams.<\/p>\n<p data-start=\"677\" data-end=\"694\"><strong data-start=\"681\" data-end=\"694\">Effect:<\/strong><\/p>\n<p class=\"\" data-start=\"695\" data-end=\"1081\">\u2022 Giliai atkuria dermos ir epidermio strukt\u016br\u0105<br data-start=\"741\" data-end=\"744\" \/>\u2022 Stimuliuoja kamienini\u0173 l\u0105steli\u0173 veikl\u0105 ir odos regeneracij\u0105<br data-start=\"805\" data-end=\"808\" \/>\u2022 Gerina mikrocirkuliacij\u0105 ir skatina nauj\u0173 kraujagysli\u0173 formavim\u0105si<br data-start=\"876\" data-end=\"879\" \/>\u2022 Slopina glikacijos ir ferment\u0173 MMP poveik\u012f (atsakingi u\u017e odos sen\u0117jim\u0105)<br data-start=\"952\" data-end=\"955\" \/>\u2022 Suteikia odai stangrumo, tankio ir pastebim\u0105 lygumo efekt\u0105<br data-start=\"1015\" data-end=\"1018\" \/>\u2022 Saugo l\u0105steles nuo oksidacinio streso, aktyvina SOD fermentus<\/p>\n<p data-start=\"1083\" data-end=\"1104\"><strong data-start=\"1087\" data-end=\"1102\">Usage:<\/strong><\/p>\n<p class=\"\" data-start=\"1105\" data-end=\"1211\">Tepkite \u0161variai nuvalyt\u0105 od\u0105 ryte ir\/arba vakare. \u012emasa\u017euokite \u0161velniais judesiais, kol visi\u0161kai susigers.<\/p>\n<p class=\"\" data-start=\"1236\" data-end=\"1286\"><strong data-start=\"1236\" data-end=\"1257\">Tinka odos tipui:<\/strong> normali, brandi, i\u0161saus\u0117jusi<\/p>","protected":false},"excerpt":{"rendered":"<p>Intensyvus daugiafunkcis kremas odos atjauninimui.<\/p>\n<p><strong>Natinuel products can only be purchased after a consultation.<\/strong><\/p>","protected":false},"featured_media":4771,"comment_status":"open","ping_status":"closed","template":"","meta":[],"product_cat":[180,129],"product_tag":[],"class_list":{"0":"post-4770","1":"product","2":"type-product","3":"status-publish","4":"has-post-thumbnail","6":"product_cat-naktiniai-kremai","7":"product_cat-veido-kremai","8":"pa_brands-natinuel","9":"pa_talpa-50ml-2","11":"first","12":"instock","13":"taxable","14":"shipping-taxable","15":"product-type-external"},"_links":{"self":[{"href":"https:\/\/miamedic.lt\/en\/wp-json\/wp\/v2\/product\/4770","targetHints":{"allow":["GET"]}}],"collection":[{"href":"https:\/\/miamedic.lt\/en\/wp-json\/wp\/v2\/product"}],"about":[{"href":"https:\/\/miamedic.lt\/en\/wp-json\/wp\/v2\/types\/product"}],"replies":[{"embeddable":true,"href":"https:\/\/miamedic.lt\/en\/wp-json\/wp\/v2\/comments?post=4770"}],"version-history":[{"count":1,"href":"https:\/\/miamedic.lt\/en\/wp-json\/wp\/v2\/product\/4770\/revisions"}],"predecessor-version":[{"id":4772,"href":"https:\/\/miamedic.lt\/en\/wp-json\/wp\/v2\/product\/4770\/revisions\/4772"}],"wp:featuredmedia":[{"embeddable":true,"href":"https:\/\/miamedic.lt\/en\/wp-json\/wp\/v2\/media\/4771"}],"wp:attachment":[{"href":"https:\/\/miamedic.lt\/en\/wp-json\/wp\/v2\/media?parent=4770"}],"wp:term":[{"taxonomy":"product_cat","embeddable":true,"href":"https:\/\/miamedic.lt\/en\/wp-json\/wp\/v2\/product_cat?post=4770"},{"taxonomy":"product_tag","embeddable":true,"href":"https:\/\/miamedic.lt\/en\/wp-json\/wp\/v2\/product_tag?post=4770"}],"curies":[{"name":"wp","href":"https:\/\/api.w.org\/{rel}","templated":true}]}}