{"id":4767,"date":"2025-03-26T19:54:02","date_gmt":"2025-03-26T19:54:02","guid":{"rendered":"https:\/\/miamedic.lt\/?post_type=product&#038;p=4767"},"modified":"2026-02-02T17:23:02","modified_gmt":"2026-02-02T17:23:02","slug":"hydra-moist-mask","status":"publish","type":"product","link":"https:\/\/miamedic.lt\/en\/shop\/hydra-moist-mask\/","title":{"rendered":"HYDRA \u2013 MOIST MASK"},"content":{"rendered":"<p data-start=\"75\" data-end=\"136\"><strong data-start=\"79\" data-end=\"136\">HYDRA\u2013MOIST MASK \u2013 intensyviai dr\u0117kinanti veido kauk\u0117<\/strong><\/p>\n<p class=\"\" data-start=\"138\" data-end=\"598\"><strong data-start=\"138\" data-end=\"158\">HYDRA\u2013MOIST MASK<\/strong> \u2013 tai kauk\u0117, skirta vis\u0173 tip\u0173 odai, kurioms reikia greitos pagalbos nuo sausumo ir dehidratacijos. D\u0117l galingo dr\u0117kinamojo poveikio kauk\u0117 atkuria odos balans\u0105, stiprina apsaugin\u012f barjer\u0105 ir padeda i\u0161saugoti elastingum\u0105 bei \u0161vyt\u0117jim\u0105. Dvi veiksmingos polihidroksi r\u016bg\u0161tys \u2013 <strong data-start=\"432\" data-end=\"452\">gliukonolaktonas<\/strong> ir <strong data-start=\"456\" data-end=\"480\">laktobionin\u0117 r\u016bg\u0161tis<\/strong>\u2013 stiprina <strong data-start=\"492\" data-end=\"506\">lipomoisto<\/strong> molekulin\u012f dr\u0117gm\u0117s tinkl\u0105, kuris padeda i\u0161laikyti dr\u0117gm\u0119 audiniuose ir ma\u017eina jos garavim\u0105.<\/p>\n<p data-start=\"600\" data-end=\"619\"><strong data-start=\"604\" data-end=\"617\">Effect:<\/strong><\/p>\n<p class=\"\" data-start=\"620\" data-end=\"904\">\u2022 Aktyviai dr\u0117kina ir mink\u0161tina od\u0105<br data-start=\"655\" data-end=\"658\" \/>\u2022 Sulygina l\u0105steli\u0173 atsinaujinimo cikl\u0105<br data-start=\"697\" data-end=\"700\" \/>\u2022 Apsaugo nuo dehidratacijos ir stiprina lipidin\u012f barjer\u0105<br data-start=\"757\" data-end=\"760\" \/>\u2022 Gerina odos tonus\u0105 ir elastingum\u0105<br data-start=\"795\" data-end=\"798\" \/>\u2022 Skatina \u0161velnios, stangrios, \u0161vytin\u010dios odos i\u0161vaizd\u0105<br data-start=\"853\" data-end=\"856\" \/>\u2022 Saugo nuo i\u0161orini\u0173 veiksni\u0173 ir aplinkos streso<\/p>\n<p data-start=\"906\" data-end=\"927\"><strong data-start=\"910\" data-end=\"925\">Usage:<\/strong><\/p>\n<p class=\"\" data-start=\"928\" data-end=\"1099\">U\u017etepkite kauk\u0119 tolygiai ant \u0161varios veido odos. Palaikykite 7\u201310 minu\u010di\u0173 ir nuplaukite vandeniu. Rekomenduojama naudoti 2\u20133 kartus per savait\u0119 siekiant ilgalaikio efekto.<\/p>\n<p class=\"\" data-start=\"1124\" data-end=\"1166\"><strong data-start=\"1124\" data-end=\"1146\">Tinka odos tipams:<\/strong> visiems odos tipams<\/p>\n<p class=\"\" data-start=\"1400\" data-end=\"1526\"><strong data-start=\"1400\" data-end=\"1420\">HYDRA\u2013MOIST MASK<\/strong> \u2013 tai intensyvi pagalba pavargusiai, i\u0161saus\u0117jusiai odai, kai reikia \u0161velnumo, gaivos ir gilaus dr\u0117kinimo.<\/p>","protected":false},"excerpt":{"rendered":"<p>Tai kauk\u0117, skirta vis\u0173 tip\u0173 odai, kurioms reikia greitos pagalbos nuo sausumo ir dehidratacijos.<\/p>\n<p><strong>Natinuel products can only be purchased after a consultation.<\/strong><\/p>","protected":false},"featured_media":4768,"comment_status":"open","ping_status":"closed","template":"","meta":[],"product_cat":[420],"product_tag":[],"class_list":{"0":"post-4767","1":"product","2":"type-product","3":"status-publish","4":"has-post-thumbnail","6":"product_cat-veido-kaukes","7":"pa_brands-natinuel","8":"pa_talpa-30ml-2","10":"first","11":"instock","12":"taxable","13":"shipping-taxable","14":"product-type-external"},"_links":{"self":[{"href":"https:\/\/miamedic.lt\/en\/wp-json\/wp\/v2\/product\/4767","targetHints":{"allow":["GET"]}}],"collection":[{"href":"https:\/\/miamedic.lt\/en\/wp-json\/wp\/v2\/product"}],"about":[{"href":"https:\/\/miamedic.lt\/en\/wp-json\/wp\/v2\/types\/product"}],"replies":[{"embeddable":true,"href":"https:\/\/miamedic.lt\/en\/wp-json\/wp\/v2\/comments?post=4767"}],"version-history":[{"count":1,"href":"https:\/\/miamedic.lt\/en\/wp-json\/wp\/v2\/product\/4767\/revisions"}],"predecessor-version":[{"id":4769,"href":"https:\/\/miamedic.lt\/en\/wp-json\/wp\/v2\/product\/4767\/revisions\/4769"}],"wp:featuredmedia":[{"embeddable":true,"href":"https:\/\/miamedic.lt\/en\/wp-json\/wp\/v2\/media\/4768"}],"wp:attachment":[{"href":"https:\/\/miamedic.lt\/en\/wp-json\/wp\/v2\/media?parent=4767"}],"wp:term":[{"taxonomy":"product_cat","embeddable":true,"href":"https:\/\/miamedic.lt\/en\/wp-json\/wp\/v2\/product_cat?post=4767"},{"taxonomy":"product_tag","embeddable":true,"href":"https:\/\/miamedic.lt\/en\/wp-json\/wp\/v2\/product_tag?post=4767"}],"curies":[{"name":"wp","href":"https:\/\/api.w.org\/{rel}","templated":true}]}}