{"id":4764,"date":"2025-03-26T19:51:23","date_gmt":"2025-03-26T19:51:23","guid":{"rendered":"https:\/\/miamedic.lt\/?post_type=product&#038;p=4764"},"modified":"2025-03-26T19:53:40","modified_gmt":"2025-03-26T19:53:40","slug":"homeo-rose-cream","status":"publish","type":"product","link":"https:\/\/miamedic.lt\/en\/shop\/homeo-rose-cream\/","title":{"rendered":"HOMEO ROSE CREAM"},"content":{"rendered":"<p data-start=\"66\" data-end=\"134\"><strong data-start=\"70\" data-end=\"134\">HOMEO ROSE \u2013 kremas kuperoz\u0117s ir l\u0117tinio paraudimo ma\u017einimui<\/strong><\/p>\n<p class=\"\" data-start=\"136\" data-end=\"559\"><strong data-start=\"136\" data-end=\"150\">HOMEO ROSE<\/strong> \u2013 tai specializuotas kremas, skirtas jautriai, paraudusiai odai su kuperoz\u0117s po\u017eymiais. Veiksmingai ma\u017eina i\u0161sipl\u0117tusi\u0173 kapiliar\u0173 matomum\u0105, stiprina kraujagysli\u0173 sieneles ir ramina sudirgusi\u0105 od\u0105. Kremas ypa\u010d tinka nosies zonai ir skruostams, kur da\u017eniausiai pasirei\u0161kia nuolatinis paraudimas ir jautrumas. Pa\u017eangi formul\u0117 suma\u017eina mikrokapiliar\u0173 pralaidum\u0105 ir stiprina odos atsparum\u0105 temperat\u016bros poky\u010diams.<\/p>\n<p data-start=\"561\" data-end=\"580\"><strong data-start=\"565\" data-end=\"578\">Effect:<\/strong><\/p>\n<p class=\"\" data-start=\"581\" data-end=\"887\">\u2022 Ma\u017eina kuperoz\u0117s ir l\u0117tinio paraudimo po\u017eymius<br data-start=\"629\" data-end=\"632\" \/>\u2022 Gerina mikrocirkuliacij\u0105 ir kraujagysli\u0173 tonus\u0105<br data-start=\"681\" data-end=\"684\" \/>\u2022 Ramina jautri\u0105 od\u0105 ir suma\u017eina jos reakcij\u0105 \u012f aplinkos dirgiklius<br data-start=\"751\" data-end=\"754\" \/>\u2022 Stiprina odos barjer\u0105 ir ma\u017eina jautrum\u0105 temperat\u016bros svyravimams<br data-start=\"821\" data-end=\"824\" \/>\u2022 Tinka kasdienei prie\u017ei\u016brai jautriai, sausai ar normaliai odai<\/p>\n<p data-start=\"889\" data-end=\"910\"><strong data-start=\"893\" data-end=\"908\">Usage:<\/strong><\/p>\n<p class=\"\" data-start=\"911\" data-end=\"1034\">Tepkite nedidel\u012f kiek\u012f kremo ant \u0161vari\u0173, pa\u017eeist\u0173 viet\u0173 1\u20132 kartus per dien\u0105. \u0160velniai \u012fmasa\u017euokite, kol visi\u0161kai susigers.<\/p>\n<p class=\"\" data-start=\"911\" data-end=\"1034\"><strong data-start=\"1080\" data-end=\"1102\">Tinka odos tipams:<\/strong> jautri, normali, sausa<\/p>\n<p class=\"\" data-start=\"1381\" data-end=\"1470\"><strong data-start=\"1381\" data-end=\"1395\">HOMEO ROSE<\/strong> \u2013 tai taiklus sprendimas kovojant su paraudusia ir kapiliar\u0173 pa\u017eeista oda.<\/p>","protected":false},"excerpt":{"rendered":"<p>Kremas kuperoz\u0117s ir l\u0117tinio paraudimo ma\u017einimui.<\/p>\n<p><strong>Natinuel products can only be purchased after a consultation.<\/strong><\/p>","protected":false},"featured_media":4765,"comment_status":"open","ping_status":"closed","template":"","meta":[],"product_cat":[129],"product_tag":[],"class_list":{"0":"post-4764","1":"product","2":"type-product","3":"status-publish","4":"has-post-thumbnail","6":"product_cat-veido-kremai","7":"pa_brands-natinuel","8":"pa_talpa-15ml","10":"first","11":"instock","12":"taxable","13":"shipping-taxable","14":"product-type-external"},"_links":{"self":[{"href":"https:\/\/miamedic.lt\/en\/wp-json\/wp\/v2\/product\/4764","targetHints":{"allow":["GET"]}}],"collection":[{"href":"https:\/\/miamedic.lt\/en\/wp-json\/wp\/v2\/product"}],"about":[{"href":"https:\/\/miamedic.lt\/en\/wp-json\/wp\/v2\/types\/product"}],"replies":[{"embeddable":true,"href":"https:\/\/miamedic.lt\/en\/wp-json\/wp\/v2\/comments?post=4764"}],"version-history":[{"count":1,"href":"https:\/\/miamedic.lt\/en\/wp-json\/wp\/v2\/product\/4764\/revisions"}],"predecessor-version":[{"id":4766,"href":"https:\/\/miamedic.lt\/en\/wp-json\/wp\/v2\/product\/4764\/revisions\/4766"}],"wp:featuredmedia":[{"embeddable":true,"href":"https:\/\/miamedic.lt\/en\/wp-json\/wp\/v2\/media\/4765"}],"wp:attachment":[{"href":"https:\/\/miamedic.lt\/en\/wp-json\/wp\/v2\/media?parent=4764"}],"wp:term":[{"taxonomy":"product_cat","embeddable":true,"href":"https:\/\/miamedic.lt\/en\/wp-json\/wp\/v2\/product_cat?post=4764"},{"taxonomy":"product_tag","embeddable":true,"href":"https:\/\/miamedic.lt\/en\/wp-json\/wp\/v2\/product_tag?post=4764"}],"curies":[{"name":"wp","href":"https:\/\/api.w.org\/{rel}","templated":true}]}}