{"id":4761,"date":"2025-03-26T19:48:43","date_gmt":"2025-03-26T19:48:43","guid":{"rendered":"https:\/\/miamedic.lt\/?post_type=product&#038;p=4761"},"modified":"2025-03-26T19:50:57","modified_gmt":"2025-03-26T19:50:57","slug":"firmin-lift-strong","status":"publish","type":"product","link":"https:\/\/miamedic.lt\/en\/shop\/firmin-lift-strong\/","title":{"rendered":"FIRMIN LIFT STRONG"},"content":{"rendered":"<p data-start=\"81\" data-end=\"183\"><strong data-start=\"85\" data-end=\"183\">FIRMIN LIFT STRONG \u2013 liftinguojantis veido serumas intensyviam atjauninimui ir odos atstatymui<\/strong><\/p>\n<p class=\"\" data-start=\"185\" data-end=\"609\"><strong data-start=\"185\" data-end=\"207\">FIRMIN LIFT STRONG<\/strong> \u2013 tai pa\u017eangios technologijos, itin koncentruotas veido serumas, skirtas efektyviam odos stangrinimui, l\u0105steli\u0173 regeneracijai ir ilgalaikiam liftingo efektui. Serumo sud\u0117tyje esantys dipeptidai, tetrapeptidai, biotechnologi\u0161kai i\u0161gauta veiklioji med\u017eiaga <strong data-start=\"463\" data-end=\"478\">Pepha Tight<\/strong> ir vitaminas E veikia sinergi\u0161kai, kad atstatyt\u0173 l\u0105steli\u0173 tarpusavio ry\u0161\u012f, stiprint\u0173 odos strukt\u016br\u0105 ir matomai suma\u017eint\u0173 rauk\u0161les.<\/p>\n<p data-start=\"611\" data-end=\"630\"><strong data-start=\"615\" data-end=\"628\">Effect:<\/strong><\/p>\n<p class=\"\" data-start=\"631\" data-end=\"1000\">\u2022 Padidina l\u0105steli\u0173 tarpusavio sanglaud\u0105 ir komunikacij\u0105<br data-start=\"687\" data-end=\"690\" \/>\u2022 Akimirksniu suteikia stangrumo ir \u012ftempimo poj\u016bt\u012f<br data-start=\"741\" data-end=\"744\" \/>\u2022 Stimuliuoja kolageno (I, IV, VII, XVII) sintez\u0119<br data-start=\"793\" data-end=\"796\" \/>\u2022 Gerina dermos ir epidermio tank\u012f bei stor\u012f<br data-start=\"840\" data-end=\"843\" \/>\u2022 Atkuria dermoepidermin\u0119 jungt\u012f (DEJ)<br data-start=\"881\" data-end=\"884\" \/>\u2022 Matomai ma\u017eina rauk\u0161les, suteikia ilgalaik\u012f liftingo efekt\u0105<br data-start=\"945\" data-end=\"948\" \/>\u2022 Skatina odos atsinaujinim\u0105 ir jaunatvi\u0161k\u0105 i\u0161vaizd\u0105<\/p>\n<p data-start=\"1002\" data-end=\"1023\"><strong data-start=\"1006\" data-end=\"1021\">Usage:<\/strong><\/p>\n<p class=\"\" data-start=\"1024\" data-end=\"1260\">Tepkite nedidel\u012f kiek\u012f serumo ant \u0161varios, sausos veido ir kaklo odos ryte ir vakare. \u0160velniai \u012fmasa\u017euokite, kol visi\u0161kai susigers. Norint sustiprinti poveik\u012f, rekomenduojama naudoti kartu su <strong data-start=\"1216\" data-end=\"1230\">FIRMIN 30+<\/strong> arba <strong data-start=\"1236\" data-end=\"1253\">FIRMIN UP 40+<\/strong> kremu.<\/p>\n<p class=\"\" data-start=\"1632\" data-end=\"1806\"><strong data-start=\"1632\" data-end=\"1654\">FIRMIN LIFT STRONG<\/strong> \u2013 tai i\u0161skirtinis pasirinkimas, kai reikia greito, bet ilgai i\u0161liekan\u010dio stangrinan\u010dio poveikio brand\u017eiai, pavargusiai ar elastingum\u0105 praradusiai odai.<\/p>","protected":false},"excerpt":{"rendered":"<p>Liftinguojantis veido serumas intensyviam atjauninimui ir odos atstatymui.<\/p>\n<p><strong>Natinuel products can only be purchased after a consultation.<\/strong><\/p>","protected":false},"featured_media":4762,"comment_status":"open","ping_status":"closed","template":"","meta":[],"product_cat":[107],"product_tag":[],"class_list":{"0":"post-4761","1":"product","2":"type-product","3":"status-publish","4":"has-post-thumbnail","6":"product_cat-serumai","7":"pa_brands-natinuel","8":"pa_talpa-30ml-2","10":"first","11":"instock","12":"taxable","13":"shipping-taxable","14":"product-type-external"},"_links":{"self":[{"href":"https:\/\/miamedic.lt\/en\/wp-json\/wp\/v2\/product\/4761","targetHints":{"allow":["GET"]}}],"collection":[{"href":"https:\/\/miamedic.lt\/en\/wp-json\/wp\/v2\/product"}],"about":[{"href":"https:\/\/miamedic.lt\/en\/wp-json\/wp\/v2\/types\/product"}],"replies":[{"embeddable":true,"href":"https:\/\/miamedic.lt\/en\/wp-json\/wp\/v2\/comments?post=4761"}],"version-history":[{"count":1,"href":"https:\/\/miamedic.lt\/en\/wp-json\/wp\/v2\/product\/4761\/revisions"}],"predecessor-version":[{"id":4763,"href":"https:\/\/miamedic.lt\/en\/wp-json\/wp\/v2\/product\/4761\/revisions\/4763"}],"wp:featuredmedia":[{"embeddable":true,"href":"https:\/\/miamedic.lt\/en\/wp-json\/wp\/v2\/media\/4762"}],"wp:attachment":[{"href":"https:\/\/miamedic.lt\/en\/wp-json\/wp\/v2\/media?parent=4761"}],"wp:term":[{"taxonomy":"product_cat","embeddable":true,"href":"https:\/\/miamedic.lt\/en\/wp-json\/wp\/v2\/product_cat?post=4761"},{"taxonomy":"product_tag","embeddable":true,"href":"https:\/\/miamedic.lt\/en\/wp-json\/wp\/v2\/product_tag?post=4761"}],"curies":[{"name":"wp","href":"https:\/\/api.w.org\/{rel}","templated":true}]}}