{"id":4757,"date":"2025-03-26T19:45:53","date_gmt":"2025-03-26T19:45:53","guid":{"rendered":"https:\/\/miamedic.lt\/?post_type=product&#038;p=4757"},"modified":"2025-04-23T12:00:11","modified_gmt":"2025-04-23T12:00:11","slug":"defend-plus","status":"publish","type":"product","link":"https:\/\/miamedic.lt\/en\/shop\/defend-plus\/","title":{"rendered":"DEFEND PLUS"},"content":{"rendered":"<p data-start=\"67\" data-end=\"143\"><strong data-start=\"71\" data-end=\"143\">DEFEND PLUS \u2013 antioksidacinis kremas jaunatvi\u0161kai ir gyvybingai odai<\/strong><\/p>\n<p class=\"\" data-start=\"145\" data-end=\"523\"><strong data-start=\"145\" data-end=\"160\">DEFEND PLUS<\/strong> \u2013 tai kremas, sukurtas jautriai, normaliai ir sausai odai, siekiant aktyviai kovoti su sen\u0117jimo po\u017eymiais. Galingi antioksidantai kovoja su laisvaisiais radikalais \u2013 pagrindiniais prie\u0161laikinio odos sen\u0117jimo kaltininkais. \u0160i formul\u0117 padeda i\u0161laikyti l\u0105steli\u0173 funkcionalum\u0105, saugo nuo UV spinduli\u0173 poveikio ir padeda odai i\u0161likti stipriai, sveikai bei elastingai.<\/p>\n<p data-start=\"525\" data-end=\"544\"><strong data-start=\"529\" data-end=\"542\">Effect:<\/strong><\/p>\n<p class=\"\" data-start=\"545\" data-end=\"855\">\u2022 Stipri antioksidacin\u0117 apsauga nuo aplinkos veiksni\u0173 ir UV spinduli\u0173<br data-start=\"614\" data-end=\"617\" \/>\u2022 Sul\u0117tina sen\u0117jimo procesus, gerina odos atsinaujinim\u0105<br data-start=\"672\" data-end=\"675\" \/>\u2022 Skatina l\u0105steli\u0173 regeneracij\u0105 ir apsaugini\u0173 mechanizm\u0173 aktyvum\u0105<br data-start=\"740\" data-end=\"743\" \/>\u2022 Gr\u0105\u017eina odai skaistum\u0105, elastingum\u0105 ir \u0161vyt\u0117jim\u0105<br data-start=\"793\" data-end=\"796\" \/>\u2022 Puikiai tinka jautriai, dehidratuotai ar pavargusiai odai<\/p>\n<p data-start=\"1301\" data-end=\"1322\"><strong data-start=\"1305\" data-end=\"1320\">Usage:<\/strong><\/p>\n<p class=\"\" data-start=\"1323\" data-end=\"1438\">Tepkite ant \u0161varios ir sausos veido odos 1\u20132 kartus per dien\u0105. \u0160velniai \u012fmasa\u017euokite, kol kremas visi\u0161kai susigers.<\/p>\n<p class=\"\" data-start=\"1323\" data-end=\"1438\"><strong data-start=\"1459\" data-end=\"1481\">Tinka odos tipams:<\/strong> jautri, normali, sausa<\/p>\n<p class=\"\" data-start=\"1506\" data-end=\"1603\">DEFEND PLUS \u2013 i\u0161manioji apsauga ir atgaiva odai, kuri nusipelno \u0161vyt\u0117jimo ir gyvybingumo kasdien.<\/p>","protected":false},"excerpt":{"rendered":"<p>Antioksidacinis kremas jaunatvi\u0161kai ir gyvybingai odai.<\/p>\n<p><strong>Natinuel products can only be purchased after a consultation.<\/strong><\/p>","protected":false},"featured_media":4758,"comment_status":"open","ping_status":"closed","template":"","meta":[],"product_cat":[129],"product_tag":[],"class_list":{"0":"post-4757","1":"product","2":"type-product","3":"status-publish","4":"has-post-thumbnail","6":"product_cat-veido-kremai","7":"pa_brands-natinuel","8":"pa_talpa-50ml-2","10":"first","11":"instock","12":"taxable","13":"shipping-taxable","14":"product-type-external"},"_links":{"self":[{"href":"https:\/\/miamedic.lt\/en\/wp-json\/wp\/v2\/product\/4757","targetHints":{"allow":["GET"]}}],"collection":[{"href":"https:\/\/miamedic.lt\/en\/wp-json\/wp\/v2\/product"}],"about":[{"href":"https:\/\/miamedic.lt\/en\/wp-json\/wp\/v2\/types\/product"}],"replies":[{"embeddable":true,"href":"https:\/\/miamedic.lt\/en\/wp-json\/wp\/v2\/comments?post=4757"}],"version-history":[{"count":1,"href":"https:\/\/miamedic.lt\/en\/wp-json\/wp\/v2\/product\/4757\/revisions"}],"predecessor-version":[{"id":4759,"href":"https:\/\/miamedic.lt\/en\/wp-json\/wp\/v2\/product\/4757\/revisions\/4759"}],"wp:featuredmedia":[{"embeddable":true,"href":"https:\/\/miamedic.lt\/en\/wp-json\/wp\/v2\/media\/4758"}],"wp:attachment":[{"href":"https:\/\/miamedic.lt\/en\/wp-json\/wp\/v2\/media?parent=4757"}],"wp:term":[{"taxonomy":"product_cat","embeddable":true,"href":"https:\/\/miamedic.lt\/en\/wp-json\/wp\/v2\/product_cat?post=4757"},{"taxonomy":"product_tag","embeddable":true,"href":"https:\/\/miamedic.lt\/en\/wp-json\/wp\/v2\/product_tag?post=4757"}],"curies":[{"name":"wp","href":"https:\/\/api.w.org\/{rel}","templated":true}]}}