{"id":4754,"date":"2025-03-26T19:43:47","date_gmt":"2025-03-26T19:43:47","guid":{"rendered":"https:\/\/miamedic.lt\/?post_type=product&#038;p=4754"},"modified":"2025-04-23T10:45:30","modified_gmt":"2025-04-23T10:45:30","slug":"cleanser-ahas-bha-9","status":"publish","type":"product","link":"https:\/\/miamedic.lt\/en\/shop\/cleanser-ahas-bha-9\/","title":{"rendered":"CLEANSER AHA \u2013 BHA 9%"},"content":{"rendered":"<p data-start=\"83\" data-end=\"152\"><strong data-start=\"87\" data-end=\"152\">CLEANSER AHAs\u2013BHA 9% \u2013 prausiklis riebiai ir probleminei odai<\/strong><\/p>\n<p class=\"\" data-start=\"154\" data-end=\"518\"><strong data-start=\"154\" data-end=\"178\">CLEANSER AHAs\u2013BHA 9%<\/strong> \u2013 tai pa\u017eangi valomoji priemon\u0117, skirta riebios, spuoguotos ar u\u017eter\u0161tos odos kasdieniam prie\u017ei\u016bros ritualui. Amfoterin\u0117 formul\u0117, praturtinta biologi\u0161kai aktyviomis med\u017eiagomis ir kruop\u0161\u010diai parinktu <strong data-start=\"379\" data-end=\"411\">AHA ir BHA r\u016bg\u0161\u010di\u0173 kompleksu<\/strong>, efektyviai \u0161alina sebumo pertekli\u0173 ir ne\u0161varumus, nedirgindama ir nesutrikdydama nat\u016bralaus odos barjero.<\/p>\n<p data-start=\"520\" data-end=\"539\"><strong data-start=\"524\" data-end=\"537\">Effect:<\/strong><\/p>\n<p class=\"\" data-start=\"540\" data-end=\"818\">\u2022 Giliai valo poras ir pa\u0161alina riebal\u0173 pertekli\u0173<br data-start=\"589\" data-end=\"592\" \/>\u2022 Ramina u\u017edegimus ir suteikia antiseptin\u012f poveik\u012f<br data-start=\"642\" data-end=\"645\" \/>\u2022 Gerina bendr\u0105 odos b\u016bkl\u0119 ir i\u0161vaizd\u0105 jau po keli\u0173 naudojim\u0173<br data-start=\"706\" data-end=\"709\" \/>\u2022 Oda tampa \u0161vari, skaisti, \u0161velni ir gaivi<br data-start=\"752\" data-end=\"755\" \/>\u2022 Veiksmingai veikia antibakteri\u0161kai, padeda kovoti su spuogais<\/p>\n<p data-start=\"1106\" data-end=\"1127\"><strong data-start=\"1110\" data-end=\"1125\">Usage:<\/strong><\/p>\n<p class=\"\" data-start=\"1128\" data-end=\"1258\">Naudokite ryte ir vakare. Nedidel\u012f kiek\u012f u\u017etepkite ant sudr\u0117kintos odos, \u0161velniai pamasa\u017euokite ir kruop\u0161\u010diai nuplaukite vandeniu.<\/p>\n<p class=\"\" data-start=\"1260\" data-end=\"1312\"><strong data-start=\"1260\" data-end=\"1275\">Odos tipai:<\/strong> riebi, spuoguota<\/p>\n<p class=\"\" data-start=\"1260\" data-end=\"1312\"><br data-start=\"1292\" data-end=\"1295\" \/>CLEANSER AHAs\u2013BHA \u2013 tai ne tik \u0161velni, bet ir itin veiksminga kasdien\u0117 pagalba riebiai bei probleminiai odai.<\/p>","protected":false},"excerpt":{"rendered":"<p>Prausiklis riebiai ir probleminei odai.<\/p>\n<p><strong>Natinuel products can only be purchased after a consultation.<\/strong><\/p>","protected":false},"featured_media":4755,"comment_status":"open","ping_status":"closed","template":"","meta":[],"product_cat":[124],"product_tag":[],"class_list":{"0":"post-4754","1":"product","2":"type-product","3":"status-publish","4":"has-post-thumbnail","6":"product_cat-prausikliai","7":"pa_brands-natinuel","8":"pa_talpa-150ml","10":"first","11":"instock","12":"taxable","13":"shipping-taxable","14":"product-type-external"},"_links":{"self":[{"href":"https:\/\/miamedic.lt\/en\/wp-json\/wp\/v2\/product\/4754","targetHints":{"allow":["GET"]}}],"collection":[{"href":"https:\/\/miamedic.lt\/en\/wp-json\/wp\/v2\/product"}],"about":[{"href":"https:\/\/miamedic.lt\/en\/wp-json\/wp\/v2\/types\/product"}],"replies":[{"embeddable":true,"href":"https:\/\/miamedic.lt\/en\/wp-json\/wp\/v2\/comments?post=4754"}],"version-history":[{"count":3,"href":"https:\/\/miamedic.lt\/en\/wp-json\/wp\/v2\/product\/4754\/revisions"}],"predecessor-version":[{"id":6390,"href":"https:\/\/miamedic.lt\/en\/wp-json\/wp\/v2\/product\/4754\/revisions\/6390"}],"wp:featuredmedia":[{"embeddable":true,"href":"https:\/\/miamedic.lt\/en\/wp-json\/wp\/v2\/media\/4755"}],"wp:attachment":[{"href":"https:\/\/miamedic.lt\/en\/wp-json\/wp\/v2\/media?parent=4754"}],"wp:term":[{"taxonomy":"product_cat","embeddable":true,"href":"https:\/\/miamedic.lt\/en\/wp-json\/wp\/v2\/product_cat?post=4754"},{"taxonomy":"product_tag","embeddable":true,"href":"https:\/\/miamedic.lt\/en\/wp-json\/wp\/v2\/product_tag?post=4754"}],"curies":[{"name":"wp","href":"https:\/\/api.w.org\/{rel}","templated":true}]}}