{"id":4751,"date":"2025-03-26T19:37:46","date_gmt":"2025-03-26T19:37:46","guid":{"rendered":"https:\/\/miamedic.lt\/?post_type=product&#038;p=4751"},"modified":"2025-03-26T19:41:49","modified_gmt":"2025-03-26T19:41:49","slug":"body-plus-25","status":"publish","type":"product","link":"https:\/\/miamedic.lt\/en\/shop\/body-plus-25\/","title":{"rendered":"BODY PLUS 25"},"content":{"rendered":"<p data-start=\"73\" data-end=\"147\"><strong data-start=\"77\" data-end=\"147\">BODY PLUS 25 \u2013 k\u016bno emulsija su AHA r\u016bg\u0161timis ir peptid\u0173 kompleksu<\/strong><\/p>\n<p class=\"\" data-start=\"149\" data-end=\"491\"><strong data-start=\"149\" data-end=\"165\">BODY PLUS 25<\/strong> \u2013 tai modernus k\u016bno kremas, sukurtas siekiant pagerinti odos stangrum\u0105, elastingum\u0105 ir tekst\u016br\u0105. \u0160velnios, bet veiklios formul\u0117s pagrind\u0105 sudaro <strong data-start=\"311\" data-end=\"326\">AHA r\u016bg\u0161\u010di\u0173<\/strong> ir <strong data-start=\"330\" data-end=\"346\">oligopeptid\u0173<\/strong> derinys, kuris skatina fibroblast\u0173 aktyvum\u0105 bei padeda atkurti sveik\u0105 l\u0105steli\u0173 funkcionavim\u0105. Tinkamas kasdienei prie\u017ei\u016brai visiems odos tipams.<\/p>\n<p data-start=\"493\" data-end=\"512\"><strong data-start=\"497\" data-end=\"510\">Effect:<\/strong><\/p>\n<p class=\"\" data-start=\"513\" data-end=\"695\">\u2022 Stangrina ir lygina k\u016bno od\u0105<br data-start=\"543\" data-end=\"546\" \/>\u2022 Gerina odos elastingum\u0105 ir tonus\u0105<br data-start=\"581\" data-end=\"584\" \/>\u2022 U\u017etikrina ilgalaik\u012f dr\u0117kinim\u0105<br data-start=\"615\" data-end=\"618\" \/>\u2022 Skatina odos atsinaujinimo procesus<br data-start=\"655\" data-end=\"658\" \/>\u2022 Ma\u017eina nelygumus, \u0161velnina tekst\u016br\u0105<\/p>\n<p data-start=\"1052\" data-end=\"1073\"><strong data-start=\"1056\" data-end=\"1071\">Usage:<\/strong><\/p>\n<p class=\"\" data-start=\"1074\" data-end=\"1178\">Tepkite \u0161vari\u0105, saus\u0105 k\u016bno od\u0105 1\u20132 kartus per dien\u0105. \u0160velniai \u012fmasa\u017euokite, kol kremas visi\u0161kai \u012fsigers.<\/p>\n<p class=\"\" data-start=\"1221\" data-end=\"1332\">BODY PLUS 25 \u2013 tai pa\u017eangi k\u016bno prie\u017ei\u016bra, kai norisi realiai jau\u010diamo glotnumo, dr\u0117gm\u0117s ir odos atsinaujinimo.<\/p>","protected":false},"excerpt":{"rendered":"<p>Paaki\u0173 kremas \u2013 biostimuliuojanti prie\u017ei\u016bra jautriai aki\u0173 sri\u010diai.<\/p>\n<p><strong>Natinuel products can only be purchased after a consultation.<\/strong><\/p>","protected":false},"featured_media":4752,"comment_status":"open","ping_status":"closed","template":"","meta":[],"product_cat":[107,129],"product_tag":[],"class_list":{"0":"post-4751","1":"product","2":"type-product","3":"status-publish","4":"has-post-thumbnail","6":"product_cat-serumai","7":"product_cat-veido-kremai","8":"pa_brands-natinuel","9":"pa_talpa-150ml","11":"first","12":"instock","13":"taxable","14":"shipping-taxable","15":"product-type-external"},"_links":{"self":[{"href":"https:\/\/miamedic.lt\/en\/wp-json\/wp\/v2\/product\/4751","targetHints":{"allow":["GET"]}}],"collection":[{"href":"https:\/\/miamedic.lt\/en\/wp-json\/wp\/v2\/product"}],"about":[{"href":"https:\/\/miamedic.lt\/en\/wp-json\/wp\/v2\/types\/product"}],"replies":[{"embeddable":true,"href":"https:\/\/miamedic.lt\/en\/wp-json\/wp\/v2\/comments?post=4751"}],"version-history":[{"count":1,"href":"https:\/\/miamedic.lt\/en\/wp-json\/wp\/v2\/product\/4751\/revisions"}],"predecessor-version":[{"id":4753,"href":"https:\/\/miamedic.lt\/en\/wp-json\/wp\/v2\/product\/4751\/revisions\/4753"}],"wp:featuredmedia":[{"embeddable":true,"href":"https:\/\/miamedic.lt\/en\/wp-json\/wp\/v2\/media\/4752"}],"wp:attachment":[{"href":"https:\/\/miamedic.lt\/en\/wp-json\/wp\/v2\/media?parent=4751"}],"wp:term":[{"taxonomy":"product_cat","embeddable":true,"href":"https:\/\/miamedic.lt\/en\/wp-json\/wp\/v2\/product_cat?post=4751"},{"taxonomy":"product_tag","embeddable":true,"href":"https:\/\/miamedic.lt\/en\/wp-json\/wp\/v2\/product_tag?post=4751"}],"curies":[{"name":"wp","href":"https:\/\/api.w.org\/{rel}","templated":true}]}}