{"id":4745,"date":"2025-03-26T19:30:48","date_gmt":"2025-03-26T19:30:48","guid":{"rendered":"https:\/\/miamedic.lt\/?post_type=product&#038;p=4745"},"modified":"2025-03-26T19:32:48","modified_gmt":"2025-03-26T19:32:48","slug":"bio-eyes-aha-phas-6","status":"publish","type":"product","link":"https:\/\/miamedic.lt\/en\/shop\/bio-eyes-aha-phas-6\/","title":{"rendered":"BIO \u2013 EYES AHA \u2013 PHAS 6%"},"content":{"rendered":"<p data-start=\"85\" data-end=\"180\"><strong data-start=\"89\" data-end=\"180\">BIO \u2013 EYES 6% PHA\u2013AHA paaki\u0173 kremas \u2013 biostimuliuojanti prie\u017ei\u016bra jautriai aki\u0173 sri\u010diai<\/strong><\/p>\n<p class=\"\" data-start=\"182\" data-end=\"611\"><strong data-start=\"182\" data-end=\"199\">BIO \u2013 EYES 6%<\/strong> \u2013 tai \u0161velnios, ta\u010diau veiksmingos formul\u0117s paaki\u0173 kremas, skirtas jautriai ir plonai odai aplink akis. Unikalus <strong data-start=\"313\" data-end=\"360\">PHA (glukonolaktonas, laktobionin\u0117 r\u016bg\u0161tis)<\/strong> ir <strong data-start=\"364\" data-end=\"399\">AHA (obuoli\u0173, liponon\u0173 r\u016bg\u0161tys)<\/strong> derinys \u0161velniai eksfolijuoja, skatina epidermio atsinaujinim\u0105 ir suteikia akivaizd\u0173 jauninant\u012f poveik\u012f. Nat\u016bralios veikliosios med\u017eiagos kartu su hialurono r\u016bg\u0161timi intensyviai dr\u0117kina ir stiprina odos barjer\u0105.<\/p>\n<p data-start=\"613\" data-end=\"632\"><strong data-start=\"617\" data-end=\"630\">Effect:<\/strong><\/p>\n<p class=\"\" data-start=\"633\" data-end=\"950\">\u2022 Atgaivina pavargusi\u0105 ir i\u0161saus\u0117jusi\u0105 paaki\u0173 od\u0105<br data-start=\"682\" data-end=\"685\" \/>\u2022 Suteikia stangrumo, elastingumo ir \u0161vyt\u0117jimo<br data-start=\"731\" data-end=\"734\" \/>\u2022 I\u0161lygina mimikos rauk\u0161leles ir smulkias linijas<br data-start=\"783\" data-end=\"786\" \/>\u2022 Stimuliuoja jungiam\u0173j\u0173 audini\u0173 regeneracij\u0105<br data-start=\"831\" data-end=\"834\" \/>\u2022 Gerina odos dr\u0117gm\u0117s balans\u0105 i\u0161 vidaus ir i\u0161 i\u0161or\u0117s<br data-start=\"886\" data-end=\"889\" \/>\u2022 Veikia prie\u0161 biologinio ir saul\u0117s sukelto sen\u0117jimo po\u017eymius<\/p>\n<p data-start=\"952\" data-end=\"973\"><strong data-start=\"956\" data-end=\"971\">Usage:<\/strong><\/p>\n<p class=\"\" data-start=\"974\" data-end=\"1107\">Ryte ir vakare tepkite nedidel\u012f kiek\u012f kremo ant \u0161varios aki\u0173 zonos odos. \u0160velniai \u012ftap\u0161nokite ar \u012fmasa\u017euokite iki visi\u0161ko susig\u0117rimo.<\/p>\n<p class=\"\" data-start=\"1109\" data-end=\"1239\">BIO \u2013 EYES \u2013 tai veiksmingas sprendimas paakiams, kai siekiama \u0161velnaus, bet pastebimo atjauninimo ir ilgam i\u0161liekan\u010dio dr\u0117kinimo.<\/p>","protected":false},"excerpt":{"rendered":"<p>Paaki\u0173 kremas \u2013 biostimuliuojanti prie\u017ei\u016bra jautriai aki\u0173 sri\u010diai.<\/p>\n<p><strong>Natinuel products can only be purchased after a consultation.<\/strong><\/p>","protected":false},"featured_media":4746,"comment_status":"open","ping_status":"closed","template":"","meta":[],"product_cat":[83],"product_tag":[],"class_list":{"0":"post-4745","1":"product","2":"type-product","3":"status-publish","4":"has-post-thumbnail","6":"product_cat-paakiu-kremai","7":"pa_brands-natinuel","8":"pa_talpa-30ml-2","10":"first","11":"instock","12":"taxable","13":"shipping-taxable","14":"product-type-external"},"_links":{"self":[{"href":"https:\/\/miamedic.lt\/en\/wp-json\/wp\/v2\/product\/4745","targetHints":{"allow":["GET"]}}],"collection":[{"href":"https:\/\/miamedic.lt\/en\/wp-json\/wp\/v2\/product"}],"about":[{"href":"https:\/\/miamedic.lt\/en\/wp-json\/wp\/v2\/types\/product"}],"replies":[{"embeddable":true,"href":"https:\/\/miamedic.lt\/en\/wp-json\/wp\/v2\/comments?post=4745"}],"version-history":[{"count":1,"href":"https:\/\/miamedic.lt\/en\/wp-json\/wp\/v2\/product\/4745\/revisions"}],"predecessor-version":[{"id":4747,"href":"https:\/\/miamedic.lt\/en\/wp-json\/wp\/v2\/product\/4745\/revisions\/4747"}],"wp:featuredmedia":[{"embeddable":true,"href":"https:\/\/miamedic.lt\/en\/wp-json\/wp\/v2\/media\/4746"}],"wp:attachment":[{"href":"https:\/\/miamedic.lt\/en\/wp-json\/wp\/v2\/media?parent=4745"}],"wp:term":[{"taxonomy":"product_cat","embeddable":true,"href":"https:\/\/miamedic.lt\/en\/wp-json\/wp\/v2\/product_cat?post=4745"},{"taxonomy":"product_tag","embeddable":true,"href":"https:\/\/miamedic.lt\/en\/wp-json\/wp\/v2\/product_tag?post=4745"}],"curies":[{"name":"wp","href":"https:\/\/api.w.org\/{rel}","templated":true}]}}