{"id":4742,"date":"2025-03-26T19:26:57","date_gmt":"2025-03-26T19:26:57","guid":{"rendered":"https:\/\/miamedic.lt\/?post_type=product&#038;p=4742"},"modified":"2025-03-26T19:30:09","modified_gmt":"2025-03-26T19:30:09","slug":"bio-derm-ahas-16","status":"publish","type":"product","link":"https:\/\/miamedic.lt\/en\/shop\/bio-derm-ahas-16\/","title":{"rendered":"BIO \u2013 DERM AHAS 16%"},"content":{"rendered":"<p data-start=\"64\" data-end=\"136\"><strong data-start=\"68\" data-end=\"136\">BIO DERM \u2013 amfoterinis veido kremas giluminiam odos atjauninimui<\/strong><\/p>\n<p class=\"\" data-start=\"138\" data-end=\"531\"><strong data-start=\"138\" data-end=\"150\">BIO DERM<\/strong> \u2013 tai intensyvaus poveikio veido kremas, sukurtas siekiant maksimaliai sustiprinti odos strukt\u016br\u0105 ir i\u0161vaizd\u0105. Inovatyvi formul\u0117 remiasi pa\u017eangia biochemin\u0117s sintez\u0117s technologija, kuri aktyvuoja pagrindinius odos atsinaujinimo procesus \u2013 skatina kolageno, elastino, GAG ir proteoglikan\u0173 gamyb\u0105. Kremas skirtas ne tik dr\u0117kinimui, bet ir visapusi\u0161kam biologiniam odos atjauninimui.<\/p>\n<p data-start=\"533\" data-end=\"552\"><strong data-start=\"537\" data-end=\"550\">Effect:<\/strong><\/p>\n<p class=\"\" data-start=\"553\" data-end=\"862\">\u2022 Stiprina ir atkuria giliuosius odos sluoksnius<br data-start=\"601\" data-end=\"604\" \/>\u2022 Ma\u017eina vis\u0173 tip\u0173 rauk\u0161les, gerina odos tonus\u0105 ir elastingum\u0105<br data-start=\"666\" data-end=\"669\" \/>\u2022 Skatina l\u0105steli\u0173 metabolizm\u0105 ir energijos apykait\u0105<br data-start=\"721\" data-end=\"724\" \/>\u2022 Apsaugo nuo laisv\u0173j\u0173 radikal\u0173 \u017ealos<br data-start=\"761\" data-end=\"764\" \/>\u2022 Palaiko optimal\u0173 odos dr\u0117gm\u0117s balans\u0105<br data-start=\"803\" data-end=\"806\" \/>\u2022 Gerina pigmento pasiskirstym\u0105 ir odos spalvos tolygum\u0105<\/p>\n<p data-start=\"864\" data-end=\"885\"><strong data-start=\"868\" data-end=\"883\">Usage:<\/strong><\/p>\n<p class=\"\" data-start=\"886\" data-end=\"1056\">Tepkite nedidel\u012f kiek\u012f kremo ant \u0161varios, sausos veido odos. \u0160velniai \u012fmasa\u017euokite, kol visi\u0161kai \u012fsigers. Rekomenduojama naudoti 1\u20132 kartus per dien\u0105 \u2013 ryte ir\/ar vakare.<\/p>\n<p class=\"\" data-start=\"1058\" data-end=\"1152\">BIO DERM \u2013 tai sprendimas tiems, kurie ie\u0161ko giluminio, matomo ir ilgalaikio odos atnaujinimo.<\/p>","protected":false},"excerpt":{"rendered":"<p>Tai kremas tiems, kurie ie\u0161ko giluminio, matomo ir ilgalaikio odos atnaujinimo.<\/p>\n<p><strong>Natinuel products can only be purchased after a consultation.<\/strong><\/p>","protected":false},"featured_media":4743,"comment_status":"open","ping_status":"closed","template":"","meta":[],"product_cat":[129],"product_tag":[],"class_list":{"0":"post-4742","1":"product","2":"type-product","3":"status-publish","4":"has-post-thumbnail","6":"product_cat-veido-kremai","7":"pa_brands-natinuel","8":"pa_talpa-50ml-2","10":"first","11":"instock","12":"taxable","13":"shipping-taxable","14":"product-type-external"},"_links":{"self":[{"href":"https:\/\/miamedic.lt\/en\/wp-json\/wp\/v2\/product\/4742","targetHints":{"allow":["GET"]}}],"collection":[{"href":"https:\/\/miamedic.lt\/en\/wp-json\/wp\/v2\/product"}],"about":[{"href":"https:\/\/miamedic.lt\/en\/wp-json\/wp\/v2\/types\/product"}],"replies":[{"embeddable":true,"href":"https:\/\/miamedic.lt\/en\/wp-json\/wp\/v2\/comments?post=4742"}],"version-history":[{"count":1,"href":"https:\/\/miamedic.lt\/en\/wp-json\/wp\/v2\/product\/4742\/revisions"}],"predecessor-version":[{"id":4744,"href":"https:\/\/miamedic.lt\/en\/wp-json\/wp\/v2\/product\/4742\/revisions\/4744"}],"wp:featuredmedia":[{"embeddable":true,"href":"https:\/\/miamedic.lt\/en\/wp-json\/wp\/v2\/media\/4743"}],"wp:attachment":[{"href":"https:\/\/miamedic.lt\/en\/wp-json\/wp\/v2\/media?parent=4742"}],"wp:term":[{"taxonomy":"product_cat","embeddable":true,"href":"https:\/\/miamedic.lt\/en\/wp-json\/wp\/v2\/product_cat?post=4742"},{"taxonomy":"product_tag","embeddable":true,"href":"https:\/\/miamedic.lt\/en\/wp-json\/wp\/v2\/product_tag?post=4742"}],"curies":[{"name":"wp","href":"https:\/\/api.w.org\/{rel}","templated":true}]}}